{"id":105,"date":"2020-10-15T14:18:18","date_gmt":"2020-10-15T11:18:18","guid":{"rendered":"https:\/\/rk.johvi.ee\/?page_id=105"},"modified":"2025-10-27T11:40:52","modified_gmt":"2025-10-27T09:40:52","slug":"lugejaks-registreerimine","status":"publish","type":"page","link":"https:\/\/rk.johvi.ee\/?page_id=105","title":{"rendered":"Lugejaks registreerimine"},"content":{"rendered":"<p align=\"JUSTIFY\">Lugejaks registreeritakse raamatukogus kehtiva isikut t\u00f5endava dokumendi alusel.<\/p>\n<p align=\"JUSTIFY\">Esmakordsel registreerimisel t\u00e4idab lugeja registreerimiskaardi ja annab sellele allkirja isikuandmete \u00f5igsuse ning <a href=\"https:\/\/rk.johvi.ee\/?page_id=109\" target=\"_blank\" rel=\"noopener\">raamatukogu kasutamise eeskirja<\/a> tundmise kohta.<\/p>\n<p>Soovi korral v\u00e4ljastatakse lugejale tasuline lugejapilet. Lugejapilet maksab t\u00e4iskasvanutele 1,00 euro, lastele, \u00f5pilastele v\u00f5i pension\u00e4ridele &#8211; 0,60 euro. Kaotatud v\u00f5i lugeja poolt rikutud lugejapileti asendamine 1,60 euro. Maksta saab ainult sularahas.<\/p>\n<p>Lugejapiletit v\u00f5ib asendada ID-kaart.<\/p>\n<p align=\"JUSTIFY\">Eelkooliealised lapsed registreeritakse lugejaks lapsevanema v\u00f5i eestkostja n\u00f5usolekul.<\/p>\n<p><strong>REGISTREERIMINE INTERNETIS<\/strong><\/p>\n<p>Registreerida saab ka kohale tulemata lugejaportaali&nbsp;<a href=\"https:\/\/www.lugeja.ee\/\" target=\"_blank\" rel=\"noopener\">www.lugeja.ee<\/a> kaudu.<\/p>\n<p>Vajutage nupule &#8220;Logi sisse&#8221; ja valige sakk &#8220;Registreeru&#8221;. T\u00e4itke n\u00f5utavad v\u00e4ljad ning kinnitage oma isik&nbsp;kasutades<strong> ID-kaarti, Mobiil-ID-d <\/strong>v\u00f5i<strong> Smart-ID-d<\/strong>.&nbsp;<\/p>\n<p>Lapsevanema n\u00f5usoleku vorm <strong><a href=\"https:\/\/rk.johvi.ee\/wp-content\/uploads\/2025\/10\/Lapsevanema-nousolek.pdf\" target=\"_blank\" rel=\"noopener\">pdf<\/a><\/strong> ja <strong><a href=\"https:\/\/rk.johvi.ee\/wp-content\/uploads\/2025\/10\/Lapsevanema-nousolek.docx\" target=\"_blank\" rel=\"noopener\">docx<\/a><\/strong> formaadis.<\/p>\n","protected":false},"excerpt":{"rendered":"<p>Lugejaks registreeritakse raamatukogus kehtiva isikut t\u00f5endava dokumendi alusel. Esmakordsel registreerimisel t\u00e4idab lugeja registreerimiskaardi ja annab sellele allkirja isikuandmete \u00f5igsuse ning raamatukogu kasutamise eeskirja tundmise kohta. Soovi korral v\u00e4ljastatakse lugejale tasuline lugejapilet. Lugejapilet maksab t\u00e4iskasvanutele 1,00 euro, lastele, \u00f5pilastele v\u00f5i pension\u00e4ridele &#8211; 0,60 euro. Kaotatud v\u00f5i lugeja poolt rikutud lugejapileti asendamine 1,60 euro. Maksta saab ainult [&hellip;]<\/p>\n","protected":false},"author":2,"featured_media":0,"parent":0,"menu_order":0,"comment_status":"closed","ping_status":"closed","template":"","meta":{"_monsterinsights_skip_tracking":false,"_monsterinsights_sitenote_active":false,"_monsterinsights_sitenote_note":"","_monsterinsights_sitenote_category":0,"ngg_post_thumbnail":0,"footnotes":""},"class_list":["post-105","page","type-page","status-publish","hentry"],"_links":{"self":[{"href":"https:\/\/rk.johvi.ee\/index.php?rest_route=\/wp\/v2\/pages\/105","targetHints":{"allow":["GET"]}}],"collection":[{"href":"https:\/\/rk.johvi.ee\/index.php?rest_route=\/wp\/v2\/pages"}],"about":[{"href":"https:\/\/rk.johvi.ee\/index.php?rest_route=\/wp\/v2\/types\/page"}],"author":[{"embeddable":true,"href":"https:\/\/rk.johvi.ee\/index.php?rest_route=\/wp\/v2\/users\/2"}],"replies":[{"embeddable":true,"href":"https:\/\/rk.johvi.ee\/index.php?rest_route=%2Fwp%2Fv2%2Fcomments&post=105"}],"version-history":[{"count":18,"href":"https:\/\/rk.johvi.ee\/index.php?rest_route=\/wp\/v2\/pages\/105\/revisions"}],"predecessor-version":[{"id":4280,"href":"https:\/\/rk.johvi.ee\/index.php?rest_route=\/wp\/v2\/pages\/105\/revisions\/4280"}],"wp:attachment":[{"href":"https:\/\/rk.johvi.ee\/index.php?rest_route=%2Fwp%2Fv2%2Fmedia&parent=105"}],"curies":[{"name":"wp","href":"https:\/\/api.w.org\/{rel}","templated":true}]}}