{"id":107,"date":"2020-10-15T14:19:33","date_gmt":"2020-10-15T11:19:33","guid":{"rendered":"https:\/\/rk.johvi.ee\/?page_id=107"},"modified":"2024-08-06T14:17:49","modified_gmt":"2024-08-06T11:17:49","slug":"kojulaenutus","status":"publish","type":"page","link":"https:\/\/rk.johvi.ee\/?page_id=107","title":{"rendered":"Kojulaenutus"},"content":{"rendered":"<p align=\"JUSTIFY\">Teavikuid (raamatuid, ajakirju, helisalvestisi, filme) laenutatakse koju lugejapileti v\u00f5i ID kaardi alusel.<\/p>\n<p align=\"JUSTIFY\">Kuni 7-aastased lapsed saavad raamatuid laenutada ainult koos seadusliku esindajaga.<\/p>\n<p align=\"JUSTIFY\">Laenutus- ja lasteosakonnast laenutatakse teavikuid \u00fcldjuhul 21 kalendrip\u00e4evaks.<\/p>\n<p style=\"text-align: left;\" align=\"JUSTIFY\">Lugemissaalist laenutatakse teavikuid 21 kalendrip\u00e4evaks (v\u00e4lja arvatud kohalkasutuseks m\u00e4\u00e4ratud teatmeteoseid, s\u00f5naraamatuid ning v\u00e4\u00e4rtuslikke teavikuid). Perioodika viimast numbrit koju ei laenutata, jooksva aasta numbreid&nbsp; laenutatakse 8 p\u00e4evaks, varasemate aastate numbreid &#8211; 21 p\u00e4evaks.<\/p>\n<p align=\"JUSTIFY\">Lugeja soovil saab teda v\u00e4lja laenutatud teavikule j\u00e4rjekorda panna. Teaviku saabumisest teatatakse lugejale telefoni (tasuline) v\u00f5i e-posti teel (tasuta).<\/p>\n<p align=\"JUSTIFY\">Reserveeritud teavikuid hoitakse lugejale raamatukogus 3 p\u00e4eva. Kui lugeja selle aja jooksul raamatule j\u00e4rele ei tule, laenutatakse see j\u00e4rjekorras j\u00e4rgmisele soovijale.<\/p>\n<p align=\"JUSTIFY\">Loe t\u00e4psemalt&nbsp;<a href=\"https:\/\/rk.johvi.ee\/?page_id=109\" target=\"_blank\" rel=\"noopener\">raamatukogu kasutuseeskirjast.<\/a><\/p>\n","protected":false},"excerpt":{"rendered":"<p>Teavikuid (raamatuid, ajakirju, helisalvestisi, filme) laenutatakse koju lugejapileti v\u00f5i ID kaardi alusel. Kuni 7-aastased lapsed saavad raamatuid laenutada ainult koos seadusliku esindajaga. Laenutus- ja lasteosakonnast laenutatakse teavikuid \u00fcldjuhul 21 kalendrip\u00e4evaks. Lugemissaalist laenutatakse teavikuid 21 kalendrip\u00e4evaks (v\u00e4lja arvatud kohalkasutuseks m\u00e4\u00e4ratud teatmeteoseid, s\u00f5naraamatuid ning v\u00e4\u00e4rtuslikke teavikuid). Perioodika viimast numbrit koju ei laenutata, jooksva aasta numbreid&nbsp; laenutatakse 8 [&hellip;]<\/p>\n","protected":false},"author":2,"featured_media":0,"parent":0,"menu_order":0,"comment_status":"closed","ping_status":"closed","template":"","meta":{"_monsterinsights_skip_tracking":false,"_monsterinsights_sitenote_active":false,"_monsterinsights_sitenote_note":"","_monsterinsights_sitenote_category":0,"ngg_post_thumbnail":0,"footnotes":""},"class_list":["post-107","page","type-page","status-publish","hentry"],"_links":{"self":[{"href":"https:\/\/rk.johvi.ee\/index.php?rest_route=\/wp\/v2\/pages\/107","targetHints":{"allow":["GET"]}}],"collection":[{"href":"https:\/\/rk.johvi.ee\/index.php?rest_route=\/wp\/v2\/pages"}],"about":[{"href":"https:\/\/rk.johvi.ee\/index.php?rest_route=\/wp\/v2\/types\/page"}],"author":[{"embeddable":true,"href":"https:\/\/rk.johvi.ee\/index.php?rest_route=\/wp\/v2\/users\/2"}],"replies":[{"embeddable":true,"href":"https:\/\/rk.johvi.ee\/index.php?rest_route=%2Fwp%2Fv2%2Fcomments&post=107"}],"version-history":[{"count":7,"href":"https:\/\/rk.johvi.ee\/index.php?rest_route=\/wp\/v2\/pages\/107\/revisions"}],"predecessor-version":[{"id":3248,"href":"https:\/\/rk.johvi.ee\/index.php?rest_route=\/wp\/v2\/pages\/107\/revisions\/3248"}],"wp:attachment":[{"href":"https:\/\/rk.johvi.ee\/index.php?rest_route=%2Fwp%2Fv2%2Fmedia&parent=107"}],"curies":[{"name":"wp","href":"https:\/\/api.w.org\/{rel}","templated":true}]}}