{"id":1089,"date":"2022-03-24T11:04:05","date_gmt":"2022-03-24T09:04:05","guid":{"rendered":"https:\/\/rk.johvi.ee\/?page_id=1089"},"modified":"2022-03-24T11:04:05","modified_gmt":"2022-03-24T09:04:05","slug":"raamatukapp","status":"publish","type":"page","link":"https:\/\/rk.johvi.ee\/?page_id=1089","title":{"rendered":"Raamatukapp"},"content":{"rendered":"<p><strong>Raamatute tellimine raamatukappi<\/strong><\/p>\n<p>Raamatukappi tellitud raamatud on k\u00e4ttesaadavad \u00f6\u00f6p\u00e4evaringselt.<br \/>\nRaamatukapp asub peauksest vasakul \u00fcmber nurga.<br \/>\nRaamatuid saavad tellida ainult J\u00f5hvi Keskraamatukogu lugejaks registreerunud kasutajad.<\/p>\n<p>Teavikute raamatukappi tellimiseks v\u00f5ite kasutada:<\/p>\n<p>* Iseteenindust, reserveerides raamatud lugejaportaalis URRAM (<a href=\"https:\/\/www.lugeja.ee\/\">www.lugeja.ee<\/a>&nbsp;sisse logides ja valides reserveerimise kappi).<br \/>\n* E-kirja aadressil&nbsp;laenutus(at)rk.johvi.ee, laste(at)rk.johvi.ee&nbsp;ja lisades raamatukapi soovi.<br \/>\n* Helistades telefonil laenutusosakonnas 337 0444, lastet\u00f6\u00f6 osakonnas 337 0536, reserveerides raamatud ja soovides saada need k\u00e4tte raamatukapist.&nbsp;<\/p>\n<p>Raamatud ootavad Teid raamatukapis, kui Teile saabub SMS v\u00f5i e-kiri uksekoodi ning t\u00e4htajaga.<br \/>\nSisestage kapil olevale paneelile teile saadetud uksekood, v\u00f5tke kapist raamatud ning sulgege uks.<br \/>\nT\u00e4htaeg algab ajast, kui raamatud pannakse raamatukappi. Tagastust\u00e4htaja sedel on raamatu vahel.<\/p>\n<p>Tellitud raamatuid hoitakse kapis kolm p\u00e4eva. T\u00e4htaja m\u00f6\u00f6dudes tellimus t\u00fchistatakse.<\/p>\n<p>V\u00e4ljaspool raamatukogu t\u00f6\u00f6aegu saabunud tellimused j\u00f5uavad raamatukappi esimesel tellimusele j\u00e4rgnenud t\u00f6\u00f6p\u00e4eval.<\/p>\n<p>Tagastada saate raamatuid teenindusletti v\u00f5i tagastuskasti.<\/p>\n","protected":false},"excerpt":{"rendered":"<p>Raamatute tellimine raamatukappi Raamatukappi tellitud raamatud on k\u00e4ttesaadavad \u00f6\u00f6p\u00e4evaringselt. Raamatukapp asub peauksest vasakul \u00fcmber nurga. Raamatuid saavad tellida ainult J\u00f5hvi Keskraamatukogu lugejaks registreerunud kasutajad. Teavikute raamatukappi tellimiseks v\u00f5ite kasutada: * Iseteenindust, reserveerides raamatud lugejaportaalis URRAM (www.lugeja.ee&nbsp;sisse logides ja valides reserveerimise kappi). * E-kirja aadressil&nbsp;laenutus(at)rk.johvi.ee, laste(at)rk.johvi.ee&nbsp;ja lisades raamatukapi soovi. * Helistades telefonil laenutusosakonnas 337 0444, lastet\u00f6\u00f6 [&hellip;]<\/p>\n","protected":false},"author":5,"featured_media":0,"parent":0,"menu_order":0,"comment_status":"closed","ping_status":"closed","template":"","meta":{"_monsterinsights_skip_tracking":false,"_monsterinsights_sitenote_active":false,"_monsterinsights_sitenote_note":"","_monsterinsights_sitenote_category":0,"ngg_post_thumbnail":0,"footnotes":""},"class_list":["post-1089","page","type-page","status-publish","hentry"],"_links":{"self":[{"href":"https:\/\/rk.johvi.ee\/index.php?rest_route=\/wp\/v2\/pages\/1089","targetHints":{"allow":["GET"]}}],"collection":[{"href":"https:\/\/rk.johvi.ee\/index.php?rest_route=\/wp\/v2\/pages"}],"about":[{"href":"https:\/\/rk.johvi.ee\/index.php?rest_route=\/wp\/v2\/types\/page"}],"author":[{"embeddable":true,"href":"https:\/\/rk.johvi.ee\/index.php?rest_route=\/wp\/v2\/users\/5"}],"replies":[{"embeddable":true,"href":"https:\/\/rk.johvi.ee\/index.php?rest_route=%2Fwp%2Fv2%2Fcomments&post=1089"}],"version-history":[{"count":1,"href":"https:\/\/rk.johvi.ee\/index.php?rest_route=\/wp\/v2\/pages\/1089\/revisions"}],"predecessor-version":[{"id":1090,"href":"https:\/\/rk.johvi.ee\/index.php?rest_route=\/wp\/v2\/pages\/1089\/revisions\/1090"}],"wp:attachment":[{"href":"https:\/\/rk.johvi.ee\/index.php?rest_route=%2Fwp%2Fv2%2Fmedia&parent=1089"}],"curies":[{"name":"wp","href":"https:\/\/api.w.org\/{rel}","templated":true}]}}