{"id":118,"date":"2020-10-15T14:43:07","date_gmt":"2020-10-15T11:43:07","guid":{"rendered":"https:\/\/rk.johvi.ee\/?page_id=118"},"modified":"2026-03-26T12:48:33","modified_gmt":"2026-03-26T10:48:33","slug":"pikendamine-ja-viivised","status":"publish","type":"page","link":"https:\/\/rk.johvi.ee\/?page_id=118","title":{"rendered":"Pikendamine ja viivised"},"content":{"rendered":"<p>Tagastamist\u00e4htaega saab pikendada, kui teaviku laenutamiseks ei ole teised lugejad soovi avaldanud.<\/p>\n<p>Pikendada saab:<\/p>\n<p>* telefoni teel 337 0444<\/p>\n<p class=\"_mce_tagged_br\">* e-posti teel aadressil laenutus(at)rk.johvi.ee<\/p>\n<p class=\"_mce_tagged_br\">* lugejaportaali URRAM&nbsp;<a href=\"http:\/\/www.lugeja.ee\/\" target=\"_blank\" rel=\"noopener noreferrer\">www.lugeja.ee<\/a>&nbsp;kaudu sisse logides saab lugeja ise pikendada 3 korda juhul, kui v\u00f5lap\u00e4evi ei ole rohkem kui 7<\/p>\n<p align=\"JUSTIFY\">T\u00e4htajaks tagastamata teavikute tagastust\u00e4htaega ei pikendata ja raamatukogu v\u00f5ib lugejalt n\u00f5uda viivitatud aja eest tasu. Maksta saab sularahas ja viipemaksega. Enne viivise tasumist uusi teavikuid ei laenutata.<\/p>\n<p align=\"JUSTIFY\"><strong>Iga kuu esimesel t\u00f6\u00f6p\u00e4eval on raamatute tagastamine viivisevaba.<\/strong><\/p>\n","protected":false},"excerpt":{"rendered":"<p>Tagastamist\u00e4htaega saab pikendada, kui teaviku laenutamiseks ei ole teised lugejad soovi avaldanud. Pikendada saab: * telefoni teel 337 0444 * e-posti teel aadressil laenutus(at)rk.johvi.ee * lugejaportaali URRAM&nbsp;www.lugeja.ee&nbsp;kaudu sisse logides saab lugeja ise pikendada 3 korda juhul, kui v\u00f5lap\u00e4evi ei ole rohkem kui 7 T\u00e4htajaks tagastamata teavikute tagastust\u00e4htaega ei pikendata ja raamatukogu v\u00f5ib lugejalt n\u00f5uda viivitatud [&hellip;]<\/p>\n","protected":false},"author":2,"featured_media":0,"parent":0,"menu_order":0,"comment_status":"closed","ping_status":"closed","template":"","meta":{"_monsterinsights_skip_tracking":false,"_monsterinsights_sitenote_active":false,"_monsterinsights_sitenote_note":"","_monsterinsights_sitenote_category":0,"ngg_post_thumbnail":0,"footnotes":""},"class_list":["post-118","page","type-page","status-publish","hentry"],"_links":{"self":[{"href":"https:\/\/rk.johvi.ee\/index.php?rest_route=\/wp\/v2\/pages\/118","targetHints":{"allow":["GET"]}}],"collection":[{"href":"https:\/\/rk.johvi.ee\/index.php?rest_route=\/wp\/v2\/pages"}],"about":[{"href":"https:\/\/rk.johvi.ee\/index.php?rest_route=\/wp\/v2\/types\/page"}],"author":[{"embeddable":true,"href":"https:\/\/rk.johvi.ee\/index.php?rest_route=\/wp\/v2\/users\/2"}],"replies":[{"embeddable":true,"href":"https:\/\/rk.johvi.ee\/index.php?rest_route=%2Fwp%2Fv2%2Fcomments&post=118"}],"version-history":[{"count":4,"href":"https:\/\/rk.johvi.ee\/index.php?rest_route=\/wp\/v2\/pages\/118\/revisions"}],"predecessor-version":[{"id":4562,"href":"https:\/\/rk.johvi.ee\/index.php?rest_route=\/wp\/v2\/pages\/118\/revisions\/4562"}],"wp:attachment":[{"href":"https:\/\/rk.johvi.ee\/index.php?rest_route=%2Fwp%2Fv2%2Fmedia&parent=118"}],"curies":[{"name":"wp","href":"https:\/\/api.w.org\/{rel}","templated":true}]}}