{"id":124,"date":"2020-10-15T14:49:54","date_gmt":"2020-10-15T11:49:54","guid":{"rendered":"https:\/\/rk.johvi.ee\/?page_id=124"},"modified":"2020-10-15T14:49:54","modified_gmt":"2020-10-15T11:49:54","slug":"koduteenindus","status":"publish","type":"page","link":"https:\/\/rk.johvi.ee\/?page_id=124","title":{"rendered":"Koduteenindus"},"content":{"rendered":"<p>Pakume eakatele ja liikumisraskustega J\u00f5hvi valla inimestele v\u00f5imalust tellida endale raamatukogust raamatuid ja ajakirju.<br \/>\nRaamatukoguhoidja toob \u00fcks kord kuus lugejale soovitud teavikud koju ja viib hiljem raamatukokku tagasi.<\/p>\n<p><strong>Teenus on tasuta.<\/strong><\/p>\n<p>Oma soovidega v\u00f5ib julgesti raamatukogu poole p\u00f6\u00f6rduda, aitame ka kirjanduse valikul.<\/p>\n<p>Info telefonil 337 0444 v\u00f5i laenutus(at)rk.johvi.ee<\/p>\n","protected":false},"excerpt":{"rendered":"<p>Pakume eakatele ja liikumisraskustega J\u00f5hvi valla inimestele v\u00f5imalust tellida endale raamatukogust raamatuid ja ajakirju. Raamatukoguhoidja toob \u00fcks kord kuus lugejale soovitud teavikud koju ja viib hiljem raamatukokku tagasi. Teenus on tasuta. Oma soovidega v\u00f5ib julgesti raamatukogu poole p\u00f6\u00f6rduda, aitame ka kirjanduse valikul. Info telefonil 337 0444 v\u00f5i laenutus(at)rk.johvi.ee<\/p>\n","protected":false},"author":2,"featured_media":0,"parent":0,"menu_order":0,"comment_status":"closed","ping_status":"closed","template":"","meta":{"_monsterinsights_skip_tracking":false,"_monsterinsights_sitenote_active":false,"_monsterinsights_sitenote_note":"","_monsterinsights_sitenote_category":0,"ngg_post_thumbnail":0,"footnotes":""},"class_list":["post-124","page","type-page","status-publish","hentry"],"_links":{"self":[{"href":"https:\/\/rk.johvi.ee\/index.php?rest_route=\/wp\/v2\/pages\/124","targetHints":{"allow":["GET"]}}],"collection":[{"href":"https:\/\/rk.johvi.ee\/index.php?rest_route=\/wp\/v2\/pages"}],"about":[{"href":"https:\/\/rk.johvi.ee\/index.php?rest_route=\/wp\/v2\/types\/page"}],"author":[{"embeddable":true,"href":"https:\/\/rk.johvi.ee\/index.php?rest_route=\/wp\/v2\/users\/2"}],"replies":[{"embeddable":true,"href":"https:\/\/rk.johvi.ee\/index.php?rest_route=%2Fwp%2Fv2%2Fcomments&post=124"}],"version-history":[{"count":1,"href":"https:\/\/rk.johvi.ee\/index.php?rest_route=\/wp\/v2\/pages\/124\/revisions"}],"predecessor-version":[{"id":125,"href":"https:\/\/rk.johvi.ee\/index.php?rest_route=\/wp\/v2\/pages\/124\/revisions\/125"}],"wp:attachment":[{"href":"https:\/\/rk.johvi.ee\/index.php?rest_route=%2Fwp%2Fv2%2Fmedia&parent=124"}],"curies":[{"name":"wp","href":"https:\/\/api.w.org\/{rel}","templated":true}]}}