{"id":126,"date":"2020-10-15T14:52:24","date_gmt":"2020-10-15T11:52:24","guid":{"rendered":"https:\/\/rk.johvi.ee\/?page_id=126"},"modified":"2024-04-16T12:29:29","modified_gmt":"2024-04-16T09:29:29","slug":"aip-i-kasutamise-eeskiri","status":"publish","type":"page","link":"https:\/\/rk.johvi.ee\/?page_id=126","title":{"rendered":"Arvutit\u00f6\u00f6kohtade kasutamise eeskiri"},"content":{"rendered":"<p>Kinnitatud J\u00f5hvi Keskraamatukogu direktori k\u00e4skkirjaga nr 2\/1-2 15.04.2024<strong>&nbsp;<\/strong><\/p>\n<p><strong>J\u00f5hvi Keskraamatukogu arvutit\u00f6\u00f6kohtade kasutamise eeskiri<\/strong><br \/>\nK\u00e4esolev eeskiri reguleerib J\u00f5hvi Keskraamatukogus arvutit\u00f6\u00f6kohtade&nbsp; ja traadita andmesidev\u00f5rgu (edaspidi <em>WiFi<\/em>) kasutamist raamatukogu lugejate ja k\u00fclastajate (edaspidi <em>kasutaja<\/em>) poolt.<\/p>\n<p><strong>1.<\/strong> <strong>\u00dclds\u00e4tted<\/strong><br \/>\n1.1 WiFi ja arvutite kasutamine on kasutajatele tasuta.<br \/>\n1.2 Raamatukogu WiFi v\u00f5rk on avalik, mille turvalisust raamatukogu ei taga.<br \/>\n1.3 Eeldame, et arvuti kasutajal on piisavad oskused arvutiga t\u00f6\u00f6tamiseks.<\/p>\n<p><strong>2.<\/strong> <strong>Arvutit\u00f6\u00f6kohad ja nende kasutamise tingimused<\/strong><br \/>\n2.1 Arvutit\u00f6\u00f6koha kasutamiseks, v\u00e4lja arvatud arvutid 1 ja 2, esitab kasutaja ID-kaardi, lugejapileti v\u00f5i muu fotoga isikut t\u00f5endava dokumendi ja annab allkirja registreerimislehele.<br \/>\n2.2 Lapsevanemad, kes soovivad oma lapse arvutikasutust piirata, esitavad raamatukogule avalduse, mille vorm on k\u00e4ttesaadav raamatukogus kohapeal ja raamatukogu kodulehel (<a href=\"https:\/\/rk.johvi.ee\/wp-content\/uploads\/2020\/10\/avaldus_arvutiaja_piiramiseks.pdf\" target=\"_blank\" rel=\"noopener\">Avaldus arvutiaja piiramiseks<\/a>).<br \/>\n2.3 Arvutit\u00f6\u00f6kohad 1 ja 2 on l\u00fchiajaliseks, reeglina kuni 15 minutit, kasutamiseks.<br \/>\n2.4 Arvutit\u00f6\u00f6kohtade 3, 4 ja 5 ning lastet\u00f6\u00f6 osakonna arvutit\u00f6\u00f6kohtade 6 ja 7 j\u00e4rjestikune kasutusaeg on kaks (2) tundi, mida on v\u00f5imalik pikendada, kuni ei ole teisi soovijaid.<br \/>\n2.5 Arvuti kasutamise aja saab reserveerida telefoni v\u00f5i e-kirja teel, samuti vahetult raamatukogus. \u00dcle 15-minutilise hilinemise korral reserveering t\u00fchistatakse.<br \/>\n2.6 Internetis sooritatud toimingute tagaj\u00e4rgede eest vastutab kasutaja.<br \/>\n2.7 Raamatukogu ei s\u00e4ilita kasutaja poolt salvestatud faile.<br \/>\n2.8 Eeskirja rikkumise korral kaotab kasutaja arvuti kasutamise \u00f5iguse kaheks (2) n\u00e4dalaks kuni kuueks (6) kuuks, korduva rikkumise korral m\u00e4\u00e4ramata ajaks.<\/p>\n<p><strong>3. Kasutaja kohustused<\/strong><br \/>\n3.1 Hoidub kahjustamast riist- v\u00f5i tarkvara.<br \/>\n3.2 Ei installeeri mingit tarkvara.<br \/>\n3.3 Ei muuda arvuti h\u00e4\u00e4lestust.<br \/>\n3.4 J\u00e4tab kasutamist l\u00f5petades arvuti sissel\u00fclitatuks.<br \/>\n3.5 Ei k\u00fclasta tasulisi veebilehek\u00fclgi.<br \/>\n3.6 Kasutab arvutit k\u00f5rvaklappidega v\u00f5i ilma helita.<br \/>\n3.7 J\u00e4tab suuremahulised failid \u00fcles laadimata.<br \/>\n3.8 Ei s\u00f6\u00f6 ega joo arvuti l\u00e4heduses.<br \/>\n3.9 Hoidub v\u00e4givalda v\u00f5i julmust propageerivate ning pornograafilise sisuga veebilehek\u00fclgede avamisest.<br \/>\n3.10 Teatab koheselt raamatukogu t\u00f6\u00f6tajale arvutis v\u00f5i programmis ilmnenud riketest.<br \/>\n3.11 H\u00fcvitab tema hooletuse, raske hooletuse v\u00f5i tahtluse tagaj\u00e4rjel tekkinud kahju.<br \/>\n3.12 Allub raamatukogu t\u00f6\u00f6taja \u00f5igustatud korraldustele.<br \/>\n3.13 Enne tasuliste teenuste (printimine) kasutamist teavitab raamatukogu t\u00f6\u00f6tajat.<\/p>\n<p><strong>4. L\u00f5pps\u00e4tted<\/strong><br \/>\n4.1 Eeskiri avalikustatakse raamatukogu kodulehel peale direktori k\u00e4skkirjaga kinnitamist.<\/p>\n","protected":false},"excerpt":{"rendered":"<p>Kinnitatud J\u00f5hvi Keskraamatukogu direktori k\u00e4skkirjaga nr 2\/1-2 15.04.2024&nbsp; J\u00f5hvi Keskraamatukogu arvutit\u00f6\u00f6kohtade kasutamise eeskiri K\u00e4esolev eeskiri reguleerib J\u00f5hvi Keskraamatukogus arvutit\u00f6\u00f6kohtade&nbsp; ja traadita andmesidev\u00f5rgu (edaspidi WiFi) kasutamist raamatukogu lugejate ja k\u00fclastajate (edaspidi kasutaja) poolt. 1. \u00dclds\u00e4tted 1.1 WiFi ja arvutite kasutamine on kasutajatele tasuta. 1.2 Raamatukogu WiFi v\u00f5rk on avalik, mille turvalisust raamatukogu ei taga. 1.3 Eeldame, [&hellip;]<\/p>\n","protected":false},"author":2,"featured_media":0,"parent":0,"menu_order":0,"comment_status":"closed","ping_status":"closed","template":"","meta":{"_monsterinsights_skip_tracking":false,"_monsterinsights_sitenote_active":false,"_monsterinsights_sitenote_note":"","_monsterinsights_sitenote_category":0,"ngg_post_thumbnail":0,"footnotes":""},"class_list":["post-126","page","type-page","status-publish","hentry"],"_links":{"self":[{"href":"https:\/\/rk.johvi.ee\/index.php?rest_route=\/wp\/v2\/pages\/126","targetHints":{"allow":["GET"]}}],"collection":[{"href":"https:\/\/rk.johvi.ee\/index.php?rest_route=\/wp\/v2\/pages"}],"about":[{"href":"https:\/\/rk.johvi.ee\/index.php?rest_route=\/wp\/v2\/types\/page"}],"author":[{"embeddable":true,"href":"https:\/\/rk.johvi.ee\/index.php?rest_route=\/wp\/v2\/users\/2"}],"replies":[{"embeddable":true,"href":"https:\/\/rk.johvi.ee\/index.php?rest_route=%2Fwp%2Fv2%2Fcomments&post=126"}],"version-history":[{"count":9,"href":"https:\/\/rk.johvi.ee\/index.php?rest_route=\/wp\/v2\/pages\/126\/revisions"}],"predecessor-version":[{"id":3080,"href":"https:\/\/rk.johvi.ee\/index.php?rest_route=\/wp\/v2\/pages\/126\/revisions\/3080"}],"wp:attachment":[{"href":"https:\/\/rk.johvi.ee\/index.php?rest_route=%2Fwp%2Fv2%2Fmedia&parent=126"}],"curies":[{"name":"wp","href":"https:\/\/api.w.org\/{rel}","templated":true}]}}