{"id":128,"date":"2020-10-15T14:54:29","date_gmt":"2020-10-15T11:54:29","guid":{"rendered":"https:\/\/rk.johvi.ee\/?page_id=128"},"modified":"2026-01-06T14:28:06","modified_gmt":"2026-01-06T12:28:06","slug":"avalik-internetipunkt","status":"publish","type":"page","link":"https:\/\/rk.johvi.ee\/?page_id=128","title":{"rendered":"Avalik internetipunkt"},"content":{"rendered":"<p align=\"JUSTIFY\">Internetiteenuse pakkumiseks on raamatukogus:<\/p>\n<p align=\"JUSTIFY\">*&nbsp;<strong>Avalik internetipunkt&nbsp;<\/strong>(AIP) 7 interneti\u00fchendusega arvutit \u2013 5 lugemissaalis ja 2 lasteosakonnas.<\/p>\n<p align=\"JUSTIFY\">Interneti kasutamiseks peab kaasas olemas kas raamatukogu lugejapilet v\u00f5i ID-kaart. Maksimaalne kasutusaeg \u00fchele kasutajale on p\u00e4evas 2 tundi.<\/p>\n<p align=\"JUSTIFY\">Internetipunktis on v\u00f5imalik teha v\u00e4ljatr\u00fckke, paljundada ja skaneerida. Tasumine vastavalt&nbsp;<a href=\"https:\/\/rk.johvi.ee\/?page_id=130\" target=\"_blank\" rel=\"noopener\">hinnakirjale.<\/a><\/p>\n<p align=\"JUSTIFY\">*&nbsp;<strong>tasuta<\/strong>&nbsp;<strong>WiFi leviala<\/strong>&nbsp;lugemissaalis.<\/p>\n<p align=\"JUSTIFY\">Loe t\u00e4psemalt&nbsp;<a href=\"https:\/\/rk.johvi.ee\/?page_id=126\" target=\"_blank\" rel=\"noopener\">AIP-i kasutuseeskirjast.<\/a><\/p>\n","protected":false},"excerpt":{"rendered":"<p>Internetiteenuse pakkumiseks on raamatukogus: *&nbsp;Avalik internetipunkt&nbsp;(AIP) 7 interneti\u00fchendusega arvutit \u2013 5 lugemissaalis ja 2 lasteosakonnas. Interneti kasutamiseks peab kaasas olemas kas raamatukogu lugejapilet v\u00f5i ID-kaart. Maksimaalne kasutusaeg \u00fchele kasutajale on p\u00e4evas 2 tundi. Internetipunktis on v\u00f5imalik teha v\u00e4ljatr\u00fckke, paljundada ja skaneerida. Tasumine vastavalt&nbsp;hinnakirjale. *&nbsp;tasuta&nbsp;WiFi leviala&nbsp;lugemissaalis. Loe t\u00e4psemalt&nbsp;AIP-i kasutuseeskirjast.<\/p>\n","protected":false},"author":2,"featured_media":0,"parent":0,"menu_order":0,"comment_status":"closed","ping_status":"closed","template":"","meta":{"_monsterinsights_skip_tracking":false,"_monsterinsights_sitenote_active":false,"_monsterinsights_sitenote_note":"","_monsterinsights_sitenote_category":0,"ngg_post_thumbnail":0,"footnotes":""},"class_list":["post-128","page","type-page","status-publish","hentry"],"_links":{"self":[{"href":"https:\/\/rk.johvi.ee\/index.php?rest_route=\/wp\/v2\/pages\/128","targetHints":{"allow":["GET"]}}],"collection":[{"href":"https:\/\/rk.johvi.ee\/index.php?rest_route=\/wp\/v2\/pages"}],"about":[{"href":"https:\/\/rk.johvi.ee\/index.php?rest_route=\/wp\/v2\/types\/page"}],"author":[{"embeddable":true,"href":"https:\/\/rk.johvi.ee\/index.php?rest_route=\/wp\/v2\/users\/2"}],"replies":[{"embeddable":true,"href":"https:\/\/rk.johvi.ee\/index.php?rest_route=%2Fwp%2Fv2%2Fcomments&post=128"}],"version-history":[{"count":6,"href":"https:\/\/rk.johvi.ee\/index.php?rest_route=\/wp\/v2\/pages\/128\/revisions"}],"predecessor-version":[{"id":4383,"href":"https:\/\/rk.johvi.ee\/index.php?rest_route=\/wp\/v2\/pages\/128\/revisions\/4383"}],"wp:attachment":[{"href":"https:\/\/rk.johvi.ee\/index.php?rest_route=%2Fwp%2Fv2%2Fmedia&parent=128"}],"curies":[{"name":"wp","href":"https:\/\/api.w.org\/{rel}","templated":true}]}}