{"id":1313,"date":"2022-05-03T09:51:22","date_gmt":"2022-05-03T06:51:22","guid":{"rendered":"https:\/\/rk.johvi.ee\/?page_id=1313"},"modified":"2022-05-19T14:43:54","modified_gmt":"2022-05-19T11:43:54","slug":"ajajoon","status":"publish","type":"page","link":"https:\/\/rk.johvi.ee\/?page_id=1313","title":{"rendered":"Ajajoon"},"content":{"rendered":"\t\t<div data-elementor-type=\"wp-page\" data-elementor-id=\"1313\" class=\"elementor elementor-1313\">\n\t\t\t\t\t\t<section class=\"elementor-section elementor-top-section elementor-element elementor-element-2e8b798 elementor-section-boxed elementor-section-height-default elementor-section-height-default\" data-id=\"2e8b798\" data-element_type=\"section\">\n\t\t\t\t\t\t<div class=\"elementor-container elementor-column-gap-default\">\n\t\t\t\t\t<div class=\"elementor-column elementor-col-100 elementor-top-column elementor-element elementor-element-441987a\" data-id=\"441987a\" data-element_type=\"column\">\n\t\t\t<div class=\"elementor-widget-wrap elementor-element-populated\">\n\t\t\t\t\t\t<div class=\"elementor-element elementor-element-49f9124 elementor-widget elementor-widget-be-timeline\" data-id=\"49f9124\" data-element_type=\"widget\" data-widget_type=\"be-timeline.default\">\n\t\t\t\t<div class=\"elementor-widget-container\">\n\t\t\t\t\t<ul class=\"be-pack timeline \"><li class=\"timeline-inverted\"> \n\t\t\t<div class=\"tl-circ\"><\/div>\n\t\t <div class=\"timeline-panel\">\n\t\t   <div class=\"tl-heading\">\n\t\t\t <div class=\"tl-content\">\n\n\t\t\t    \n\t\t\t\t\t\t\n\t\t\t\t\t\t<div class=\"be-desc\">\n\t\t\t\t\t\t\t<h2 class=\"be-title\">1897<\/h2>\t\t\t\t\t\t\t<div class=\"be-content\"><p>Karskusselts \u201cKiir\u201d asutas J\u00f5hvis raamatukogu. Seltsi ruumid asusid Klettenbergi majas<\/p><p><a class=\"ngg-simplelightbox\" title=\" \" href=\"https:\/\/rk.johvi.ee\/wp-content\/gallery\/ajajoon\/1897.jpg\" rel=\"\" data-image-id=\"8\" data-src=\"https:\/\/rk.johvi.ee\/wp-content\/gallery\/ajajoon\/1897.jpg\" data-thumbnail=\"https:\/\/rk.johvi.ee\/wp-content\/gallery\/ajajoon\/thumbs\/thumbs_1897.jpg\" data-title=\"1897\" data-description=\" \"><img fetchpriority=\"high\" decoding=\"async\" class=\"ngg-singlepic ngg-none\" src=\"https:\/\/rk.johvi.ee\/wp-content\/gallery\/ajajoon\/thumbs\/thumbs_1897.jpg\" alt=\"1897\" width=\"320\" height=\"212\" \/><\/a><\/p><\/div>\t\t\t\t\t\t<\/div>\n\n\t\t\t\t\t\n\t\t\t\t<\/div>\n\n\t\t\t<\/div>\n\t\t<\/div>\n\t\t\t<\/li>\n\t\t\t<li class=\"timeline-right\"> \n\t\t\t<div class=\"tl-circ\"><\/div>\n\t\t <div class=\"timeline-panel\">\n\t\t   <div class=\"tl-heading\">\n\t\t\t <div class=\"tl-content\">\n\n\t\t\t    \n\t\t\t\t\t\t\n\t\t\t\t\t\t<div class=\"be-desc\">\n\t\t\t\t\t\t\t<h2 class=\"be-title\">1906<\/h2>\t\t\t\t\t\t\t<div class=\"be-content\"><p>Asutati J\u00f5hvis Haridusseltsi raamatukogu<\/p><\/div>\t\t\t\t\t\t<\/div>\n\n\t\t\t\t\t\n\t\t\t\t<\/div>\n\n\t\t\t<\/div>\n\t\t<\/div>\n\t\t\t<\/li>\n\t\t\t<li class=\"timeline-inverted\"> \n\t\t\t<div class=\"tl-circ\"><\/div>\n\t\t <div class=\"timeline-panel\">\n\t\t   <div class=\"tl-heading\">\n\t\t\t <div class=\"tl-content\">\n\n\t\t\t    \n\t\t\t\t\t\t\n\t\t\t\t\t\t<div class=\"be-desc\">\n\t\t\t\t\t\t\t<h2 class=\"be-title\">1913<\/h2>\t\t\t\t\t\t\t<div class=\"be-content\"><p>\u00dchendati karskusseltsi \u201cKiir\u201d ja Haridusseltsi raamatukogu. Samal aastal l\u00f5petati m\u00f5lema seltsi tegevus. Varad anti \u00fcle Vaivara Karskusseltsile \u201eK\u00fclvaja\u201c<\/p><\/div>\t\t\t\t\t\t<\/div>\n\n\t\t\t\t\t\n\t\t\t\t<\/div>\n\n\t\t\t<\/div>\n\t\t<\/div>\n\t\t\t<\/li>\n\t\t\t<li class=\"timeline-right\"> \n\t\t\t<div class=\"tl-circ\"><\/div>\n\t\t <div class=\"timeline-panel\">\n\t\t   <div class=\"tl-heading\">\n\t\t\t <div class=\"tl-content\">\n\n\t\t\t    \n\t\t\t\t\t\t\n\t\t\t\t\t\t<div class=\"be-desc\">\n\t\t\t\t\t\t\t<h2 class=\"be-title\">1913-1922<\/h2>\t\t\t\t\t\t\t<div class=\"be-content\"><p>Raamatukogu J\u00f5hvis puudub<\/p><\/div>\t\t\t\t\t\t<\/div>\n\n\t\t\t\t\t\n\t\t\t\t<\/div>\n\n\t\t\t<\/div>\n\t\t<\/div>\n\t\t\t<\/li>\n\t\t\t<li class=\"timeline-inverted\"> \n\t\t\t<div class=\"tl-circ\"><\/div>\n\t\t <div class=\"timeline-panel\">\n\t\t   <div class=\"tl-heading\">\n\t\t\t <div class=\"tl-content\">\n\n\t\t\t    \n\t\t\t\t\t\t\n\t\t\t\t\t\t<div class=\"be-desc\">\n\t\t\t\t\t\t\t<h2 class=\"be-title\">1918<\/h2>\t\t\t\t\t\t\t<div class=\"be-content\"><p>24. veebruar loodi Eesti Vabariik<\/p><\/div>\t\t\t\t\t\t<\/div>\n\n\t\t\t\t\t\n\t\t\t\t<\/div>\n\n\t\t\t<\/div>\n\t\t<\/div>\n\t\t\t<\/li>\n\t\t\t<li class=\"timeline-right\"> \n\t\t\t<div class=\"tl-circ\"><\/div>\n\t\t <div class=\"timeline-panel\">\n\t\t   <div class=\"tl-heading\">\n\t\t\t <div class=\"tl-content\">\n\n\t\t\t    \n\t\t\t\t\t\t\n\t\t\t\t\t\t<div class=\"be-desc\">\n\t\t\t\t\t\t\t<h2 class=\"be-title\">1923<\/h2>\t\t\t\t\t\t\t<div class=\"be-content\"><p>Asutati J\u00f5hvi Haridusseltsi poolt maksuta rahvaraamatukogu. Raamatukogu asus alevivalitsuse ruumides<\/p><p><a class=\"ngg-simplelightbox\" title=\" \" href=\"https:\/\/rk.johvi.ee\/wp-content\/gallery\/ajajoon\/1923.jpg\" rel=\"\" data-image-id=\"15\" data-src=\"https:\/\/rk.johvi.ee\/wp-content\/gallery\/ajajoon\/1923.jpg\" data-thumbnail=\"https:\/\/rk.johvi.ee\/wp-content\/gallery\/ajajoon\/thumbs\/thumbs_1923.jpg\" data-title=\"1923\" data-description=\" \"><img decoding=\"async\" class=\"ngg-singlepic ngg-none\" src=\"https:\/\/rk.johvi.ee\/wp-content\/gallery\/ajajoon\/thumbs\/thumbs_1923.jpg\" alt=\"1923\" width=\"320\" height=\"215\" \/><\/a><\/p><\/div>\t\t\t\t\t\t<\/div>\n\n\t\t\t\t\t\n\t\t\t\t<\/div>\n\n\t\t\t<\/div>\n\t\t<\/div>\n\t\t\t<\/li>\n\t\t\t<li class=\"timeline-inverted\"> \n\t\t\t<div class=\"tl-circ\"><\/div>\n\t\t <div class=\"timeline-panel\">\n\t\t   <div class=\"tl-heading\">\n\t\t\t <div class=\"tl-content\">\n\n\t\t\t    \n\t\t\t\t\t\t\n\t\t\t\t\t\t<div class=\"be-desc\">\n\t\t\t\t\t\t\t<h2 class=\"be-title\">1926<\/h2>\t\t\t\t\t\t\t<div class=\"be-content\">Asutati J\u00f5hvi Valla Keskraamatukogu. Raamatukogu asus vallamaja ooteruumis\n\n<a class=\"ngg-simplelightbox\" title=\" \" href=\"https:\/\/rk.johvi.ee\/wp-content\/gallery\/ajajoon\/1926.jpg\" rel=\"\" data-image-id=\"7\" data-src=\"https:\/\/rk.johvi.ee\/wp-content\/gallery\/ajajoon\/1926.jpg\" data-thumbnail=\"https:\/\/rk.johvi.ee\/wp-content\/gallery\/ajajoon\/thumbs\/thumbs_1926.jpg\" data-title=\"1926\" data-description=\" \"><img decoding=\"async\" class=\"ngg-singlepic ngg-none\" src=\"https:\/\/rk.johvi.ee\/wp-content\/gallery\/ajajoon\/thumbs\/thumbs_1926.jpg\" alt=\"1926\" width=\"320\" height=\"214\" \/><\/a><\/div>\t\t\t\t\t\t<\/div>\n\n\t\t\t\t\t\n\t\t\t\t<\/div>\n\n\t\t\t<\/div>\n\t\t<\/div>\n\t\t\t<\/li>\n\t\t\t<li class=\"timeline-right\"> \n\t\t\t<div class=\"tl-circ\"><\/div>\n\t\t <div class=\"timeline-panel\">\n\t\t   <div class=\"tl-heading\">\n\t\t\t <div class=\"tl-content\">\n\n\t\t\t    \n\t\t\t\t\t\t\n\t\t\t\t\t\t<div class=\"be-desc\">\n\t\t\t\t\t\t\t<h2 class=\"be-title\">1930<\/h2>\t\t\t\t\t\t\t<div class=\"be-content\"><p>Aastal asus J\u00f5hvi raamatukogu endiselt vallavalitsuse juures ja raamatukogul on kolm osakonda: Kahula ja Vasavere algkoolides ning Tarakuse k\u00fclas<\/p><\/div>\t\t\t\t\t\t<\/div>\n\n\t\t\t\t\t\n\t\t\t\t<\/div>\n\n\t\t\t<\/div>\n\t\t<\/div>\n\t\t\t<\/li>\n\t\t\t<li class=\"timeline-inverted\"> \n\t\t\t<div class=\"tl-circ\"><\/div>\n\t\t <div class=\"timeline-panel\">\n\t\t   <div class=\"tl-heading\">\n\t\t\t <div class=\"tl-content\">\n\n\t\t\t    \n\t\t\t\t\t\t\n\t\t\t\t\t\t<div class=\"be-desc\">\n\t\t\t\t\t\t\t<h2 class=\"be-title\">1933<\/h2>\t\t\t\t\t\t\t<div class=\"be-content\"><p>Raamatukogul kuus osakonda \u2013 Sompas, Purus, Kahulas, Tarakusel, Vasaveres ja Edisel<\/p><\/div>\t\t\t\t\t\t<\/div>\n\n\t\t\t\t\t\n\t\t\t\t<\/div>\n\n\t\t\t<\/div>\n\t\t<\/div>\n\t\t\t<\/li>\n\t\t\t<li class=\"timeline-right\"> \n\t\t\t<div class=\"tl-circ\"><\/div>\n\t\t <div class=\"timeline-panel\">\n\t\t   <div class=\"tl-heading\">\n\t\t\t <div class=\"tl-content\">\n\n\t\t\t    \n\t\t\t\t\t\t\n\t\t\t\t\t\t<div class=\"be-desc\">\n\t\t\t\t\t\t\t<h2 class=\"be-title\">1940<\/h2>\t\t\t\t\t\t\t<div class=\"be-content\"><p>21. juulil kuulutati v\u00e4lja Eesti NSV<\/p><\/div>\t\t\t\t\t\t<\/div>\n\n\t\t\t\t\t\n\t\t\t\t<\/div>\n\n\t\t\t<\/div>\n\t\t<\/div>\n\t\t\t<\/li>\n\t\t\t<li class=\"timeline-inverted\"> \n\t\t\t<div class=\"tl-circ\"><\/div>\n\t\t <div class=\"timeline-panel\">\n\t\t   <div class=\"tl-heading\">\n\t\t\t <div class=\"tl-content\">\n\n\t\t\t    \n\t\t\t\t\t\t\n\t\t\t\t\t\t<div class=\"be-desc\">\n\t\t\t\t\t\t\t<h2 class=\"be-title\">1943<\/h2>\t\t\t\t\t\t\t<div class=\"be-content\"><p>Raamatukoguhoone h\u00e4vis linnas puhkenud suures tule\u00f5nnetuses<\/p><\/div>\t\t\t\t\t\t<\/div>\n\n\t\t\t\t\t\n\t\t\t\t<\/div>\n\n\t\t\t<\/div>\n\t\t<\/div>\n\t\t\t<\/li>\n\t\t\t<li class=\"timeline-right\"> \n\t\t\t<div class=\"tl-circ\"><\/div>\n\t\t <div class=\"timeline-panel\">\n\t\t   <div class=\"tl-heading\">\n\t\t\t <div class=\"tl-content\">\n\n\t\t\t    \n\t\t\t\t\t\t\n\t\t\t\t\t\t<div class=\"be-desc\">\n\t\t\t\t\t\t\t<h2 class=\"be-title\">1948<\/h2>\t\t\t\t\t\t\t<div class=\"be-content\"><p>Moodustati J\u00f5hvi Linna Raamatukogu<\/p><\/div>\t\t\t\t\t\t<\/div>\n\n\t\t\t\t\t\n\t\t\t\t<\/div>\n\n\t\t\t<\/div>\n\t\t<\/div>\n\t\t\t<\/li>\n\t\t\t<li class=\"timeline-inverted\"> \n\t\t\t<div class=\"tl-circ\"><\/div>\n\t\t <div class=\"timeline-panel\">\n\t\t   <div class=\"tl-heading\">\n\t\t\t <div class=\"tl-content\">\n\n\t\t\t    \n\t\t\t\t\t\t\n\t\t\t\t\t\t<div class=\"be-desc\">\n\t\t\t\t\t\t\t<h2 class=\"be-title\">1948 \u2013 1949<\/h2>\t\t\t\t\t\t\t<div class=\"be-content\">Asus raamatukogu \u00f5igeusu kiriku preestri majas\n\n<a class=\"ngg-simplelightbox\" title=\" \" href=\"https:\/\/rk.johvi.ee\/wp-content\/gallery\/ajajoon\/1948-1949.jpg\" rel=\"\" data-image-id=\"9\" data-src=\"https:\/\/rk.johvi.ee\/wp-content\/gallery\/ajajoon\/1948-1949.jpg\" data-thumbnail=\"https:\/\/rk.johvi.ee\/wp-content\/gallery\/ajajoon\/thumbs\/thumbs_1948-1949.jpg\" data-title=\"1948-1949\" data-description=\" \"><img loading=\"lazy\" decoding=\"async\" class=\"ngg-singlepic ngg-none\" src=\"https:\/\/rk.johvi.ee\/wp-content\/gallery\/ajajoon\/thumbs\/thumbs_1948-1949.jpg\" alt=\"1948-1949\" width=\"320\" height=\"219\" \/><\/a><\/div>\t\t\t\t\t\t<\/div>\n\n\t\t\t\t\t\n\t\t\t\t<\/div>\n\n\t\t\t<\/div>\n\t\t<\/div>\n\t\t\t<\/li>\n\t\t\t<li class=\"timeline-right\"> \n\t\t\t<div class=\"tl-circ\"><\/div>\n\t\t <div class=\"timeline-panel\">\n\t\t   <div class=\"tl-heading\">\n\t\t\t <div class=\"tl-content\">\n\n\t\t\t    \n\t\t\t\t\t\t\n\t\t\t\t\t\t<div class=\"be-desc\">\n\t\t\t\t\t\t\t<h2 class=\"be-title\">1949<\/h2>\t\t\t\t\t\t\t<div class=\"be-content\"><p>Nimetati raamatukogu \u00fcmber J\u00f5hvimaa Maakondlikuks Raamatukoguks<\/p><\/div>\t\t\t\t\t\t<\/div>\n\n\t\t\t\t\t\n\t\t\t\t<\/div>\n\n\t\t\t<\/div>\n\t\t<\/div>\n\t\t\t<\/li>\n\t\t\t<li class=\"timeline-inverted\"> \n\t\t\t<div class=\"tl-circ\"><\/div>\n\t\t <div class=\"timeline-panel\">\n\t\t   <div class=\"tl-heading\">\n\t\t\t <div class=\"tl-content\">\n\n\t\t\t    \n\t\t\t\t\t\t\n\t\t\t\t\t\t<div class=\"be-desc\">\n\t\t\t\t\t\t\t<h2 class=\"be-title\">1950 - 1956<\/h2>\t\t\t\t\t\t\t<div class=\"be-content\"><p>Asus\u00a0raamatukogu endises hotellis Wironia<\/p><p><a class=\"ngg-simplelightbox\" title=\" \" href=\"https:\/\/rk.johvi.ee\/wp-content\/gallery\/ajajoon\/1950-1956.jpg\" rel=\"\" data-image-id=\"16\" data-src=\"https:\/\/rk.johvi.ee\/wp-content\/gallery\/ajajoon\/1950-1956.jpg\" data-thumbnail=\"https:\/\/rk.johvi.ee\/wp-content\/gallery\/ajajoon\/thumbs\/thumbs_1950-1956.jpg\" data-title=\"1950-1956\" data-description=\" \"><img loading=\"lazy\" decoding=\"async\" class=\"ngg-singlepic ngg-none\" src=\"https:\/\/rk.johvi.ee\/wp-content\/gallery\/ajajoon\/thumbs\/thumbs_1950-1956.jpg\" alt=\"1950-1956\" width=\"320\" height=\"213\" \/><\/a><\/p><\/div>\t\t\t\t\t\t<\/div>\n\n\t\t\t\t\t\n\t\t\t\t<\/div>\n\n\t\t\t<\/div>\n\t\t<\/div>\n\t\t\t<\/li>\n\t\t\t<li class=\"timeline-right\"> \n\t\t\t<div class=\"tl-circ\"><\/div>\n\t\t <div class=\"timeline-panel\">\n\t\t   <div class=\"tl-heading\">\n\t\t\t <div class=\"tl-content\">\n\n\t\t\t    \n\t\t\t\t\t\t\n\t\t\t\t\t\t<div class=\"be-desc\">\n\t\t\t\t\t\t\t<h2 class=\"be-title\">1955<\/h2>\t\t\t\t\t\t\t<div class=\"be-content\"><p>Nimetati \u00fcmber J\u00f5hvi Rajooniraamatukoguks<\/p><\/div>\t\t\t\t\t\t<\/div>\n\n\t\t\t\t\t\n\t\t\t\t<\/div>\n\n\t\t\t<\/div>\n\t\t<\/div>\n\t\t\t<\/li>\n\t\t\t<li class=\"timeline-inverted\"> \n\t\t\t<div class=\"tl-circ\"><\/div>\n\t\t <div class=\"timeline-panel\">\n\t\t   <div class=\"tl-heading\">\n\t\t\t <div class=\"tl-content\">\n\n\t\t\t    \n\t\t\t\t\t\t\n\t\t\t\t\t\t<div class=\"be-desc\">\n\t\t\t\t\t\t\t<h2 class=\"be-title\">1956 \u2013 1963<\/h2>\t\t\t\t\t\t\t<div class=\"be-content\">Raamatukogu asus rajooni kultuurimajas\n\n<a class=\"ngg-simplelightbox\" title=\" \" href=\"https:\/\/rk.johvi.ee\/wp-content\/gallery\/ajajoon\/1956-1963.jpg\" rel=\"\" data-image-id=\"6\" data-src=\"https:\/\/rk.johvi.ee\/wp-content\/gallery\/ajajoon\/1956-1963.jpg\" data-thumbnail=\"https:\/\/rk.johvi.ee\/wp-content\/gallery\/ajajoon\/thumbs\/thumbs_1956-1963.jpg\" data-title=\"1956-1963\" data-description=\" \"><img loading=\"lazy\" decoding=\"async\" class=\"ngg-singlepic ngg-none\" src=\"https:\/\/rk.johvi.ee\/wp-content\/gallery\/ajajoon\/thumbs\/thumbs_1956-1963.jpg\" alt=\"1956-1963\" width=\"320\" height=\"204\" \/><\/a><\/div>\t\t\t\t\t\t<\/div>\n\n\t\t\t\t\t\n\t\t\t\t<\/div>\n\n\t\t\t<\/div>\n\t\t<\/div>\n\t\t\t<\/li>\n\t\t\t<li class=\"timeline-right\"> \n\t\t\t<div class=\"tl-circ\"><\/div>\n\t\t <div class=\"timeline-panel\">\n\t\t   <div class=\"tl-heading\">\n\t\t\t <div class=\"tl-content\">\n\n\t\t\t    \n\t\t\t\t\t\t\n\t\t\t\t\t\t<div class=\"be-desc\">\n\t\t\t\t\t\t\t<h2 class=\"be-title\">1960<\/h2>\t\t\t\t\t\t\t<div class=\"be-content\"><p>Nimetati \u00fcmber Kohtla-J\u00e4rve Linna 2. Raamatukoguks<\/p><\/div>\t\t\t\t\t\t<\/div>\n\n\t\t\t\t\t\n\t\t\t\t<\/div>\n\n\t\t\t<\/div>\n\t\t<\/div>\n\t\t\t<\/li>\n\t\t\t<li class=\"timeline-inverted\"> \n\t\t\t<div class=\"tl-circ\"><\/div>\n\t\t <div class=\"timeline-panel\">\n\t\t   <div class=\"tl-heading\">\n\t\t\t <div class=\"tl-content\">\n\n\t\t\t    \n\t\t\t\t\t\t\n\t\t\t\t\t\t<div class=\"be-desc\">\n\t\t\t\t\t\t\t<h2 class=\"be-title\">1963<\/h2>\t\t\t\t\t\t\t<div class=\"be-content\"><p>Raamatukogu asukoht hoones Rakvere\/Jaama t\u00e4nava nurgal<\/p><p><a class=\"ngg-simplelightbox\" title=\" \" href=\"https:\/\/rk.johvi.ee\/wp-content\/gallery\/ajajoon\/1963.jpg\" rel=\"\" data-image-id=\"10\" data-src=\"https:\/\/rk.johvi.ee\/wp-content\/gallery\/ajajoon\/1963.jpg\" data-thumbnail=\"https:\/\/rk.johvi.ee\/wp-content\/gallery\/ajajoon\/thumbs\/thumbs_1963.jpg\" data-title=\"1963\" data-description=\" \"><img loading=\"lazy\" decoding=\"async\" class=\"ngg-singlepic ngg-none\" src=\"https:\/\/rk.johvi.ee\/wp-content\/gallery\/ajajoon\/thumbs\/thumbs_1963.jpg\" alt=\"1963\" width=\"320\" height=\"238\" \/><\/a><\/p><\/div>\t\t\t\t\t\t<\/div>\n\n\t\t\t\t\t\n\t\t\t\t<\/div>\n\n\t\t\t<\/div>\n\t\t<\/div>\n\t\t\t<\/li>\n\t\t\t<li class=\"timeline-right\"> \n\t\t\t<div class=\"tl-circ\"><\/div>\n\t\t <div class=\"timeline-panel\">\n\t\t   <div class=\"tl-heading\">\n\t\t\t <div class=\"tl-content\">\n\n\t\t\t    \n\t\t\t\t\t\t\n\t\t\t\t\t\t<div class=\"be-desc\">\n\t\t\t\t\t\t\t<h2 class=\"be-title\">1965<\/h2>\t\t\t\t\t\t\t<div class=\"be-content\"><p>Nimetati \u00fcmber Kohtla-J\u00e4rve Rajooniraamatukoguks<\/p><\/div>\t\t\t\t\t\t<\/div>\n\n\t\t\t\t\t\n\t\t\t\t<\/div>\n\n\t\t\t<\/div>\n\t\t<\/div>\n\t\t\t<\/li>\n\t\t\t<li class=\"timeline-inverted\"> \n\t\t\t<div class=\"tl-circ\"><\/div>\n\t\t <div class=\"timeline-panel\">\n\t\t   <div class=\"tl-heading\">\n\t\t\t <div class=\"tl-content\">\n\n\t\t\t    \n\t\t\t\t\t\t\n\t\t\t\t\t\t<div class=\"be-desc\">\n\t\t\t\t\t\t\t<h2 class=\"be-title\">1973<\/h2>\t\t\t\t\t\t\t<div class=\"be-content\"><p>Nimetati \u00fcmber Kohtla-J\u00e4rve Rajooni Keskraamatukoguks<\/p><\/div>\t\t\t\t\t\t<\/div>\n\n\t\t\t\t\t\n\t\t\t\t<\/div>\n\n\t\t\t<\/div>\n\t\t<\/div>\n\t\t\t<\/li>\n\t\t\t<li class=\"timeline-right\"> \n\t\t\t<div class=\"tl-circ\"><\/div>\n\t\t <div class=\"timeline-panel\">\n\t\t   <div class=\"tl-heading\">\n\t\t\t <div class=\"tl-content\">\n\n\t\t\t    \n\t\t\t\t\t\t\n\t\t\t\t\t\t<div class=\"be-desc\">\n\t\t\t\t\t\t\t<h2 class=\"be-title\">1974<\/h2>\t\t\t\t\t\t\t<div class=\"be-content\"><p>Viidi Kohtla-J\u00e4rve raamatukogud \u00fcle tsentraliseeritud s\u00fcsteemile<\/p><\/div>\t\t\t\t\t\t<\/div>\n\n\t\t\t\t\t\n\t\t\t\t<\/div>\n\n\t\t\t<\/div>\n\t\t<\/div>\n\t\t\t<\/li>\n\t\t\t<li class=\"timeline-inverted\"> \n\t\t\t<div class=\"tl-circ\"><\/div>\n\t\t <div class=\"timeline-panel\">\n\t\t   <div class=\"tl-heading\">\n\t\t\t <div class=\"tl-content\">\n\n\t\t\t    \n\t\t\t\t\t\t\n\t\t\t\t\t\t<div class=\"be-desc\">\n\t\t\t\t\t\t\t<h2 class=\"be-title\">1975<\/h2>\t\t\t\t\t\t\t<div class=\"be-content\"><p>Aastal allutati kogu rajooni raamatukogude v\u00f5rk (kokku 30 raamatukogu) rajooniraamatukogule (J\u00f5hvile)<\/p><\/div>\t\t\t\t\t\t<\/div>\n\n\t\t\t\t\t\n\t\t\t\t<\/div>\n\n\t\t\t<\/div>\n\t\t<\/div>\n\t\t\t<\/li>\n\t\t\t<li class=\"timeline-right\"> \n\t\t\t<div class=\"tl-circ\"><\/div>\n\t\t <div class=\"timeline-panel\">\n\t\t   <div class=\"tl-heading\">\n\t\t\t <div class=\"tl-content\">\n\n\t\t\t    \n\t\t\t\t\t\t\n\t\t\t\t\t\t<div class=\"be-desc\">\n\t\t\t\t\t\t\t<h2 class=\"be-title\">1992<\/h2>\t\t\t\t\t\t\t<div class=\"be-content\"><p>Raamatukogu on J\u00f5hvi linna halduses ja kannab nimetust J\u00f5hvi Linna Keskraamatukogu<\/p><\/div>\t\t\t\t\t\t<\/div>\n\n\t\t\t\t\t\n\t\t\t\t<\/div>\n\n\t\t\t<\/div>\n\t\t<\/div>\n\t\t\t<\/li>\n\t\t\t<li class=\"timeline-inverted\"> \n\t\t\t<div class=\"tl-circ\"><\/div>\n\t\t <div class=\"timeline-panel\">\n\t\t   <div class=\"tl-heading\">\n\t\t\t <div class=\"tl-content\">\n\n\t\t\t    \n\t\t\t\t\t\t\n\t\t\t\t\t\t<div class=\"be-desc\">\n\t\t\t\t\t\t\t<h2 class=\"be-title\">1996<\/h2>\t\t\t\t\t\t\t<div class=\"be-content\"><p>Raamatukogu uus asukoht Rakvere 13a. Hoone v\u00e4lisilme enne renoveerimist<\/p><p><a class=\"ngg-simplelightbox\" title=\" \" href=\"https:\/\/rk.johvi.ee\/wp-content\/gallery\/ajajoon\/Raamatukogu_Rakvere_13a_1996.jpg\" rel=\"\" data-image-id=\"20\" data-src=\"https:\/\/rk.johvi.ee\/wp-content\/gallery\/ajajoon\/Raamatukogu_Rakvere_13a_1996.jpg\" data-thumbnail=\"https:\/\/rk.johvi.ee\/wp-content\/gallery\/ajajoon\/thumbs\/thumbs_Raamatukogu_Rakvere_13a_1996.jpg\" data-title=\"Raamatukogu_Rakvere_13a_1996\" data-description=\" \"><img loading=\"lazy\" decoding=\"async\" class=\"ngg-singlepic ngg-none\" src=\"https:\/\/rk.johvi.ee\/wp-content\/gallery\/ajajoon\/thumbs\/thumbs_Raamatukogu_Rakvere_13a_1996.jpg\" alt=\"Raamatukogu_Rakvere_13a_1996\" width=\"320\" height=\"213\" \/><\/a><\/p><\/div>\t\t\t\t\t\t<\/div>\n\n\t\t\t\t\t\n\t\t\t\t<\/div>\n\n\t\t\t<\/div>\n\t\t<\/div>\n\t\t\t<\/li>\n\t\t\t<li class=\"timeline-right\"> \n\t\t\t<div class=\"tl-circ\"><\/div>\n\t\t <div class=\"timeline-panel\">\n\t\t   <div class=\"tl-heading\">\n\t\t\t <div class=\"tl-content\">\n\n\t\t\t    \n\t\t\t\t\t\t\n\t\t\t\t\t\t<div class=\"be-desc\">\n\t\t\t\t\t\t\t<h2 class=\"be-title\">1996<\/h2>\t\t\t\t\t\t\t<div class=\"be-content\"><p>3.oktoobril avati uues majas, endises kino Rahu hoones laenutusosakond<\/p><p><a class=\"ngg-simplelightbox\" title=\" \" href=\"https:\/\/rk.johvi.ee\/wp-content\/gallery\/ajajoon\/1996.jpg\" rel=\"\" data-image-id=\"11\" data-src=\"https:\/\/rk.johvi.ee\/wp-content\/gallery\/ajajoon\/1996.jpg\" data-thumbnail=\"https:\/\/rk.johvi.ee\/wp-content\/gallery\/ajajoon\/thumbs\/thumbs_1996.jpg\" data-title=\"1996\" data-description=\" \"><img loading=\"lazy\" decoding=\"async\" class=\"ngg-singlepic ngg-none\" src=\"https:\/\/rk.johvi.ee\/wp-content\/gallery\/ajajoon\/thumbs\/thumbs_1996.jpg\" alt=\"1996\" width=\"320\" height=\"233\" \/><\/a><\/p><\/div>\t\t\t\t\t\t<\/div>\n\n\t\t\t\t\t\n\t\t\t\t<\/div>\n\n\t\t\t<\/div>\n\t\t<\/div>\n\t\t\t<\/li>\n\t\t\t<li class=\"timeline-inverted\"> \n\t\t\t<div class=\"tl-circ\"><\/div>\n\t\t <div class=\"timeline-panel\">\n\t\t   <div class=\"tl-heading\">\n\t\t\t <div class=\"tl-content\">\n\n\t\t\t    \n\t\t\t\t\t\t\n\t\t\t\t\t\t<div class=\"be-desc\">\n\t\t\t\t\t\t\t<h2 class=\"be-title\">1997<\/h2>\t\t\t\t\t\t\t<div class=\"be-content\">19. detsembril avati lugemissaal\n\n<a class=\"ngg-simplelightbox\" title=\" \" href=\"https:\/\/rk.johvi.ee\/wp-content\/gallery\/ajajoon\/1997.jpg\" rel=\"\" data-image-id=\"12\" data-src=\"https:\/\/rk.johvi.ee\/wp-content\/gallery\/ajajoon\/1997.jpg\" data-thumbnail=\"https:\/\/rk.johvi.ee\/wp-content\/gallery\/ajajoon\/thumbs\/thumbs_1997.jpg\" data-title=\"1997\" data-description=\" \"><img loading=\"lazy\" decoding=\"async\" class=\"ngg-singlepic ngg-none\" src=\"https:\/\/rk.johvi.ee\/wp-content\/gallery\/ajajoon\/thumbs\/thumbs_1997.jpg\" alt=\"1997\" width=\"320\" height=\"223\" \/><\/a><\/div>\t\t\t\t\t\t<\/div>\n\n\t\t\t\t\t\n\t\t\t\t<\/div>\n\n\t\t\t<\/div>\n\t\t<\/div>\n\t\t\t<\/li>\n\t\t\t<li class=\"timeline-right\"> \n\t\t\t<div class=\"tl-circ\"><\/div>\n\t\t <div class=\"timeline-panel\">\n\t\t   <div class=\"tl-heading\">\n\t\t\t <div class=\"tl-content\">\n\n\t\t\t    \n\t\t\t\t\t\t\n\t\t\t\t\t\t<div class=\"be-desc\">\n\t\t\t\t\t\t\t<h2 class=\"be-title\">1999<\/h2>\t\t\t\t\t\t\t<div class=\"be-content\"><p>1.m\u00e4rtsil avati lasteosakond<\/p><p><a class=\"ngg-simplelightbox\" title=\" \" href=\"https:\/\/rk.johvi.ee\/wp-content\/gallery\/ajajoon\/1999.jpg\" rel=\"\" data-image-id=\"13\" data-src=\"https:\/\/rk.johvi.ee\/wp-content\/gallery\/ajajoon\/1999.jpg\" data-thumbnail=\"https:\/\/rk.johvi.ee\/wp-content\/gallery\/ajajoon\/thumbs\/thumbs_1999.jpg\" data-title=\"1999\" data-description=\" \"><img loading=\"lazy\" decoding=\"async\" class=\"ngg-singlepic ngg-none\" src=\"https:\/\/rk.johvi.ee\/wp-content\/gallery\/ajajoon\/thumbs\/thumbs_1999.jpg\" alt=\"1999\" width=\"320\" height=\"227\" \/><\/a><\/p><\/div>\t\t\t\t\t\t<\/div>\n\n\t\t\t\t\t\n\t\t\t\t<\/div>\n\n\t\t\t<\/div>\n\t\t<\/div>\n\t\t\t<\/li>\n\t\t\t<li class=\"timeline-inverted\"> \n\t\t\t<div class=\"tl-circ\"><\/div>\n\t\t <div class=\"timeline-panel\">\n\t\t   <div class=\"tl-heading\">\n\t\t\t <div class=\"tl-content\">\n\n\t\t\t    \n\t\t\t\t\t\t\n\t\t\t\t\t\t<div class=\"be-desc\">\n\t\t\t\t\t\t\t<h2 class=\"be-title\">1999<\/h2>\t\t\t\t\t\t\t<div class=\"be-content\"><p>Renoveeritud fassaadiga maja<\/p><p><a class=\"ngg-simplelightbox\" title=\" \" href=\"https:\/\/rk.johvi.ee\/wp-content\/gallery\/ajajoon\/Sept.-1999.jpg\" rel=\"\" data-image-id=\"19\" data-src=\"https:\/\/rk.johvi.ee\/wp-content\/gallery\/ajajoon\/Sept.-1999.jpg\" data-thumbnail=\"https:\/\/rk.johvi.ee\/wp-content\/gallery\/ajajoon\/thumbs\/thumbs_Sept.-1999.jpg\" data-title=\"September1999 fassad\" data-description=\" \"><img loading=\"lazy\" decoding=\"async\" class=\"ngg-singlepic ngg-none\" src=\"https:\/\/rk.johvi.ee\/wp-content\/gallery\/ajajoon\/thumbs\/thumbs_Sept.-1999.jpg\" alt=\"September1999 fassad\" width=\"320\" height=\"213\" \/><\/a><\/p><\/div>\t\t\t\t\t\t<\/div>\n\n\t\t\t\t\t\n\t\t\t\t<\/div>\n\n\t\t\t<\/div>\n\t\t<\/div>\n\t\t\t<\/li>\n\t\t\t<li class=\"timeline-right\"> \n\t\t\t<div class=\"tl-circ\"><\/div>\n\t\t <div class=\"timeline-panel\">\n\t\t   <div class=\"tl-heading\">\n\t\t\t <div class=\"tl-content\">\n\n\t\t\t    \n\t\t\t\t\t\t\n\t\t\t\t\t\t<div class=\"be-desc\">\n\t\t\t\t\t\t\t<h2 class=\"be-title\">2002<\/h2>\t\t\t\t\t\t\t<div class=\"be-content\"><p>Aastast kannab nime J\u00f5hvi Keskraamatukogu<\/p><\/div>\t\t\t\t\t\t<\/div>\n\n\t\t\t\t\t\n\t\t\t\t<\/div>\n\n\t\t\t<\/div>\n\t\t<\/div>\n\t\t\t<\/li>\n\t\t\t<li class=\"timeline-inverted\"> \n\t\t\t<div class=\"tl-circ\"><\/div>\n\t\t <div class=\"timeline-panel\">\n\t\t   <div class=\"tl-heading\">\n\t\t\t <div class=\"tl-content\">\n\n\t\t\t    \n\t\t\t\t\t\t\n\t\t\t\t\t\t<div class=\"be-desc\">\n\t\t\t\t\t\t\t<h2 class=\"be-title\">2022<\/h2>\t\t\t\t\t\t\t<div class=\"be-content\"><p>Meie maja praegu<\/p><p><a class=\"ngg-simplelightbox\" title=\" \" href=\"https:\/\/rk.johvi.ee\/wp-content\/gallery\/ajajoon\/rmtk2022.jpg\" rel=\"\" data-image-id=\"18\" data-src=\"https:\/\/rk.johvi.ee\/wp-content\/gallery\/ajajoon\/rmtk2022.jpg\" data-thumbnail=\"https:\/\/rk.johvi.ee\/wp-content\/gallery\/ajajoon\/thumbs\/thumbs_rmtk2022.jpg\" data-title=\"rmtk2022\" data-description=\" \"><img loading=\"lazy\" decoding=\"async\" class=\"ngg-singlepic ngg-none\" src=\"https:\/\/rk.johvi.ee\/wp-content\/gallery\/ajajoon\/thumbs\/thumbs_rmtk2022.jpg\" alt=\"rmtk2022\" width=\"320\" height=\"213\" \/><\/a><\/p><\/div>\t\t\t\t\t\t<\/div>\n\n\t\t\t\t\t\n\t\t\t\t<\/div>\n\n\t\t\t<\/div>\n\t\t<\/div>\n\t\t\t<\/li>\n\t\t\t \n      <\/ul>\n\n\t\t\t\t\t<\/div>\n\t\t\t\t<\/div>\n\t\t\t\t\t<\/div>\n\t\t<\/div>\n\t\t\t\t\t<\/div>\n\t\t<\/section>\n\t\t\t\t<\/div>\n\t\t","protected":false},"excerpt":{"rendered":"<p>1897 Karskusselts \u201cKiir\u201d asutas J\u00f5hvis raamatukogu. Seltsi ruumid asusid Klettenbergi majas 1906 Asutati J\u00f5hvis Haridusseltsi raamatukogu 1913 \u00dchendati karskusseltsi \u201cKiir\u201d ja Haridusseltsi raamatukogu. Samal aastal l\u00f5petati m\u00f5lema seltsi tegevus. Varad anti \u00fcle Vaivara Karskusseltsile \u201eK\u00fclvaja\u201c 1913-1922 Raamatukogu J\u00f5hvis puudub 1918 24. veebruar loodi Eesti Vabariik 1923 Asutati J\u00f5hvi Haridusseltsi poolt maksuta rahvaraamatukogu. Raamatukogu asus alevivalitsuse [&hellip;]<\/p>\n","protected":false},"author":5,"featured_media":0,"parent":0,"menu_order":0,"comment_status":"closed","ping_status":"closed","template":"","meta":{"_monsterinsights_skip_tracking":false,"_monsterinsights_sitenote_active":false,"_monsterinsights_sitenote_note":"","_monsterinsights_sitenote_category":0,"ngg_post_thumbnail":0,"footnotes":""},"class_list":["post-1313","page","type-page","status-publish","hentry"],"_links":{"self":[{"href":"https:\/\/rk.johvi.ee\/index.php?rest_route=\/wp\/v2\/pages\/1313","targetHints":{"allow":["GET"]}}],"collection":[{"href":"https:\/\/rk.johvi.ee\/index.php?rest_route=\/wp\/v2\/pages"}],"about":[{"href":"https:\/\/rk.johvi.ee\/index.php?rest_route=\/wp\/v2\/types\/page"}],"author":[{"embeddable":true,"href":"https:\/\/rk.johvi.ee\/index.php?rest_route=\/wp\/v2\/users\/5"}],"replies":[{"embeddable":true,"href":"https:\/\/rk.johvi.ee\/index.php?rest_route=%2Fwp%2Fv2%2Fcomments&post=1313"}],"version-history":[{"count":133,"href":"https:\/\/rk.johvi.ee\/index.php?rest_route=\/wp\/v2\/pages\/1313\/revisions"}],"predecessor-version":[{"id":1534,"href":"https:\/\/rk.johvi.ee\/index.php?rest_route=\/wp\/v2\/pages\/1313\/revisions\/1534"}],"wp:attachment":[{"href":"https:\/\/rk.johvi.ee\/index.php?rest_route=%2Fwp%2Fv2%2Fmedia&parent=1313"}],"curies":[{"name":"wp","href":"https:\/\/api.w.org\/{rel}","templated":true}]}}