{"id":1436,"date":"2022-05-11T15:58:52","date_gmt":"2022-05-11T12:58:52","guid":{"rendered":"https:\/\/rk.johvi.ee\/?page_id=1436"},"modified":"2022-05-13T17:13:47","modified_gmt":"2022-05-13T14:13:47","slug":"erivajadustega-lugejale","status":"publish","type":"page","link":"https:\/\/rk.johvi.ee\/?page_id=1436","title":{"rendered":"Erivajadustega lugejatele"},"content":{"rendered":"<p><strong>LIIKUMISPUUDEGA LUGEJALE<\/strong><\/p>\n<p>J\u00f5hvi Keskraamatukokku saab tulla m\u00f6\u00f6da kaldteed. Ratastooliga lugejal on v\u00f5imalik t\u00f6\u00f6taja abiga siseneda lugemissaali, kus saab registreerida lugejaks, lugeda ajalehti, laenutada ajakirju ja raamatuid, kasutada <a href=\"https:\/\/rk.johvi.ee\/?page_id=130\" target=\"_blank\" rel=\"noopener\">tasulisi teenuseid<\/a>. Samuti on v\u00f5imalik tellida lugemissaali soovitud kirjandust laenutus- v\u00f5i lasteosakonnast.<\/p>\n<p>J\u00f5hvi vallas elavad lugejad, kelle tervislik seisund ei v\u00f5imalda raamatukogu k\u00fclastada saavad kasutada koduteenindust.<\/p>\n<p><img fetchpriority=\"high\" decoding=\"async\" class=\"alignnone size-large wp-image-955\" src=\"http:\/\/rk.johvi.ee\/wp-content\/uploads\/2021\/11\/koduteenindus-1024x635.jpg\" alt=\"\" width=\"640\" height=\"397\"><\/p>\n<p><strong>N\u00c4GEMISPUUDEGA LUGEJALE<\/strong><\/p>\n<ul>\n<li><strong>J\u00f5hvi Keskraamatukogu<\/strong> lugemissaalis on v\u00f5imalik kasutada luupi.<\/li>\n<\/ul>\n<p>Raamatukogus on olemas ka v\u00e4ike valik heliraamatuid, mida saab koju laenutada. Tutvuda valikuga saab e-kataloogis <a href=\"https:\/\/www.lugeja.ee\/\" target=\"_blank\" rel=\"noopener\">lugeja.ee<\/a> (m\u00e4rks\u00f5na reale tuleb kirjutada \u201eheliraamat\u201c).<\/p>\n<ul>\n<li><strong>Eesti Pimedate Raamatukogu<\/strong> teenindab n\u00e4gemispuudega v\u00f5i m\u00f5ne muu tr\u00fckitud teksti lugemist takistava puude, h\u00e4ire v\u00f5i haigusega inimesi. N\u00e4gemispuudega inimeste tegevust, rehabiliteerimist ja \u00f5petamist k\u00e4sitlevaid tr\u00fckitud teavikuid laenutatakse k\u00f5ikidele soovijatele.<\/li>\n<\/ul>\n<p>Raamatukogu valmistab, kogub, s\u00e4ilitab ja laenutab heli- ja punktkirjas teavikuid, puuteraamatuid, e-raamatuid ja kirjeldust\u00f5lkega filme. Raamatukogul on oma helistuudio ja punktkirja tr\u00fckikoda.<\/p>\n<p>Rohkem infot saab Eesti Pimedate Raamatukogu <a href=\"https:\/\/epr.ee\/wp-content\/uploads\/2016\/04\/VoldikEPReestikeelne.pdf\" target=\"_blank\" rel=\"noopener\">voldikust<\/a> v\u00f5i <a href=\"https:\/\/epr.ee\/et\/pealeht\/\" target=\"_blank\" rel=\"noopener\">kodulehelt<\/a>.<\/p>\n<p><a href=\"https:\/\/epr.ee\/et\/pealeht\/\" target=\"_blank\" rel=\"noopener\"><img decoding=\"async\" class=\"alignnone size-full wp-image-1479\" src=\"http:\/\/rk.johvi.ee\/wp-content\/uploads\/2022\/05\/EPR-logo_final.png\" alt=\"\" width=\"400\" height=\"98\"><\/a><\/p>\n","protected":false},"excerpt":{"rendered":"<p>LIIKUMISPUUDEGA LUGEJALE J\u00f5hvi Keskraamatukokku saab tulla m\u00f6\u00f6da kaldteed. Ratastooliga lugejal on v\u00f5imalik t\u00f6\u00f6taja abiga siseneda lugemissaali, kus saab registreerida lugejaks, lugeda ajalehti, laenutada ajakirju ja raamatuid, kasutada tasulisi teenuseid. Samuti on v\u00f5imalik tellida lugemissaali soovitud kirjandust laenutus- v\u00f5i lasteosakonnast. J\u00f5hvi vallas elavad lugejad, kelle tervislik seisund ei v\u00f5imalda raamatukogu k\u00fclastada saavad kasutada koduteenindust. N\u00c4GEMISPUUDEGA LUGEJALE [&hellip;]<\/p>\n","protected":false},"author":5,"featured_media":0,"parent":0,"menu_order":0,"comment_status":"closed","ping_status":"closed","template":"","meta":{"_monsterinsights_skip_tracking":false,"_monsterinsights_sitenote_active":false,"_monsterinsights_sitenote_note":"","_monsterinsights_sitenote_category":0,"ngg_post_thumbnail":0,"footnotes":""},"class_list":["post-1436","page","type-page","status-publish","hentry"],"_links":{"self":[{"href":"https:\/\/rk.johvi.ee\/index.php?rest_route=\/wp\/v2\/pages\/1436","targetHints":{"allow":["GET"]}}],"collection":[{"href":"https:\/\/rk.johvi.ee\/index.php?rest_route=\/wp\/v2\/pages"}],"about":[{"href":"https:\/\/rk.johvi.ee\/index.php?rest_route=\/wp\/v2\/types\/page"}],"author":[{"embeddable":true,"href":"https:\/\/rk.johvi.ee\/index.php?rest_route=\/wp\/v2\/users\/5"}],"replies":[{"embeddable":true,"href":"https:\/\/rk.johvi.ee\/index.php?rest_route=%2Fwp%2Fv2%2Fcomments&post=1436"}],"version-history":[{"count":8,"href":"https:\/\/rk.johvi.ee\/index.php?rest_route=\/wp\/v2\/pages\/1436\/revisions"}],"predecessor-version":[{"id":1488,"href":"https:\/\/rk.johvi.ee\/index.php?rest_route=\/wp\/v2\/pages\/1436\/revisions\/1488"}],"wp:attachment":[{"href":"https:\/\/rk.johvi.ee\/index.php?rest_route=%2Fwp%2Fv2%2Fmedia&parent=1436"}],"curies":[{"name":"wp","href":"https:\/\/api.w.org\/{rel}","templated":true}]}}