{"id":323,"date":"2020-10-19T14:23:31","date_gmt":"2020-10-19T11:23:31","guid":{"rendered":"https:\/\/rk.johvi.ee\/?page_id=323"},"modified":"2020-10-19T14:23:31","modified_gmt":"2020-10-19T11:23:31","slug":"ajaloost","status":"publish","type":"page","link":"https:\/\/rk.johvi.ee\/?page_id=323","title":{"rendered":"Ajaloost"},"content":{"rendered":"<p>Raamatukogundusliku tegevuse alguseks J\u00f5hvis v\u00f5ib lugeda karsklusseltsi \u201cKiir\u201d\u00a0raamatukogu asutamist 1897. aastal, mis tegutses 1913. aastani.<\/p>\n<p>1921. aastal tegutses siinkandis kolm rahvaraamatukogu : Sompa haridusseltsi, Puru\u00a0ja Kahula kooli raamatukogud. J\u00f5hvis sel ajal raamatukogu puudus. Seda t\u00f5endab\u00a0kirjutis ajalehes \u201cVaba Maa\u201d (14.02.1922) \u2013 \u201cJ\u00f5hvi on seltsielule selja p\u00f6\u00f6ranud ja \u00e4ri\u00a0\u00fcmber koondunud. Pole siin ei raamatukogu ega lugemistuba, haridusseltsi ega\u00a0spordiringi, kuid restorane kaks.\u201d<\/p>\n<p>1925. aastal rakendus Eestis avalike raamatukogude seadus. Sellest tulenevalt\u00a0 asutati\u00a01926.aastal raamatukogu ka J\u00f5hvis.<\/p>\n<p>J\u00f5hvi Valla Keskraamatukogu asus vallamaja ooteruumis. Raamatukogu juhatajaksoli Adele Davidoff (hiljem Raiend). Kogu koosnes 120-st eestikeelsest raamatust.\u00a0Laenutada v\u00f5is korraga 2 raamatut.<\/p>\n<p>1930. aastal tegutses raamatukogu v\u00f5rgus 3 osakonda: Kahula, Vasavere algkoolis ja\u00a0Tarakuse k\u00fclas. 1933. aastal aga juba 6 osakonda \u2013 lisaks eelmistele veel Sompas,\u00a0Purus ja Edisel.<\/p>\n<p>Aastatel 1939\/40 oli raamatukogus 1574 raamatut ja 67 lugejat.<\/p>\n<p>J\u00f5hvi Valla Keskraamatukogu tegutses sama asukohaga 1943. aastani, mil maja linnas\u00a0puhkenud suures tule\u00f5nnetuses h\u00e4vis.<\/p>\n<p>Raamatukogu j\u00e4rjepidev areng sai taas alguse 14. dets. 1945. aastal, mil v\u00f5eti vastu\u00a0otsus moodustada J\u00f5hvi Linna Raamatukogu. J\u00e4rgmisel aastal nimetati\u00a0raamatukogu \u00fcmber J\u00f5hvimaa Maakondlikuks Raamatukoguks. Aastate jooksul<\/p>\n<p>on raamatukogu kandnud mitmeid nimetusi, kuid olnud alati seotud maakonnaga\u00a0(varem rajooniga).<\/p>\n<p>1970-ndad aastad\u00a0olid raamatukogu tegevuses suurte muutuste ja \u00fcmberkorralduste\u00a0aeg. Aastatel 1972-1974 toimus vabariigis rahvaraamatukogude v\u00f5rgu\u00a0tsentraliseerimine. Raamatukogu sai 1973. aastal nimeks Kohtla-J\u00e4rve Rajooni\u00a0Keskraamatukogu, k\u00fclaraamatukogud muutusid haruraamatukogudeks.<\/p>\n<p>Seoses sellega hakkas raamatukogu t\u00e4itma mitmeid keskraamatukogu funktsioone:\u00a0haldama rajooni raamatukogude eelarvet, varustama inventariga k\u00fclaraamatukogusid,uus loodud komplekteerimisosakond tellis, kujundas ja toimetas kohale k\u00f5igile 27\u00a0raamatukogudele raamatud, raamatubuss asus teenindama h\u00f5reda asustusega\u00a0maapiirkondade lugejaid.<\/p>\n<p>Koos Eestimaa taasiseseisvumisega toimusid suured muudatused ka raamatukogus.<\/p>\n<p>Alates 1992. aastast kuulub raamatukogu J\u00f5hvi linna haldusesse ja kannab nimetust\u00a0J\u00f5hvi Keskraamatukogu. K\u00fclaraamatukogud detsentraliseeriti kohalike\u00a0omavalitsuste allasutusteks. Keskraamatukogu maakondlikud funktsioonid s\u00e4ilisid.<\/p>\n<p>1995. aastal lahenes raamatukogu ammune ruumide probleem. Raamatukogu jaoks\u00a0renoveeriti endine kino \u201cRahu\u201d maja, kuhu paari aasta jooksul koliti kokku k\u00f5ik seni\u00a0eraldi hoonetes asunud osakonnad.\u00a0 1999. aastal toimus keskraamatukogus veel \u00fcks oluline s\u00fcndmus, mis pani aluse uutele v\u00f5imalustele raamatukogu infot\u00f6\u00f6s. Nimelt avati 1. oktoobril 1999. a. raamatukogus Avalik Internetipunkt.<\/p>\n<p>Raamatukogu fondi sisestamist elektroonilisse andmebaasi alustati 1996.aastal ja\u00a0elektroonilisele laenutusele \u00fcleminek toimus 2005.aasta maikuus.<\/p>\n<p>Seoses J\u00f5hvi linna ja valla \u00fchinemisega 2006. aastal liideti lisaks J\u00f5hvi\u00a0Haruraamatukogule J\u00f5hvi Keskraamatukogu struktuuri ka Tammiku raamatukogu.<\/p>\n<p>1. m\u00e4rtsil 2015. aastal suleti kunstikooli majas asuv J\u00f5hvi Haruraamatukogu, mille\u00a0asemel avati laenutuspunkt eakate p\u00e4evakeskuse ruumides.<\/p>\n<p>Hetkel on J\u00f5hvi Keskraamatukogu k\u00f5ige suuremaks probleemiks taas kujunenud suur\u00a0ruumipuudus. Lahendusena on J\u00f5hvi valla arengukava prioriteetide hulgas kirjas raamatukogule uue hoone rajamise vajadus.<\/p>\n","protected":false},"excerpt":{"rendered":"<p>Raamatukogundusliku tegevuse alguseks J\u00f5hvis v\u00f5ib lugeda karsklusseltsi \u201cKiir\u201d\u00a0raamatukogu asutamist 1897. aastal, mis tegutses 1913. aastani. 1921. aastal tegutses siinkandis kolm rahvaraamatukogu : Sompa haridusseltsi, Puru\u00a0ja Kahula kooli raamatukogud. J\u00f5hvis sel ajal raamatukogu puudus. Seda t\u00f5endab\u00a0kirjutis ajalehes \u201cVaba Maa\u201d (14.02.1922) \u2013 \u201cJ\u00f5hvi on seltsielule selja p\u00f6\u00f6ranud ja \u00e4ri\u00a0\u00fcmber koondunud. Pole siin ei raamatukogu ega lugemistuba, haridusseltsi [&hellip;]<\/p>\n","protected":false},"author":2,"featured_media":0,"parent":0,"menu_order":0,"comment_status":"closed","ping_status":"closed","template":"","meta":{"_monsterinsights_skip_tracking":false,"_monsterinsights_sitenote_active":false,"_monsterinsights_sitenote_note":"","_monsterinsights_sitenote_category":0,"ngg_post_thumbnail":0,"footnotes":""},"class_list":["post-323","page","type-page","status-publish","hentry"],"_links":{"self":[{"href":"https:\/\/rk.johvi.ee\/index.php?rest_route=\/wp\/v2\/pages\/323","targetHints":{"allow":["GET"]}}],"collection":[{"href":"https:\/\/rk.johvi.ee\/index.php?rest_route=\/wp\/v2\/pages"}],"about":[{"href":"https:\/\/rk.johvi.ee\/index.php?rest_route=\/wp\/v2\/types\/page"}],"author":[{"embeddable":true,"href":"https:\/\/rk.johvi.ee\/index.php?rest_route=\/wp\/v2\/users\/2"}],"replies":[{"embeddable":true,"href":"https:\/\/rk.johvi.ee\/index.php?rest_route=%2Fwp%2Fv2%2Fcomments&post=323"}],"version-history":[{"count":1,"href":"https:\/\/rk.johvi.ee\/index.php?rest_route=\/wp\/v2\/pages\/323\/revisions"}],"predecessor-version":[{"id":324,"href":"https:\/\/rk.johvi.ee\/index.php?rest_route=\/wp\/v2\/pages\/323\/revisions\/324"}],"wp:attachment":[{"href":"https:\/\/rk.johvi.ee\/index.php?rest_route=%2Fwp%2Fv2%2Fmedia&parent=323"}],"curies":[{"name":"wp","href":"https:\/\/api.w.org\/{rel}","templated":true}]}}