{"id":333,"date":"2020-10-19T14:29:38","date_gmt":"2020-10-19T11:29:38","guid":{"rendered":"https:\/\/rk.johvi.ee\/?page_id=333"},"modified":"2026-03-02T13:43:39","modified_gmt":"2026-03-02T11:43:39","slug":"noukogu","status":"publish","type":"page","link":"https:\/\/rk.johvi.ee\/?page_id=333","title":{"rendered":"N\u00f5ukogu"},"content":{"rendered":"<p>J\u00f5hvi Keskraamatukogu n\u00f5ukogu kinnitab vallavalitsus oma korraldusega.&nbsp;N\u00f5ukogul on \u00f5igus teha ettepanekuid raamatukogu tegevuse kavandamiseks ja anal\u00fc\u00fcsimiseks ning raamatukoguteeninduse paremaks korraldamiseks.<\/p>\n<p>N\u00f5ukogu on viieliikmeline. Liikme volituste t\u00e4htaeg on neli aastat.<\/p>\n<p>N\u00f5ukogu koosolekud toimuvad vastavalt vajadusele, kuid mitte harvem kui kaks korda aastas. N\u00f5ukogu koosolekutest v\u00f5tab osa raamatukogu direktor.<\/p>\n<p>J\u00f5hvi Keskraamatukogu n\u00f5ukogu liikmed:<\/p>\n<p>Vallo Reimaa&nbsp; volikogu esimees<\/p>\n<p>Ingrid Spitz&nbsp; &nbsp; vallavalitsuse esindaja<\/p>\n<p>Reet Kaldur&nbsp; raamatukogu esindaja<\/p>\n<p>Mari-Liis Kallikorm&nbsp; lugejate esindaja<\/p>\n<p>Anneli Lamp lugejate esindaja<\/p>\n","protected":false},"excerpt":{"rendered":"<p>J\u00f5hvi Keskraamatukogu n\u00f5ukogu kinnitab vallavalitsus oma korraldusega.&nbsp;N\u00f5ukogul on \u00f5igus teha ettepanekuid raamatukogu tegevuse kavandamiseks ja anal\u00fc\u00fcsimiseks ning raamatukoguteeninduse paremaks korraldamiseks. N\u00f5ukogu on viieliikmeline. Liikme volituste t\u00e4htaeg on neli aastat. N\u00f5ukogu koosolekud toimuvad vastavalt vajadusele, kuid mitte harvem kui kaks korda aastas. N\u00f5ukogu koosolekutest v\u00f5tab osa raamatukogu direktor. J\u00f5hvi Keskraamatukogu n\u00f5ukogu liikmed: Vallo Reimaa&nbsp; volikogu esimees [&hellip;]<\/p>\n","protected":false},"author":2,"featured_media":0,"parent":0,"menu_order":0,"comment_status":"closed","ping_status":"closed","template":"","meta":{"_monsterinsights_skip_tracking":false,"_monsterinsights_sitenote_active":false,"_monsterinsights_sitenote_note":"","_monsterinsights_sitenote_category":0,"ngg_post_thumbnail":0,"footnotes":""},"class_list":["post-333","page","type-page","status-publish","hentry"],"_links":{"self":[{"href":"https:\/\/rk.johvi.ee\/index.php?rest_route=\/wp\/v2\/pages\/333","targetHints":{"allow":["GET"]}}],"collection":[{"href":"https:\/\/rk.johvi.ee\/index.php?rest_route=\/wp\/v2\/pages"}],"about":[{"href":"https:\/\/rk.johvi.ee\/index.php?rest_route=\/wp\/v2\/types\/page"}],"author":[{"embeddable":true,"href":"https:\/\/rk.johvi.ee\/index.php?rest_route=\/wp\/v2\/users\/2"}],"replies":[{"embeddable":true,"href":"https:\/\/rk.johvi.ee\/index.php?rest_route=%2Fwp%2Fv2%2Fcomments&post=333"}],"version-history":[{"count":5,"href":"https:\/\/rk.johvi.ee\/index.php?rest_route=\/wp\/v2\/pages\/333\/revisions"}],"predecessor-version":[{"id":4509,"href":"https:\/\/rk.johvi.ee\/index.php?rest_route=\/wp\/v2\/pages\/333\/revisions\/4509"}],"wp:attachment":[{"href":"https:\/\/rk.johvi.ee\/index.php?rest_route=%2Fwp%2Fv2%2Fmedia&parent=333"}],"curies":[{"name":"wp","href":"https:\/\/api.w.org\/{rel}","templated":true}]}}