{"id":386,"date":"2020-10-19T15:49:18","date_gmt":"2020-10-19T12:49:18","guid":{"rendered":"https:\/\/rk.johvi.ee\/?page_id=386"},"modified":"2026-01-06T14:08:05","modified_gmt":"2026-01-06T12:08:05","slug":"personal","status":"publish","type":"page","link":"https:\/\/rk.johvi.ee\/?page_id=386","title":{"rendered":"Personal"},"content":{"rendered":"<p><strong>Direktor: <\/strong>Eve Kottise<br \/>\ntel. 5919 9087<br \/>\ne-post: eve.kottise<span id=\"cloak6298d85f74fadf38ccf4e8b871f0df4b\">@<\/span>rk.johvi.ee<\/p>\n<p><strong>Arendusjuht:<\/strong> Tiia Linnard<br \/>\ntel. 558 4247<br \/>\ne-post:&nbsp;<span id=\"cloak6298d85f74fadf38ccf4e8b871f0df4b\">tiia.linnard@rk.johvi.ee<\/span><\/p>\n<p><strong>Kojulaenutus<\/strong><br \/>\ntel. 33 70 444<br \/>\nKatrin Rego,&nbsp;e-post:&nbsp;<span id=\"cloak4468dd964952528aa3320708ac5b6661\">katrin.rego@rk.johvi.ee<\/span><br \/>\nIrina Averina,&nbsp;e-post:&nbsp;<span id=\"cloak88853f5e3217da61da1f8c3ee267a6ae\">irina.aver<\/span>ina@rk.johvi.ee<\/p>\n<p><strong>Lugemissaal<\/strong><br \/>\ntel. 33 70 444, 5907 4760<br \/>\nVally Kallik, e-post:&nbsp;<span id=\"cloak8ee5d4261ec9ad99896d22d8e1a2acd1\">vally.kallik@rk.johvi.ee<br \/>\nAnneli Arge, e-post: anneli.arge@rk.johvi.ee<\/span><\/p>\n<p><strong>Lasteosakond<\/strong><br \/>\ntel. 33 70 536, 5382 7060<br \/>\nLastet\u00f6\u00f6 juht: Reet Kaldur, e-post:&nbsp;<span id=\"cloak30879c6ba83aadcd139a663720612c0e\">reet.kaldur@rk.johvi.ee<\/span><br \/>\nLastet\u00f6\u00f6 spetsialist: Gerri Orgma, e-post: <span id=\"cloak3762e26fcf842727679947f82f7dd0ee\">gerri.orgma@rk.johvi.ee<\/span><\/p>\n<p><strong>Komplekteerimisosakond<\/strong><br \/>\nKomplekteerimisjuht: Piret Kallas<br \/>\ntel. 33 70 615<br \/>\ne-post:&nbsp;<span id=\"cloak17048e814c19cd51d1098e7e4b4e5911\">piret.kallas@rk.johvi.ee<\/span><\/p>\n<p>Liia Kask, e-post:&nbsp;<span id=\"cloak356682592e3f17d8485bda5399c3e045\">liia.kask@rk.johvi.ee<\/span><br \/>\nRiina Rannamaa, e-post:&nbsp;<span id=\"cloakcd539642520c98076e29c6c4ec8d5101\">riina.rannamaa@rk.johvi.ee<\/span><\/p>\n<p><strong>Tammiku raamatukogu<\/strong><br \/>\ntel. 33 64 064<\/p>\n","protected":false},"excerpt":{"rendered":"<p>Direktor: Eve Kottise tel. 5919 9087 e-post: eve.kottise@rk.johvi.ee Arendusjuht: Tiia Linnard tel. 558 4247 e-post:&nbsp;tiia.linnard@rk.johvi.ee Kojulaenutus tel. 33 70 444 Katrin Rego,&nbsp;e-post:&nbsp;katrin.rego@rk.johvi.ee Irina Averina,&nbsp;e-post:&nbsp;irina.averina@rk.johvi.ee Lugemissaal tel. 33 70 444, 5907 4760 Vally Kallik, e-post:&nbsp;vally.kallik@rk.johvi.ee Anneli Arge, e-post: anneli.arge@rk.johvi.ee Lasteosakond tel. 33 70 536, 5382 7060 Lastet\u00f6\u00f6 juht: Reet Kaldur, e-post:&nbsp;reet.kaldur@rk.johvi.ee Lastet\u00f6\u00f6 spetsialist: Gerri Orgma, e-post: [&hellip;]<\/p>\n","protected":false},"author":2,"featured_media":0,"parent":0,"menu_order":0,"comment_status":"closed","ping_status":"closed","template":"","meta":{"_monsterinsights_skip_tracking":false,"_monsterinsights_sitenote_active":false,"_monsterinsights_sitenote_note":"","_monsterinsights_sitenote_category":0,"ngg_post_thumbnail":0,"footnotes":""},"class_list":["post-386","page","type-page","status-publish","hentry"],"_links":{"self":[{"href":"https:\/\/rk.johvi.ee\/index.php?rest_route=\/wp\/v2\/pages\/386","targetHints":{"allow":["GET"]}}],"collection":[{"href":"https:\/\/rk.johvi.ee\/index.php?rest_route=\/wp\/v2\/pages"}],"about":[{"href":"https:\/\/rk.johvi.ee\/index.php?rest_route=\/wp\/v2\/types\/page"}],"author":[{"embeddable":true,"href":"https:\/\/rk.johvi.ee\/index.php?rest_route=\/wp\/v2\/users\/2"}],"replies":[{"embeddable":true,"href":"https:\/\/rk.johvi.ee\/index.php?rest_route=%2Fwp%2Fv2%2Fcomments&post=386"}],"version-history":[{"count":25,"href":"https:\/\/rk.johvi.ee\/index.php?rest_route=\/wp\/v2\/pages\/386\/revisions"}],"predecessor-version":[{"id":4378,"href":"https:\/\/rk.johvi.ee\/index.php?rest_route=\/wp\/v2\/pages\/386\/revisions\/4378"}],"wp:attachment":[{"href":"https:\/\/rk.johvi.ee\/index.php?rest_route=%2Fwp%2Fv2%2Fmedia&parent=386"}],"curies":[{"name":"wp","href":"https:\/\/api.w.org\/{rel}","templated":true}]}}