{"id":400,"date":"2020-10-20T09:33:32","date_gmt":"2020-10-20T06:33:32","guid":{"rendered":"https:\/\/rk.johvi.ee\/?page_id=400"},"modified":"2026-04-25T10:53:14","modified_gmt":"2026-04-25T07:53:14","slug":"raamatukogudele","status":"publish","type":"page","link":"https:\/\/rk.johvi.ee\/?page_id=400","title":{"rendered":"Raamatukogudele"},"content":{"rendered":"<p><strong>Seadused ja juhendmaterjalid<\/strong><\/p>\n<p><a href=\"https:\/\/www.riigiteataja.ee\/akt\/12798044?leiaKehtiv\" target=\"_blank\" rel=\"noopener noreferrer\">Rahvaraamatukogu seadus<\/a><\/p>\n<p><a href=\"https:\/\/www.riigiteataja.ee\/akt\/12828432?leiaKehtiv\" target=\"_blank\" rel=\"noopener noreferrer\">Rahvaraamatukogu t\u00f6\u00f6korralduse juhend<\/a><\/p>\n<p><a href=\"http:\/\/www.kutsekoda.ee\/et\/kutseregister\/kutsestandardid\/10086910\/lae\/188.doc\" target=\"_blank\" rel=\"noopener noreferrer\">Raamatukoguhoidja kutsestandard\u00a0<\/a><\/p>\n<p><a href=\"https:\/\/www.riigiteataja.ee\/akt\/810714?leiaKehtiv\" target=\"_blank\" rel=\"noopener noreferrer\">Autori\u00f5iguse seadus<\/a><\/p>\n<p><a href=\"https:\/\/www.riigiteataja.ee\/akt\/12909389?leiaKehtiv\" target=\"_blank\" rel=\"noopener noreferrer\">Isikuandmete kaitse seadus\u00a0<\/a><\/p>\n<p><a href=\"https:\/\/www.riigiteataja.ee\/ert\/act.jsp?id=75308\" target=\"_blank\" rel=\"noopener noreferrer\">Eesti infopoliitika p\u00f5hialused<\/a><\/p>\n<p><a href=\"http:\/\/www.nlib.ee\/rr-standardid\/\" target=\"_blank\" rel=\"noopener noreferrer\">Raamatukogudevaheline laenutus (RVL): P\u00f5him\u00f5tted ja \u00fcldn\u00f5uded\u00a0<\/a><br \/>\nRRS 5:2008<\/p>\n<p><a href=\"https:\/\/www.riigiteataja.ee\/akt\/110062015010\" target=\"_blank\" rel=\"noopener noreferrer\">T\u00e4iskasvanute koolituse seadus<\/a><\/p>\n<p><strong>Organisatsioonid<\/strong><\/p>\n<p><a href=\"http:\/\/eru.lib.ee\/\" target=\"_blank\" rel=\"noopener noreferrer\">Eesti Raamatukoguhoidjate \u00dching\u00a0<\/a><\/p>\n<p><a href=\"http:\/\/www.nlib.ee\/\" target=\"_blank\" rel=\"noopener noreferrer\">Eesti Rahvusraamatukogu<\/a><\/p>\n<p><a href=\"http:\/\/www.kul.ee\/\" target=\"_blank\" rel=\"noopener noreferrer\">EV Kultuuriministeerium<\/a><\/p>\n<p><strong>Andmebaasid, s\u00f5nastikud<\/strong><\/p>\n<p><a href=\"https:\/\/ems.elnet.ee\/index.php\">Eesti m\u00e4rks\u00f5nastik (EMS)<\/a><\/p>\n<p><a href=\"https:\/\/erba.tlulib.ee\/\">Eesti raamatukogunduse biograafiline andmebaas (ERBA)<\/a><\/p>\n<p><a href=\"http:\/\/www.nlib.ee\/termin\/\" target=\"_blank\" rel=\"noopener noreferrer\">Raamatukogus\u00f5nastik\u00a0<\/a><\/p>\n","protected":false},"excerpt":{"rendered":"<p>Seadused ja juhendmaterjalid Rahvaraamatukogu seadus Rahvaraamatukogu t\u00f6\u00f6korralduse juhend Raamatukoguhoidja kutsestandard\u00a0 Autori\u00f5iguse seadus Isikuandmete kaitse seadus\u00a0 Eesti infopoliitika p\u00f5hialused Raamatukogudevaheline laenutus (RVL): P\u00f5him\u00f5tted ja \u00fcldn\u00f5uded\u00a0 RRS 5:2008 T\u00e4iskasvanute koolituse seadus Organisatsioonid Eesti Raamatukoguhoidjate \u00dching\u00a0 Eesti Rahvusraamatukogu EV Kultuuriministeerium Andmebaasid, s\u00f5nastikud Eesti m\u00e4rks\u00f5nastik (EMS) Eesti raamatukogunduse biograafiline andmebaas (ERBA) Raamatukogus\u00f5nastik\u00a0<\/p>\n","protected":false},"author":2,"featured_media":0,"parent":0,"menu_order":0,"comment_status":"closed","ping_status":"closed","template":"","meta":{"_monsterinsights_skip_tracking":false,"_monsterinsights_sitenote_active":false,"_monsterinsights_sitenote_note":"","_monsterinsights_sitenote_category":0,"ngg_post_thumbnail":0,"footnotes":""},"class_list":["post-400","page","type-page","status-publish","hentry"],"_links":{"self":[{"href":"https:\/\/rk.johvi.ee\/index.php?rest_route=\/wp\/v2\/pages\/400","targetHints":{"allow":["GET"]}}],"collection":[{"href":"https:\/\/rk.johvi.ee\/index.php?rest_route=\/wp\/v2\/pages"}],"about":[{"href":"https:\/\/rk.johvi.ee\/index.php?rest_route=\/wp\/v2\/types\/page"}],"author":[{"embeddable":true,"href":"https:\/\/rk.johvi.ee\/index.php?rest_route=\/wp\/v2\/users\/2"}],"replies":[{"embeddable":true,"href":"https:\/\/rk.johvi.ee\/index.php?rest_route=%2Fwp%2Fv2%2Fcomments&post=400"}],"version-history":[{"count":7,"href":"https:\/\/rk.johvi.ee\/index.php?rest_route=\/wp\/v2\/pages\/400\/revisions"}],"predecessor-version":[{"id":4636,"href":"https:\/\/rk.johvi.ee\/index.php?rest_route=\/wp\/v2\/pages\/400\/revisions\/4636"}],"wp:attachment":[{"href":"https:\/\/rk.johvi.ee\/index.php?rest_route=%2Fwp%2Fv2%2Fmedia&parent=400"}],"curies":[{"name":"wp","href":"https:\/\/api.w.org\/{rel}","templated":true}]}}