{"id":419,"date":"2020-10-20T10:51:53","date_gmt":"2020-10-20T07:51:53","guid":{"rendered":"https:\/\/rk.johvi.ee\/?page_id=419"},"modified":"2026-03-26T12:35:56","modified_gmt":"2026-03-26T10:35:56","slug":"raamatute-laenutamine","status":"publish","type":"page","link":"https:\/\/rk.johvi.ee\/?page_id=419","title":{"rendered":"Raamatute laenutamine"},"content":{"rendered":"<p>Raamatuid saad koju laenutada 3-ks n\u00e4dalaks ja vajadusel t\u00e4htaega pikendada. Pikendamine on v\u00f5imalik vaid sel juhul, kui raamatule pole vahepeal j\u00e4rjekorda tekkinud.<\/p>\n<ul>\n<li>Raamatute laenut\u00e4htaega saad pikendada telefoni teel 33 70536 , e-posti aadressil laste(at)rk.johvi.ee v\u00f5i ise kohale tulles.<\/li>\n<li>\u00c4ra unusta pikendada! Kui raamatukogu raamat j\u00e4\u00e4b Sinu k\u00e4tte \u00fcle t\u00e4htaja, pead tasuma viivist 0,05 eurot iga hilinetud p\u00e4eva eest. <strong>Iga kuu esimene t\u00f6\u00f6p\u00e4ev on viivisevaba<\/strong>.<\/li>\n<li>Kui soovitud raamat on hetkel laenutatud teisele lugejale, on Sul v\u00f5imalik seda <strong>reserveerida<\/strong>&nbsp;ehk j\u00e4rjekorda panna. Seda saad teha laenutusletis v\u00f5i telefoni teel. Kui oled andnud meile oma e-posti&nbsp;aadressi, tuleb Sinu postkasti teade raamatu saabumisest. Soovi korral v\u00f5ime teavitada raamatu saabumisest ka telefoni teel.<\/li>\n<li>P\u00fc\u00fca raamatukogu raamatut h\u00e4sti hoida, siis on j\u00e4rgmistel lugejatel neid hea k\u00e4tte v\u00f5tta.<\/li>\n<\/ul>\n","protected":false},"excerpt":{"rendered":"<p>Raamatuid saad koju laenutada 3-ks n\u00e4dalaks ja vajadusel t\u00e4htaega pikendada. Pikendamine on v\u00f5imalik vaid sel juhul, kui raamatule pole vahepeal j\u00e4rjekorda tekkinud. Raamatute laenut\u00e4htaega saad pikendada telefoni teel 33 70536 , e-posti aadressil laste(at)rk.johvi.ee v\u00f5i ise kohale tulles. \u00c4ra unusta pikendada! Kui raamatukogu raamat j\u00e4\u00e4b Sinu k\u00e4tte \u00fcle t\u00e4htaja, pead tasuma viivist 0,05 eurot iga [&hellip;]<\/p>\n","protected":false},"author":2,"featured_media":0,"parent":0,"menu_order":0,"comment_status":"closed","ping_status":"closed","template":"","meta":{"_monsterinsights_skip_tracking":false,"_monsterinsights_sitenote_active":false,"_monsterinsights_sitenote_note":"","_monsterinsights_sitenote_category":0,"ngg_post_thumbnail":0,"footnotes":""},"class_list":["post-419","page","type-page","status-publish","hentry"],"_links":{"self":[{"href":"https:\/\/rk.johvi.ee\/index.php?rest_route=\/wp\/v2\/pages\/419","targetHints":{"allow":["GET"]}}],"collection":[{"href":"https:\/\/rk.johvi.ee\/index.php?rest_route=\/wp\/v2\/pages"}],"about":[{"href":"https:\/\/rk.johvi.ee\/index.php?rest_route=\/wp\/v2\/types\/page"}],"author":[{"embeddable":true,"href":"https:\/\/rk.johvi.ee\/index.php?rest_route=\/wp\/v2\/users\/2"}],"replies":[{"embeddable":true,"href":"https:\/\/rk.johvi.ee\/index.php?rest_route=%2Fwp%2Fv2%2Fcomments&post=419"}],"version-history":[{"count":3,"href":"https:\/\/rk.johvi.ee\/index.php?rest_route=\/wp\/v2\/pages\/419\/revisions"}],"predecessor-version":[{"id":4559,"href":"https:\/\/rk.johvi.ee\/index.php?rest_route=\/wp\/v2\/pages\/419\/revisions\/4559"}],"wp:attachment":[{"href":"https:\/\/rk.johvi.ee\/index.php?rest_route=%2Fwp%2Fv2%2Fmedia&parent=419"}],"curies":[{"name":"wp","href":"https:\/\/api.w.org\/{rel}","templated":true}]}}