{"id":421,"date":"2020-10-20T10:54:02","date_gmt":"2020-10-20T07:54:02","guid":{"rendered":"https:\/\/rk.johvi.ee\/?page_id=421"},"modified":"2020-10-20T10:54:02","modified_gmt":"2020-10-20T07:54:02","slug":"uued-raamatud-ja-ajakirjad","status":"publish","type":"page","link":"https:\/\/rk.johvi.ee\/?page_id=421","title":{"rendered":"Uued raamatud ja ajakirjad"},"content":{"rendered":"<ul>\n<li>Kui Sind huvitavad k\u00f5ige uuemad raamatud lasteosakonnas, v\u00f5id piiluda uudiskirjanduse nimekirja, mida koostame korra kuus.<\/li>\n<li>Selle nimekirja v\u00f5id tellida ka oma e-posti aadressile. Uudiskirjanduse nimekirja leiad ka raamatukogu <a href=\"http:\/\/www.lugeja.ee\/libraryHomepageContact\/1033\" target=\"_blank\" rel=\"noopener noreferrer\">e-kataloogist<\/a>.<\/li>\n<li>Lasteosakonda tellitud ajakirjade loetelu leiad <a href=\"https:\/\/rk.johvi.ee\/?page_id=79\">siit.\u00a0<\/a><\/li>\n<\/ul>\n","protected":false},"excerpt":{"rendered":"<p>Kui Sind huvitavad k\u00f5ige uuemad raamatud lasteosakonnas, v\u00f5id piiluda uudiskirjanduse nimekirja, mida koostame korra kuus. Selle nimekirja v\u00f5id tellida ka oma e-posti aadressile. Uudiskirjanduse nimekirja leiad ka raamatukogu e-kataloogist. Lasteosakonda tellitud ajakirjade loetelu leiad siit.\u00a0<\/p>\n","protected":false},"author":2,"featured_media":0,"parent":0,"menu_order":0,"comment_status":"closed","ping_status":"closed","template":"","meta":{"_monsterinsights_skip_tracking":false,"_monsterinsights_sitenote_active":false,"_monsterinsights_sitenote_note":"","_monsterinsights_sitenote_category":0,"ngg_post_thumbnail":0,"footnotes":""},"class_list":["post-421","page","type-page","status-publish","hentry"],"_links":{"self":[{"href":"https:\/\/rk.johvi.ee\/index.php?rest_route=\/wp\/v2\/pages\/421","targetHints":{"allow":["GET"]}}],"collection":[{"href":"https:\/\/rk.johvi.ee\/index.php?rest_route=\/wp\/v2\/pages"}],"about":[{"href":"https:\/\/rk.johvi.ee\/index.php?rest_route=\/wp\/v2\/types\/page"}],"author":[{"embeddable":true,"href":"https:\/\/rk.johvi.ee\/index.php?rest_route=\/wp\/v2\/users\/2"}],"replies":[{"embeddable":true,"href":"https:\/\/rk.johvi.ee\/index.php?rest_route=%2Fwp%2Fv2%2Fcomments&post=421"}],"version-history":[{"count":1,"href":"https:\/\/rk.johvi.ee\/index.php?rest_route=\/wp\/v2\/pages\/421\/revisions"}],"predecessor-version":[{"id":422,"href":"https:\/\/rk.johvi.ee\/index.php?rest_route=\/wp\/v2\/pages\/421\/revisions\/422"}],"wp:attachment":[{"href":"https:\/\/rk.johvi.ee\/index.php?rest_route=%2Fwp%2Fv2%2Fmedia&parent=421"}],"curies":[{"name":"wp","href":"https:\/\/api.w.org\/{rel}","templated":true}]}}