{"id":543,"date":"2020-10-22T13:23:04","date_gmt":"2020-10-22T10:23:04","guid":{"rendered":"https:\/\/rk.johvi.ee\/?page_id=543"},"modified":"2026-01-05T17:01:56","modified_gmt":"2026-01-05T15:01:56","slug":"%d0%b7%d0%b0%d0%ba%d0%b0%d0%b7%d0%b0%d0%bd%d0%bd%d0%b0%d1%8f-%d0%bf%d0%b5%d1%80%d0%b8%d0%be%d0%b4%d0%b8%d0%ba%d0%b0","status":"publish","type":"page","link":"https:\/\/rk.johvi.ee\/?page_id=543&lang=ru","title":{"rendered":"\u041f\u0435\u0440\u0438\u043e\u0434\u0438\u043a\u0430"},"content":{"rendered":"<p>\u0412\u0441\u0435 \u0436\u0443\u0440\u043d\u0430\u043b\u044b \u0438 \u0435\u0436\u0435\u043d\u0435\u0434\u0435\u043b\u044c\u043d\u044b\u0435 \u0433\u0430\u0437\u0435\u0442\u044b \u0432\u044b\u0434\u0430\u044e\u0442\u0441\u044f \u043d\u0430 \u0434\u043e\u043c (\u043a\u0440\u043e\u043c\u0435 \u043f\u043e\u0441\u043b\u0435\u0434\u043d\u0435\u0433\u043e \u043d\u043e\u043c\u0435\u0440\u0430). \u041d\u043e\u043c\u0435\u0440\u0430 \u0442\u0435\u043a\u0443\u0449\u0435\u0433\u043e \u0433\u043e\u0434\u0430 \u043c\u043e\u0436\u043d\u043e \u0432\u0437\u044f\u0442\u044c \u043d\u0430 8 \u0434\u043d\u0435\u0439, \u0431\u043e\u043b\u0435\u0435 \u0440\u0430\u043d\u043d\u0438\u0435 \u043d\u043e\u043c\u0435\u0440\u0430 &#8211; \u043d\u0430 21 \u0434\u0435\u043d\u044c.<\/p>\n<p>\u0412 \u043e\u0431\u0449\u0435\u043c \u0441\u043b\u0443\u0447\u0430\u0435 \u0441\u043e\u0445\u0440\u0430\u043d\u044f\u044e\u0442\u0441\u044f \u0436\u0443\u0440\u043d\u0430\u043b\u044b \u0437\u0430 \u043f\u043e\u0441\u043b\u0435\u0434\u043d\u0438\u0435 \u0442\u0440\u0438 \u0433\u043e\u0434\u0430. \u0411\u043e\u043b\u0435\u0435 \u0442\u043e\u0447\u043d\u0443\u044e \u0438\u043d\u0444\u043e\u0440\u043c\u0430\u0446\u0438\u044e \u043e\u0431 \u0438\u043c\u0435\u044e\u0449\u0438\u0445\u0441\u044f \u0436\u0443\u0440\u043d\u0430\u043b\u0430\u0445 \u043c\u043e\u0436\u043d\u043e \u043d\u0430\u0439\u0442\u0438 \u0432 \u044d\u043b\u0435\u043a\u0442\u0440\u043e\u043d\u043d\u043e\u043c \u043a\u0430\u0442\u0430\u043b\u043e\u0433\u0435 \u0431\u0438\u0431\u043b\u0438\u043e\u0442\u0435\u043a\u0438&nbsp;<a href=\"http:\/\/www.lugeja.ee\/catalogAdvancedSearch?libraryId=1033\" target=\"_blank\" rel=\"noopener noreferrer\">\u0437\u0434\u0435\u0441\u044c<\/a>.<\/p>\n<p>\u0413\u0430\u0437\u0435\u0442\u044b \u0445\u0440\u0430\u043d\u044f\u0442\u0441\u044f \u043e\u0434\u0438\u043d \u0433\u043e\u0434. \u0411\u043e\u043b\u0435\u0435 \u0434\u043e\u043b\u0433\u0438\u0439 \u0441\u0440\u043e\u043a \u0445\u0440\u0430\u043d\u0435\u043d\u0438\u044f:<br \/>\n&#8220;\u0421\u0435\u0432\u0435\u0440\u043d\u043e\u0435 \u043f\u043e\u0431\u0435\u0440\u0435\u0436\u044c\u0435&#8221; \u2014 \u0441 1992 \u0433\u043e\u0434\u0430<br \/>\nP\u00f5hjarannik \u2013 \u0441 1991 \u0433\u043e\u0434\u0430<\/p>\n<p>\u0421\u043f\u0438\u0441\u043e\u043a \u043f\u0435\u0440\u0438\u043e\u0434\u0438\u043a\u0438 \u043d\u0430 2026 \u0433\u043e\u0434:<\/p>\n<table width=\"770\">\n<tbody>\n<tr>\n<td width=\"485\"><strong>Eestikeelsed ajalehed<\/strong><\/td>\n<td width=\"284\">&nbsp;<\/td>\n<\/tr>\n<tr>\n<td width=\"485\">Eesti Ekspress<\/td>\n<td width=\"284\">\u0427\u0438\u0442\u0430\u043b\u044c\u043d\u044b\u0439 \u0437\u0430\u043b<\/td>\n<\/tr>\n<tr>\n<td width=\"485\">J\u00f5hvi Teataja<\/td>\n<td width=\"284\">\u0427\u0438\u0442\u0430\u043b\u044c\u043d\u044b\u0439 \u0437\u0430\u043b<\/td>\n<\/tr>\n<tr>\n<td width=\"485\">KesKus&nbsp;<\/td>\n<td width=\"284\">\u0427\u0438\u0442\u0430\u043b\u044c\u043d\u044b\u0439 \u0437\u0430\u043b<\/td>\n<\/tr>\n<tr>\n<td width=\"485\">Maaleht<\/td>\n<td width=\"284\">\u0427\u0438\u0442\u0430\u043b\u044c\u043d\u044b\u0439 \u0437\u0430\u043b<\/td>\n<\/tr>\n<tr>\n<td width=\"485\">M\u00fc\u00fcrileht&nbsp;<\/td>\n<td width=\"284\">\u0427\u0438\u0442\u0430\u043b\u044c\u043d\u044b\u0439 \u0437\u0430\u043b<\/td>\n<\/tr>\n<tr>\n<td width=\"485\">N\u00e4dalal\u00f5puleht LP<\/td>\n<td width=\"284\">\u0427\u0438\u0442\u0430\u043b\u044c\u043d\u044b\u0439 \u0437\u0430\u043b<\/td>\n<\/tr>\n<tr>\n<td width=\"485\">Postimees&nbsp;<\/td>\n<td width=\"284\">\u0427\u0438\u0442\u0430\u043b\u044c\u043d\u044b\u0439 \u0437\u0430\u043b<\/td>\n<\/tr>\n<tr>\n<td width=\"485\">P\u00f5hjarannik&nbsp;<\/td>\n<td width=\"284\">\u0427\u0438\u0442\u0430\u043b\u044c\u043d\u044b\u0439 \u0437\u0430\u043b<\/td>\n<\/tr>\n<tr>\n<td width=\"485\">Sirp<\/td>\n<td width=\"284\">\u0427\u0438\u0442\u0430\u043b\u044c\u043d\u044b\u0439 \u0437\u0430\u043b<\/td>\n<\/tr>\n<tr>\n<td width=\"485\">Virumaa Teataja<\/td>\n<td width=\"284\">\u0427\u0438\u0442\u0430\u043b\u044c\u043d\u044b\u0439 \u0437\u0430\u043b<\/td>\n<\/tr>\n<tr>\n<td width=\"485\">\u00d5htuleht<\/td>\n<td width=\"284\">\u0427\u0438\u0442\u0430\u043b\u044c\u043d\u044b\u0439 \u0437\u0430\u043b<\/td>\n<\/tr>\n<tr>\n<td width=\"485\">\u00d5petajate Leht<\/td>\n<td width=\"284\">\u0427\u0438\u0442\u0430\u043b\u044c\u043d\u044b\u0439 \u0437\u0430\u043b<\/td>\n<\/tr>\n<tr>\n<td width=\"485\">&nbsp;<\/td>\n<td width=\"284\">&nbsp;<\/td>\n<\/tr>\n<tr>\n<td width=\"485\"><strong>Eestikeelsed ajakirjad<\/strong><\/td>\n<td width=\"284\">&nbsp;<\/td>\n<\/tr>\n<tr>\n<td width=\"485\">60+<\/td>\n<td width=\"284\">\u0427\u0438\u0442\u0430\u043b\u044c\u043d\u044b\u0439 \u0437\u0430\u043b, \u0422\u0430\u043c\u043c\u0438\u043a\u0443<\/td>\n<\/tr>\n<tr>\n<td width=\"485\">Aed<\/td>\n<td width=\"284\">\u0427\u0438\u0442\u0430\u043b\u044c\u043d\u044b\u0439 \u0437\u0430\u043b<\/td>\n<\/tr>\n<tr>\n<td width=\"485\">Akadeemia<\/td>\n<td width=\"284\">\u0427\u0438\u0442\u0430\u043b\u044c\u043d\u044b\u0439 \u0437\u0430\u043b<\/td>\n<\/tr>\n<tr>\n<td width=\"485\">Anne &amp; Stiil<\/td>\n<td width=\"284\">\u0427\u0438\u0442\u0430\u043b\u044c\u043d\u044b\u0439 \u0437\u0430\u043b<\/td>\n<\/tr>\n<tr>\n<td width=\"485\">Digi<\/td>\n<td width=\"284\">\u0427\u0438\u0442\u0430\u043b\u044c\u043d\u044b\u0439 \u0437\u0430\u043b<\/td>\n<\/tr>\n<tr>\n<td width=\"485\">Diivan<\/td>\n<td width=\"284\">\u0427\u0438\u0442\u0430\u043b\u044c\u043d\u044b\u0439 \u0437\u0430\u043b<\/td>\n<\/tr>\n<tr>\n<td width=\"485\">Edasi.org<\/td>\n<td width=\"284\">\u0427\u0438\u0442\u0430\u043b\u044c\u043d\u044b\u0439 \u0437\u0430\u043b<\/td>\n<\/tr>\n<tr>\n<td width=\"485\">Eesti Kaubandus-T\u00f6\u00f6stuskoja Teataja<\/td>\n<td width=\"284\">\u0427\u0438\u0442\u0430\u043b\u044c\u043d\u044b\u0439 \u0437\u0430\u043b<\/td>\n<\/tr>\n<tr>\n<td width=\"485\">Eesti Loodus<\/td>\n<td width=\"284\">\u0427\u0438\u0442\u0430\u043b\u044c\u043d\u044b\u0439 \u0437\u0430\u043b<\/td>\n<\/tr>\n<tr>\n<td width=\"485\">Eesti Naine&nbsp;<\/td>\n<td width=\"284\">\u0427\u0438\u0442\u0430\u043b\u044c\u043d\u044b\u0439 \u0437\u0430\u043b, \u0422\u0430\u043c\u043c\u0438\u043a\u0443<\/td>\n<\/tr>\n<tr>\n<td width=\"485\">Elamu<\/td>\n<td width=\"284\">\u0427\u0438\u0442\u0430\u043b\u044c\u043d\u044b\u0439 \u0437\u0430\u043b<\/td>\n<\/tr>\n<tr>\n<td width=\"485\">GO Reisiajakiri<\/td>\n<td width=\"284\">\u0427\u0438\u0442\u0430\u043b\u044c\u043d\u044b\u0439 \u0437\u0430\u043b<\/td>\n<\/tr>\n<tr>\n<td width=\"485\">Horisont<\/td>\n<td width=\"284\">\u0427\u0438\u0442\u0430\u043b\u044c\u043d\u044b\u0439 \u0437\u0430\u043b<\/td>\n<\/tr>\n<tr>\n<td width=\"485\">Imeline Ajalugu + erinumbrid<\/td>\n<td width=\"284\">\u0427\u0438\u0442\u0430\u043b\u044c\u043d\u044b\u0439 \u0437\u0430\u043b<\/td>\n<\/tr>\n<tr>\n<td width=\"485\">Imeline Teadus + erinumbrid<\/td>\n<td width=\"284\">\u0427\u0438\u0442\u0430\u043b\u044c\u043d\u044b\u0439 \u0437\u0430\u043b<\/td>\n<\/tr>\n<tr>\n<td width=\"485\">Kaitse Kodu<\/td>\n<td width=\"284\">\u0427\u0438\u0442\u0430\u043b\u044c\u043d\u044b\u0439 \u0437\u0430\u043b<\/td>\n<\/tr>\n<tr>\n<td width=\"485\">Keel ja Kirjandus<\/td>\n<td width=\"284\">\u0427\u0438\u0442\u0430\u043b\u044c\u043d\u044b\u0439 \u0437\u0430\u043b<\/td>\n<\/tr>\n<tr>\n<td width=\"485\">Kodukiri &amp; Aed<\/td>\n<td width=\"284\">\u0427\u0438\u0442\u0430\u043b\u044c\u043d\u044b\u0439 \u0437\u0430\u043b, \u0422\u0430\u043c\u043c\u0438\u043a\u0443<\/td>\n<\/tr>\n<tr>\n<td width=\"485\">Kodutohter<\/td>\n<td width=\"284\">\u0427\u0438\u0442\u0430\u043b\u044c\u043d\u044b\u0439 \u0437\u0430\u043b, \u0422\u0430\u043c\u043c\u0438\u043a\u0443<\/td>\n<\/tr>\n<tr>\n<td width=\"485\">Kroonika&nbsp;<\/td>\n<td width=\"284\">\u0427\u0438\u0442\u0430\u043b\u044c\u043d\u044b\u0439 \u0437\u0430\u043b<\/td>\n<\/tr>\n<tr>\n<td width=\"485\">Kultuur ja Elu<\/td>\n<td width=\"284\">\u0427\u0438\u0442\u0430\u043b\u044c\u043d\u044b\u0439 \u0437\u0430\u043b<\/td>\n<\/tr>\n<tr>\n<td width=\"485\">K\u00e4sit\u00f6\u00f6<\/td>\n<td width=\"284\">\u0427\u0438\u0442\u0430\u043b\u044c\u043d\u044b\u0439 \u0437\u0430\u043b<\/td>\n<\/tr>\n<tr>\n<td width=\"485\">Looming<\/td>\n<td width=\"284\">\u0427\u0438\u0442\u0430\u043b\u044c\u043d\u044b\u0439 \u0437\u0430\u043b<\/td>\n<\/tr>\n<tr>\n<td width=\"485\">Loomingu Raamatukogu<\/td>\n<td width=\"284\">Laenutusosakond<\/td>\n<\/tr>\n<tr>\n<td width=\"485\">Maakodu&nbsp;<\/td>\n<td width=\"284\">\u0427\u0438\u0442\u0430\u043b\u044c\u043d\u044b\u0439 \u0437\u0430\u043b, \u0422\u0430\u043c\u043c\u0438\u043a\u0443<\/td>\n<\/tr>\n<tr>\n<td width=\"485\">Magnaat<\/td>\n<td width=\"284\">\u0427\u0438\u0442\u0430\u043b\u044c\u043d\u044b\u0439 \u0437\u0430\u043b<\/td>\n<\/tr>\n<tr>\n<td width=\"485\">Naisteleht ja Naisteleht 55+<\/td>\n<td width=\"284\">\u0427\u0438\u0442\u0430\u043b\u044c\u043d\u044b\u0439 \u0437\u0430\u043b, \u0422\u0430\u043c\u043c\u0438\u043a\u0443<\/td>\n<\/tr>\n<tr>\n<td width=\"485\">Oma Keel<\/td>\n<td width=\"284\">\u0427\u0438\u0442\u0430\u043b\u044c\u043d\u044b\u0439 \u0437\u0430\u043b<\/td>\n<\/tr>\n<tr>\n<td width=\"485\">Oma Maitse&nbsp;<\/td>\n<td width=\"284\">\u0427\u0438\u0442\u0430\u043b\u044c\u043d\u044b\u0439 \u0437\u0430\u043b<\/td>\n<\/tr>\n<tr>\n<td width=\"485\">Raamatukogu<\/td>\n<td width=\"284\">\u0427\u0438\u0442\u0430\u043b\u044c\u043d\u044b\u0439 \u0437\u0430\u043b<\/td>\n<\/tr>\n<tr>\n<td width=\"485\">Raamatupidamise Uudised<\/td>\n<td width=\"284\">\u0427\u0438\u0442\u0430\u043b\u044c\u043d\u044b\u0439 \u0437\u0430\u043b<\/td>\n<\/tr>\n<tr>\n<td width=\"485\">Radar<\/td>\n<td width=\"284\">\u0427\u0438\u0442\u0430\u043b\u044c\u043d\u044b\u0439 \u0437\u0430\u043b<\/td>\n<\/tr>\n<tr>\n<td width=\"485\">Sinu Mets<\/td>\n<td width=\"284\">\u0427\u0438\u0442\u0430\u043b\u044c\u043d\u044b\u0439 \u0437\u0430\u043b<\/td>\n<\/tr>\n<tr>\n<td width=\"485\">S\u00f5dur<\/td>\n<td width=\"284\">\u0427\u0438\u0442\u0430\u043b\u044c\u043d\u044b\u0439 \u0437\u0430\u043b<\/td>\n<\/tr>\n<tr>\n<td width=\"485\">S\u00e4de<\/td>\n<td width=\"284\">\u0427\u0438\u0442\u0430\u043b\u044c\u043d\u044b\u0439 \u0437\u0430\u043b<\/td>\n<\/tr>\n<tr>\n<td width=\"485\">Teater.Muusika.Kino<\/td>\n<td width=\"284\">\u0427\u0438\u0442\u0430\u043b\u044c\u043d\u044b\u0439 \u0437\u0430\u043b<\/td>\n<\/tr>\n<tr>\n<td width=\"485\">Tehnikamaailm&nbsp;<\/td>\n<td width=\"284\">\u0427\u0438\u0442\u0430\u043b\u044c\u043d\u044b\u0439 \u0437\u0430\u043b<\/td>\n<\/tr>\n<tr>\n<td width=\"485\">TM Kodu &amp; Ehitus<\/td>\n<td width=\"284\">\u0427\u0438\u0442\u0430\u043b\u044c\u043d\u044b\u0439 \u0437\u0430\u043b<\/td>\n<\/tr>\n<tr>\n<td width=\"485\">Tervis Pluss<\/td>\n<td width=\"284\">\u0427\u0438\u0442\u0430\u043b\u044c\u043d\u044b\u0439 \u0437\u0430\u043b<\/td>\n<\/tr>\n<tr>\n<td width=\"485\">Tiiu<\/td>\n<td width=\"284\">\u0427\u0438\u0442\u0430\u043b\u044c\u043d\u044b\u0439 \u0437\u0430\u043b, \u0422\u0430\u043c\u043c\u0438\u043a\u0443<\/td>\n<\/tr>\n<tr>\n<td width=\"485\">Tuna<\/td>\n<td width=\"284\">\u0427\u0438\u0442\u0430\u043b\u044c\u043d\u044b\u0439 \u0437\u0430\u043b<\/td>\n<\/tr>\n<tr>\n<td width=\"485\">T\u00f6\u00f6elu<\/td>\n<td width=\"284\">\u0427\u0438\u0442\u0430\u043b\u044c\u043d\u044b\u0439 \u0437\u0430\u043b<\/td>\n<\/tr>\n<tr>\n<td width=\"485\">Universitas Tartuensis<\/td>\n<td width=\"284\">\u0427\u0438\u0442\u0430\u043b\u044c\u043d\u044b\u0439 \u0437\u0430\u043b<\/td>\n<\/tr>\n<tr>\n<td width=\"485\">Vikerkaar<\/td>\n<td width=\"284\">\u0427\u0438\u0442\u0430\u043b\u044c\u043d\u044b\u0439 \u0437\u0430\u043b<\/td>\n<\/tr>\n<tr>\n<td width=\"485\">V\u00e4rske R\u00f5hk<\/td>\n<td width=\"284\">\u0427\u0438\u0442\u0430\u043b\u044c\u043d\u044b\u0439 \u0437\u0430\u043b<\/td>\n<\/tr>\n<tr>\n<td width=\"485\">&nbsp;<\/td>\n<td width=\"284\">&nbsp;<\/td>\n<\/tr>\n<tr>\n<td width=\"485\"><strong>Venekeelsed ajalehed<\/strong><\/td>\n<td width=\"284\">&nbsp;<\/td>\n<\/tr>\n<tr>\n<td width=\"485\">\u0410\u0439\u0431\u043e\u043b\u0438\u0442<\/td>\n<td width=\"284\">\u0427\u0438\u0442\u0430\u043b\u044c\u043d\u044b\u0439 \u0437\u0430\u043b<\/td>\n<\/tr>\n<tr>\n<td width=\"485\">\u0410IF \u0415\u0432\u0440\u043e\u043f\u0430<\/td>\n<td width=\"284\">\u0427\u0438\u0442\u0430\u043b\u044c\u043d\u044b\u0439 \u0437\u0430\u043b<\/td>\n<\/tr>\n<tr>\n<td width=\"485\">\u0414\u0430\u0439\u0434\u0436\u0435\u0441\u0442 + \u0418\u043d\u0444\u043e\u043f\u0440\u0435\u0441\u0441<\/td>\n<td width=\"284\">\u0427\u0438\u0442\u0430\u043b\u044c\u043d\u044b\u0439 \u0437\u0430\u043b<\/td>\n<\/tr>\n<tr>\n<td width=\"485\">\u041c\u041a \u042d\u0441\u0442\u043e\u043d\u0438\u044f<\/td>\n<td width=\"284\">\u0427\u0438\u0442\u0430\u043b\u044c\u043d\u044b\u0439 \u0437\u0430\u043b<\/td>\n<\/tr>\n<tr>\n<td width=\"485\">\u0421\u0435\u0432\u0435\u0440\u043d\u043e\u0435 \u043f\u043e\u0431\u0435\u0440\u0435\u0436\u044c\u0435&nbsp;<\/td>\n<td width=\"284\">\u0427\u0438\u0442\u0430\u043b\u044c\u043d\u044b\u0439 \u0437\u0430\u043b<\/td>\n<\/tr>\n<tr>\n<td width=\"485\">\u0425\u043e\u0440\u043e\u0448\u0435\u0435 \u0447\u0442\u0438\u0432\u043e<\/td>\n<td width=\"284\">\u0427\u0438\u0442\u0430\u043b\u044c\u043d\u044b\u0439 \u0437\u0430\u043b<\/td>\n<\/tr>\n<tr>\n<td width=\"485\">\u042d\u0441\u0442\u043e\u043d\u0441\u043a\u0438\u0439 \u044d\u043a\u0441\u043f\u0440\u0435\u0441\u0441&nbsp;<\/td>\n<td width=\"284\">\u0427\u0438\u0442\u0430\u043b\u044c\u043d\u044b\u0439 \u0437\u0430\u043b<\/td>\n<\/tr>\n<tr>\n<td width=\"485\">&nbsp;<\/td>\n<td width=\"284\">&nbsp;<\/td>\n<\/tr>\n<tr>\n<td width=\"485\"><strong>Venekeelsed ajakirjad<\/strong><\/td>\n<td width=\"284\">&nbsp;<\/td>\n<\/tr>\n<tr>\n<td width=\"485\">1000 \u0441\u043e\u0432\u0435\u0442\u043e\u0432<\/td>\n<td width=\"284\">\u0427\u0438\u0442\u0430\u043b\u044c\u043d\u044b\u0439 \u0437\u0430\u043b<\/td>\n<\/tr>\n<tr>\n<td width=\"485\">1000 \u0441\u043e\u0432\u0435\u0442\u043e\u0432 \u0434\u0430\u0447\u043d\u0438\u043a\u0443<\/td>\n<td width=\"284\">\u0427\u0438\u0442\u0430\u043b\u044c\u043d\u044b\u0439 \u0437\u0430\u043b<\/td>\n<\/tr>\n<tr>\n<td width=\"485\">Jana Luxury<\/td>\n<td width=\"284\">\u0427\u0438\u0442\u0430\u043b\u044c\u043d\u044b\u0439 \u0437\u0430\u043b<\/td>\n<\/tr>\n<tr>\n<td width=\"485\">L\u00b4Officiel Baltic<\/td>\n<td width=\"284\">\u0427\u0438\u0442\u0430\u043b\u044c\u043d\u044b\u0439 \u0437\u0430\u043b<\/td>\n<\/tr>\n<tr>\n<td width=\"485\">\u0410\u0437\u0431\u0443\u043a\u0430 \u0437\u0434\u043e\u0440\u043e\u0432\u044c\u044f<\/td>\n<td width=\"284\">\u0427\u0438\u0442\u0430\u043b\u044c\u043d\u044b\u0439 \u0437\u0430\u043b<\/td>\n<\/tr>\n<tr>\n<td width=\"485\">\u0411\u0430\u0431\u0443\u0448\u043a\u0430 \u0446\u0435\u043b\u0438\u0442\u0435\u043b\u044c\u043d\u0438\u0446\u0430<\/td>\n<td width=\"284\">\u0427\u0438\u0442\u0430\u043b\u044c\u043d\u044b\u0439 \u0437\u0430\u043b<\/td>\n<\/tr>\n<tr>\n<td width=\"485\">Lilit<\/td>\n<td width=\"284\">\u0427\u0438\u0442\u0430\u043b\u044c\u043d\u044b\u0439 \u0437\u0430\u043b<\/td>\n<\/tr>\n<tr>\n<td width=\"485\">\u041e\u0434\u043d\u0430\u043a\u043e, \u0436\u0438\u0437\u043d\u044c!<\/td>\n<td width=\"284\">\u0427\u0438\u0442\u0430\u043b\u044c\u043d\u044b\u0439 \u0437\u0430\u043b<\/td>\n<\/tr>\n<tr>\n<td width=\"485\">\u0421\u0435\u043c\u0435\u0440\u043e \u0441 \u043b\u043e\u0436\u043a\u043e\u0439<\/td>\n<td width=\"284\">\u0427\u0438\u0442\u0430\u043b\u044c\u043d\u044b\u0439 \u0437\u0430\u043b<\/td>\n<\/tr>\n<tr>\n<td width=\"485\">&nbsp;<\/td>\n<td width=\"284\">&nbsp;<\/td>\n<\/tr>\n<tr>\n<td width=\"485\"><strong>V\u00f5\u00f5rkeelsed ajakirjad<\/strong><\/td>\n<td width=\"284\">&nbsp;<\/td>\n<\/tr>\n<tr>\n<td width=\"485\">Burda (ENG)<\/td>\n<td width=\"284\">\u0427\u0438\u0442\u0430\u043b\u044c\u043d\u044b\u0439 \u0437\u0430\u043b<\/td>\n<\/tr>\n<tr>\n<td width=\"485\">Food and Travel<\/td>\n<td width=\"284\">\u0427\u0438\u0442\u0430\u043b\u044c\u043d\u044b\u0439 \u0437\u0430\u043b<\/td>\n<\/tr>\n<tr>\n<td width=\"485\">Ideal Home<\/td>\n<td width=\"284\">\u0427\u0438\u0442\u0430\u043b\u044c\u043d\u044b\u0439 \u0437\u0430\u043b<\/td>\n<\/tr>\n<tr>\n<td width=\"485\">Kitchen, Bedrooms &amp; Bathrooms<\/td>\n<td width=\"284\">\u0427\u0438\u0442\u0430\u043b\u044c\u043d\u044b\u0439 \u0437\u0430\u043b<\/td>\n<\/tr>\n<tr>\n<td width=\"485\">Olive<\/td>\n<td width=\"284\">\u0427\u0438\u0442\u0430\u043b\u044c\u043d\u044b\u0439 \u0437\u0430\u043b<\/td>\n<\/tr>\n<tr>\n<td width=\"485\">Period Living<\/td>\n<td width=\"284\">\u0427\u0438\u0442\u0430\u043b\u044c\u043d\u044b\u0439 \u0437\u0430\u043b<\/td>\n<\/tr>\n<tr>\n<td width=\"485\">Homes &amp; Gardens British<\/td>\n<td width=\"284\">\u0427\u0438\u0442\u0430\u043b\u044c\u043d\u044b\u0439 \u0437\u0430\u043b<\/td>\n<\/tr>\n<tr>\n<td width=\"485\">&nbsp;<\/td>\n<td width=\"284\">&nbsp;<\/td>\n<\/tr>\n<tr>\n<td width=\"485\"><strong>Laste- ja noorteajakirjad<\/strong><\/td>\n<td width=\"284\">&nbsp;<\/td>\n<\/tr>\n<tr>\n<td width=\"485\">Hea laps<\/td>\n<td width=\"284\">&nbsp;\u0414\u0435\u0442\u0441\u043a\u0438\u0439 \u043e\u0442\u0434\u0435\u043b<\/td>\n<\/tr>\n<tr>\n<td width=\"485\">Jussikese nupuvihik<\/td>\n<td width=\"284\">&nbsp;\u0414\u0435\u0442\u0441\u043a\u0438\u0439 \u043e\u0442\u0434\u0435\u043b<\/td>\n<\/tr>\n<tr>\n<td width=\"485\">Miki Hiir<\/td>\n<td width=\"284\">&nbsp;\u0414\u0435\u0442\u0441\u043a\u0438\u0439 \u043e\u0442\u0434\u0435\u043b<\/td>\n<\/tr>\n<tr>\n<td width=\"485\">T\u00e4heke<\/td>\n<td width=\"284\">&nbsp;\u0414\u0435\u0442\u0441\u043a\u0438\u0439 \u043e\u0442\u0434\u0435\u043b<\/td>\n<\/tr>\n<tr>\n<td width=\"485\">&nbsp;<\/td>\n<td width=\"284\">&nbsp;<\/td>\n<\/tr>\n<tr>\n<td width=\"485\"><strong>Digiv\u00e4ljaanded<\/strong><\/td>\n<td width=\"284\">&nbsp;<\/td>\n<\/tr>\n<tr>\n<td width=\"485\">Delfi \u00c4ripakett<\/td>\n<td width=\"284\">\u0427\u0438\u0442\u0430\u043b\u044c\u043d\u044b\u0439 \u0437\u0430\u043b<\/td>\n<\/tr>\n<tr>\n<td width=\"485\">Imeline Ajalugu<\/td>\n<td width=\"284\">\u0427\u0438\u0442\u0430\u043b\u044c\u043d\u044b\u0439 \u0437\u0430\u043b<\/td>\n<\/tr>\n<tr>\n<td width=\"485\">Imeline Teadus<\/td>\n<td width=\"284\">\u0427\u0438\u0442\u0430\u043b\u044c\u043d\u044b\u0439 \u0437\u0430\u043b<\/td>\n<\/tr>\n<tr>\n<td width=\"485\">Postimees Digipakett<\/td>\n<td width=\"284\">\u0427\u0438\u0442\u0430\u043b\u044c\u043d\u044b\u0439 \u0437\u0430\u043b<\/td>\n<\/tr>\n<tr>\n<td width=\"485\">P\u00f5hjarannik + \u0421\u0435\u0432\u0435\u0440\u043d\u043e\u0435 \u041f\u043e\u0431\u0435\u0440\u0435\u0436\u044c\u0435<\/td>\n<td width=\"284\">\u0427\u0438\u0442\u0430\u043b\u044c\u043d\u044b\u0439 \u0437\u0430\u043b<\/td>\n<\/tr>\n<tr>\n<td width=\"485\">\u00c4rip\u00e4eva PRO pakett<\/td>\n<td width=\"284\">\u0427\u0438\u0442\u0430\u043b\u044c\u043d\u044b\u0439 \u0437\u0430\u043b<\/td>\n<\/tr>\n<tr>\n<td width=\"485\">\u0414\u0435\u043b\u043e\u0432\u044b\u0435 \u0432\u0435\u0434\u043e\u043c\u043e\u0441\u0442\u0438<\/td>\n<td width=\"284\">\u0427\u0438\u0442\u0430\u043b\u044c\u043d\u044b\u0439 \u0437\u0430\u043b<\/td>\n<\/tr>\n<\/tbody>\n<\/table>\n<p>&nbsp;<\/p>\n<p>&nbsp;<\/p>\n","protected":false},"excerpt":{"rendered":"<p>\u0412\u0441\u0435 \u0436\u0443\u0440\u043d\u0430\u043b\u044b \u0438 \u0435\u0436\u0435\u043d\u0435\u0434\u0435\u043b\u044c\u043d\u044b\u0435 \u0433\u0430\u0437\u0435\u0442\u044b \u0432\u044b\u0434\u0430\u044e\u0442\u0441\u044f \u043d\u0430 \u0434\u043e\u043c (\u043a\u0440\u043e\u043c\u0435 \u043f\u043e\u0441\u043b\u0435\u0434\u043d\u0435\u0433\u043e \u043d\u043e\u043c\u0435\u0440\u0430). \u041d\u043e\u043c\u0435\u0440\u0430 \u0442\u0435\u043a\u0443\u0449\u0435\u0433\u043e \u0433\u043e\u0434\u0430 \u043c\u043e\u0436\u043d\u043e \u0432\u0437\u044f\u0442\u044c \u043d\u0430 8 \u0434\u043d\u0435\u0439, \u0431\u043e\u043b\u0435\u0435 \u0440\u0430\u043d\u043d\u0438\u0435 \u043d\u043e\u043c\u0435\u0440\u0430 &#8211; \u043d\u0430 21 \u0434\u0435\u043d\u044c. \u0412 \u043e\u0431\u0449\u0435\u043c \u0441\u043b\u0443\u0447\u0430\u0435 \u0441\u043e\u0445\u0440\u0430\u043d\u044f\u044e\u0442\u0441\u044f \u0436\u0443\u0440\u043d\u0430\u043b\u044b \u0437\u0430 \u043f\u043e\u0441\u043b\u0435\u0434\u043d\u0438\u0435 \u0442\u0440\u0438 \u0433\u043e\u0434\u0430. \u0411\u043e\u043b\u0435\u0435 \u0442\u043e\u0447\u043d\u0443\u044e \u0438\u043d\u0444\u043e\u0440\u043c\u0430\u0446\u0438\u044e \u043e\u0431 \u0438\u043c\u0435\u044e\u0449\u0438\u0445\u0441\u044f \u0436\u0443\u0440\u043d\u0430\u043b\u0430\u0445 \u043c\u043e\u0436\u043d\u043e \u043d\u0430\u0439\u0442\u0438 \u0432 \u044d\u043b\u0435\u043a\u0442\u0440\u043e\u043d\u043d\u043e\u043c \u043a\u0430\u0442\u0430\u043b\u043e\u0433\u0435 \u0431\u0438\u0431\u043b\u0438\u043e\u0442\u0435\u043a\u0438&nbsp;\u0437\u0434\u0435\u0441\u044c. \u0413\u0430\u0437\u0435\u0442\u044b \u0445\u0440\u0430\u043d\u044f\u0442\u0441\u044f \u043e\u0434\u0438\u043d \u0433\u043e\u0434. \u0411\u043e\u043b\u0435\u0435 \u0434\u043e\u043b\u0433\u0438\u0439 \u0441\u0440\u043e\u043a \u0445\u0440\u0430\u043d\u0435\u043d\u0438\u044f: [&hellip;]<\/p>\n","protected":false},"author":2,"featured_media":0,"parent":0,"menu_order":0,"comment_status":"closed","ping_status":"closed","template":"","meta":{"_monsterinsights_skip_tracking":false,"_monsterinsights_sitenote_active":false,"_monsterinsights_sitenote_note":"","_monsterinsights_sitenote_category":0,"ngg_post_thumbnail":0,"footnotes":""},"class_list":["post-543","page","type-page","status-publish","hentry"],"_links":{"self":[{"href":"https:\/\/rk.johvi.ee\/index.php?rest_route=\/wp\/v2\/pages\/543","targetHints":{"allow":["GET"]}}],"collection":[{"href":"https:\/\/rk.johvi.ee\/index.php?rest_route=\/wp\/v2\/pages"}],"about":[{"href":"https:\/\/rk.johvi.ee\/index.php?rest_route=\/wp\/v2\/types\/page"}],"author":[{"embeddable":true,"href":"https:\/\/rk.johvi.ee\/index.php?rest_route=\/wp\/v2\/users\/2"}],"replies":[{"embeddable":true,"href":"https:\/\/rk.johvi.ee\/index.php?rest_route=%2Fwp%2Fv2%2Fcomments&post=543"}],"version-history":[{"count":27,"href":"https:\/\/rk.johvi.ee\/index.php?rest_route=\/wp\/v2\/pages\/543\/revisions"}],"predecessor-version":[{"id":4370,"href":"https:\/\/rk.johvi.ee\/index.php?rest_route=\/wp\/v2\/pages\/543\/revisions\/4370"}],"wp:attachment":[{"href":"https:\/\/rk.johvi.ee\/index.php?rest_route=%2Fwp%2Fv2%2Fmedia&parent=543"}],"curies":[{"name":"wp","href":"https:\/\/api.w.org\/{rel}","templated":true}]}}