{"id":654,"date":"2021-10-27T09:44:23","date_gmt":"2021-10-27T06:44:23","guid":{"rendered":"https:\/\/rk.johvi.ee\/?page_id=654"},"modified":"2025-01-09T13:03:30","modified_gmt":"2025-01-09T11:03:30","slug":"%d0%bf%d1%80%d0%b0%d0%b2%d0%b8%d0%bb%d0%b0-%d0%bf%d0%be%d0%bb%d1%8c%d0%b7%d0%be%d0%b2%d0%b0%d0%bd%d0%b8%d1%8f-%d0%b1%d0%b8%d0%b1%d0%bb%d0%b8%d0%be%d1%82%d0%b5%d0%ba%d0%be%d0%b9","status":"publish","type":"page","link":"https:\/\/rk.johvi.ee\/?page_id=654&lang=ru","title":{"rendered":"\u041f\u0440\u0430\u0432\u0438\u043b\u0430 \u043f\u043e\u043b\u044c\u0437\u043e\u0432\u0430\u043d\u0438\u044f  \u0431\u0438\u0431\u043b\u0438\u043e\u0442\u0435\u043a\u043e\u0439"},"content":{"rendered":"<p><img decoding=\"async\" class=\"size-full wp-image-650 aligncenter\" src=\"https:\/\/rk.johvi.ee\/wp-content\/uploads\/2021\/10\/podr.jpg\" alt=\"\" width=\"70\" height=\"87\"><\/p>\n<p>&nbsp;<\/p>\n<p style=\"text-align: center;\"><strong><span style=\"font-size: 14pt;\">J\u00d5HVI VALLAVOLIKOGU<\/span>&nbsp; <\/strong><\/p>\n<p style=\"text-align: center;\"><span style=\"font-size: 12pt;\"><strong>5. <\/strong><strong>KOOSSEISU 41. ISTUNGI M\u00c4\u00c4RUS<\/strong><\/span><\/p>\n<p>&nbsp;<\/p>\n<p><span style=\"font-size: 12pt;\">J\u00f5hvi&nbsp;<\/span> &nbsp; &nbsp; &nbsp; &nbsp; &nbsp; &nbsp; &nbsp; &nbsp; &nbsp; &nbsp; &nbsp; &nbsp; &nbsp; &nbsp; &nbsp; &nbsp; &nbsp; &nbsp; &nbsp; &nbsp; &nbsp; &nbsp; &nbsp; &nbsp; &nbsp; &nbsp; &nbsp; &nbsp; &nbsp; &nbsp; &nbsp; &nbsp; &nbsp; &nbsp; &nbsp; &nbsp; &nbsp; &nbsp; &nbsp; &nbsp; &nbsp; &nbsp; &nbsp; &nbsp;<span style=\"font-size: 12pt;\">18.detsember 2024 nr 110<\/span><\/p>\n<p>&nbsp;<\/p>\n<p><span style=\"font-size: 12pt;\">J\u00f5hvi Keskraamatukogu kasutamise eeskiri<\/span><\/p>\n<p><span style=\"font-size: 12pt;\">M\u00e4\u00e4rus antakse rahvaraamatukogu seaduse \u00a7 16 ja J\u00f5hvi Keskraamatukogu p\u00f5him\u00e4\u00e4ruse \u00a7 8 l\u00f5ike 2 alusel.<\/span><\/p>\n<p><span style=\"font-size: 12pt;\"><strong>\u00a7&nbsp;<\/strong><strong>1. \u00dclds\u00e4tted<\/strong><\/span><\/p>\n<p><span style=\"font-size: 12pt;\">K\u00e4esoleva eeskirjaga reguleeritakse J\u00f5hvi Keskraamatukogu (edaspidi <em>raamatukogu<\/em>) teeninduse korraldust, lugejate \u00f5igusi, kohustusi ja vastutust.<\/span><\/p>\n<p><span style=\"font-size: 12pt;\"><strong>\u00a7 2. Raamatukogu teenused<\/strong><\/span><\/p>\n<p><span style=\"font-size: 12pt;\">(1) Raamatukogu p\u00f5hiteenused on teavikute kohapeal kasutamine ja kojulaenutus ning \u00fcldkasutatava andmesidev\u00f5rgu kaudu avalikule teabele juurdep\u00e4\u00e4su v\u00f5imaldamine. P\u00f5hiteenused on tasuta.<\/span><\/p>\n<p><span style=\"font-size: 12pt;\">(2) Raamatukogu teenuseid v\u00f5ib kasutada iga\u00fcks, v\u00e4lja arvatud lugejad, kellelt on teavikute koju laenamise \u00f5igus \u00e4ra v\u00f5etud.<\/span><\/p>\n<p><span style=\"font-size: 12pt;\">(3) Lapsi kuni p\u00f5hikooli l\u00f5petamiseni teenindab \u00fcldjuhul lastekirjanduse osakond.<\/span><\/p>\n<p><span style=\"font-size: 12pt;\">(4) Raamatukogu eriteenused (kopeerimine, v\u00e4ljatr\u00fckid \u00fcldkasutatavatest andmebaasidest jms) on tasulised. Eriteenuste tasu suuruse kinnitab J\u00f5hvi Vallavalitsus (edaspidi <em>valitsus<\/em>).<\/span><\/p>\n<p><span style=\"font-size: 12pt;\"><strong>\u00a7 3. Lugejaks registreerimine<\/strong><\/span><\/p>\n<p><span style=\"font-size: 12pt;\">(1) Lugeja k\u00e4esoleva eeskirja t\u00e4henduses on raamatukogu registreeritud kasutaja. Lugejaks v\u00f5ib registreeruda iseseisvalt l\u00e4bi raamatukogu infos\u00fcsteemi, mis on leitav raamatukogu kodulehel https:\/\/rk.johvi.ee\/, v\u00f5i raamatukogus. Infos\u00fcsteemi kantakse j\u00e4rgmised andmed:<\/span><\/p>\n<p><span style=\"font-size: 12pt;\">1) ees- ja perekonnanimi;<\/span><\/p>\n<p><span style=\"font-size: 12pt;\">2) isikukood;<\/span><\/p>\n<p><span style=\"font-size: 12pt;\">3) elukoht (postiaadress);<\/span><\/p>\n<p><span style=\"font-size: 12pt;\">4) telefon ja e-posti aadress;<\/span><\/p>\n<p><span style=\"font-size: 12pt;\">5) lugejar\u00fchm.<\/span><\/p>\n<p><span style=\"font-size: 12pt;\">(2) Lugejaks registreerimisel raamatukogus tutvustatakse lugejat k\u00e4esoleva eeskirjaga. Lugeja kinnitab paberkandjal oma isikuandmete \u00f5igsust, eeskirja tundmist ning v\u00f5tab kohustuse seda j\u00e4rgida.<\/span><\/p>\n<p><span style=\"font-size: 12pt;\">(3) Infos\u00fcsteemis iseseisvalt lugejaks registreerumisel tutvub lugeja k\u00e4esoleva eeskirjaga infos\u00fcsteemis. Lugeja kinnitab raamatukogu infos\u00fcsteemis oma isikuandmete \u00f5igsust, eeskirja tundmist ning v\u00f5tab kohustuse seda j\u00e4rgida.<\/span><\/p>\n<p><span style=\"font-size: 12pt;\">(4) Lugejapiletina on reeglina kasutusel ID-kaart. Lugeja soovil v\u00e4ljastatakse talle raamatukogu lugejapilet.<\/span><\/p>\n<p><span style=\"font-size: 12pt;\">(5) Lugejate andmed vaadatakse \u00fcle igal aastal nende esimesel k\u00fclastusel raamatukogusse ja vajadusel korrigeeritakse.<\/span><\/p>\n<p><span style=\"font-size: 12pt;\"><strong>\u00a7 4. Teavikute kojulaenutus ja kohapeal kasutamine<\/strong><\/span><\/p>\n<p><span style=\"font-size: 12pt;\">(1) Teavikuid laenutatakse koju raamatukogu teenindusosakonnast ja lastekirjanduse osakonnast lugejapileti alusel. Kuni 7-aastased lapsed saavad teavikuid laenata ainult koos seadusliku esindajaga.<\/span><\/p>\n<p><span style=\"font-size: 12pt;\">(2) L\u00e4bi raamatukogu infos\u00fcsteemi v\u00f5ib teavikud tellida raamatukappi. Kapis hoitakse tellitud teavikuid kolm (3) t\u00f6\u00f6p\u00e4eva alates lugejale teate saatmisest.<\/span><\/p>\n<p><span style=\"font-size: 12pt;\">(3) Teavikuid laenutatakse koju \u00fcldjuhul 21 p\u00e4evaks. Suurema n\u00f5udlusega v\u00f5i erilise v\u00e4\u00e4rtusega teavikuid v\u00f5ib laenutada l\u00fchemaks ajaks ilma tagastust\u00e4htaja pikendamise v\u00f5imaluseta.<\/span><\/p>\n<p><span style=\"font-size: 12pt;\">(4) \u00dchele lugejale laenutatud teavikute \u00fcldarv ei ole piiratud, kuid s\u00f5ltub n\u00f5udlusest.<\/span><\/p>\n<p><span style=\"font-size: 12pt;\">(5) Koju laenutatud teavikute tagastamist\u00e4htaega v\u00f5ib pikendada kuni 5 korda raamatukogus, infos\u00fcsteemis, telefoni v\u00f5i e-posti teel tingimusel, et teavikul ei ole laenutusj\u00e4rjekorda. T\u00e4htajaks tagastamata teavikute tagastust\u00e4htaega ei pikendata.<\/span><\/p>\n<p><span style=\"font-size: 12pt;\">(6) Raamatukogus puuduvad teavikud tellitakse lugeja soovil ja kulul raamatukogude vahelise laenutuse (RVL) kaudu.<\/span><\/p>\n<p><span style=\"font-size: 12pt;\">(7) Lugejal on v\u00f5imalus registreerida end teavikute laenutusj\u00e4rjekorda raamatukogus, infos\u00fcsteemis, e-posti v\u00f5i telefoni teel.<\/span><\/p>\n<p><span style=\"font-size: 12pt;\">(8) J\u00e4rjekorra lugejani j\u00f5udmisest teavitatakse lugejat tema poolt valitud viisil (e-posti, SMSi v\u00f5i telefoni teel). Teavikut hoitakse kolm (3) t\u00f6\u00f6p\u00e4eva alates lugeja teavitamise p\u00e4evast.<\/span><\/p>\n<p><span style=\"font-size: 12pt;\">(9) Koju ei laenutata perioodiliste v\u00e4ljaannete viimast numbrit ja kohapeal kasutuseks m\u00e4\u00e4ratud teavikuid.<\/span><\/p>\n<p><span style=\"font-size: 12pt;\">(10) Raamatukogu infos\u00fcsteem saadab lugeja e-postile automaats\u00f5numi tagastamist\u00e4htp\u00e4eva kohta kolm kalendrip\u00e4eva enne selle saabumist.<\/span><\/p>\n<p><span style=\"font-size: 12pt;\">(11) Tagastamist\u00e4htaja m\u00f6\u00f6dumisel saadab raamatukogu lugejale meeldetuletuse posti, e-posti v\u00f5i SMSi teel.<\/span><\/p>\n<p><span style=\"font-size: 12pt;\">(12) Lugejalt, kellel pole olnud v\u00f5imalik raamatuid tagastada ega pikendada nende tagastamist\u00e4htaega, ei v\u00f5eta viivist, kui ta tagastab need j\u00e4rgmise kuu esimesel t\u00f6\u00f6p\u00e4eval. T\u00e4iendavatest viivisevabadest p\u00e4evadest teatatakse raamatukogu kodulehek\u00fcljel v\u00f5i meedia vahendusel.<\/span><\/p>\n<p><span style=\"font-size: 12pt;\">(13) J\u00f5hvi valla elanikele, kes tervisliku seisundi t\u00f5ttu ei ole v\u00f5imelised raamatukogu k\u00fclastama, korraldatakse lugeja poolt e-kirja v\u00f5i telefoni teel esitatud soovi korral tasuta koduteenindus.<\/span><\/p>\n<p><span style=\"font-size: 12pt;\"><strong>\u00a7&nbsp;5. Lugeja \u00f5igused<\/strong><\/span><\/p>\n<p><span style=\"font-size: 12pt;\">(1) Lugejal on \u00f5igus kasutada teavikuid raamatukogu ruumides (kohapeal kasutamine) v\u00f5i laenata teavikuid kasutamiseks v\u00e4ljaspool raamatukogu ruume (kojulaenutus).<\/span><\/p>\n<p><span style=\"font-size: 12pt;\">(2) Lugejal on \u00f5igus saada teenuste alast n\u00f5ustamist ja koolitust, esitada p\u00e4ringuid.<\/span><\/p>\n<p><span style=\"font-size: 12pt;\">(3) Lugejal on \u00f5igus kasutada arvutit \u00fcldkasutatava andmesidev\u00f5rgu kaudu avalikustatud teabe saamiseks. Kui avalikustatud teabele juurdep\u00e4\u00e4su soovivaid lugejaid on rohkem, kui raamatukogu j\u00f5uab teenindada, korraldatakse soovijate eelregistreerimine.<\/span><\/p>\n<p><span style=\"font-size: 12pt;\">(4) Lugejal on \u00f5igus saada igak\u00fclgset abi ning juhendamist riigi- ja kohaliku omavalitsuse asutuste veebilehtedele juurdep\u00e4\u00e4su saamiseks.<\/span><\/p>\n<p><span style=\"font-size: 12pt;\"><strong>\u00a7 6. Lugeja kohustused<\/strong><\/span><\/p>\n<p><span style=\"font-size: 12pt;\">Lugeja on kohustatud:<\/span><\/p>\n<p><span style=\"font-size: 12pt;\">1) laenutatud teavikud tagastama laenutust\u00e4htaja jooksul;<\/span><\/p>\n<p><span style=\"font-size: 12pt;\">2) teavikuid hoolikalt hoidma, nende saamisel kontrollima teaviku korrasolekut ja teatama rikkumistest koheselt raamatukogu t\u00f6\u00f6tajale. Teavikuid ei tohi l\u00f5hkuda, m\u00e4\u00e4rida, sodida jmt;<\/span><\/p>\n<p><span style=\"font-size: 12pt;\">3) teavitama raamatukogu infos\u00fcsteemi kantud andmete muutumisest ning teatama uued andmed; 4) raamatukogu arvuteid ja muud tehnikat ning inventari kasutama sihip\u00e4raselt ja heaperemehelikult.<\/span><\/p>\n<p><span style=\"font-size: 12pt;\"><strong>\u00a7 7. Lugeja vastutus<\/strong><\/span><\/p>\n<p><span style=\"font-size: 12pt;\">(1) Lugeja kannab materiaalset vastutust laenatud teavikute eest.<\/span><\/p>\n<p><span style=\"font-size: 12pt;\">(2) Laenutust\u00e4htaja \u00fcletamisel tuleb maksta tasu viivitatud aja eest. Tasu suuruse kehtestab vallavalitsus. Enne viivise tasumist uusi teavikuid ei laenutata.<\/span><\/p>\n<p><span style=\"font-size: 12pt;\">(3) Teaviku rikkumise v\u00f5i tagastamata j\u00e4tmise korral on lugeja kohustatud selle asendama teise eksemplariga (sama nimetusega, v\u00f5ib olla uuem tr\u00fckk). Erandkorras v\u00f5ib lugeja teaviku asendada teavikuga, mille raamatukogu t\u00f6\u00f6taja heaks on kiitnud.<\/span><\/p>\n<p><span style=\"font-size: 12pt;\">(4) Juhul, kui lugeja rikutud v\u00f5i kaotatud teavikut ei asenda, on ta kohustatud tasuma selle hinna kuni k\u00fcmnekordses suuruses.<\/span><\/p>\n<p><span style=\"font-size: 12pt;\">(5) Lugejalt, kes ei ole kaotatud\/rikutud teavikut asendanud v\u00f5i h\u00fcvitanud, peatatakse teavikute koju laenamise \u00f5igus kuni \u00fcheks aastaks.<\/span><\/p>\n<p><span style=\"font-size: 12pt;\">(6) Raamatukogu annab lugejale t\u00e4htaja k\u00e4esoleva paragrahvi l\u00f5ikes 2, 3 ja 4 summade tasumiseks. T\u00e4htp\u00e4evaks maksmata summa tasumiseks teeb vallavalitsus lugejale ettekirjutuse koos sundt\u00e4itmise algatamise hoiatusega ettekirjutuse t\u00e4itmata j\u00e4tmise korral. Ettekirjutuses m\u00e4rgitakse selle vaidlustamise v\u00f5imalus, t\u00e4htaeg ja kord.<\/span><\/p>\n<p><span style=\"font-size: 12pt;\">(7) T\u00e4htaja jooksul ettekirjutuse t\u00e4itmata j\u00e4tmise korral on vallavalitsusel \u00f5igus anda ettekirjutus sundt\u00e4itmiseks t\u00e4itemenetluse seadustikus s\u00e4testatud korras.<\/span><\/p>\n<p><span style=\"font-size: 12pt;\">(8) Vallavalitsus v\u00f5ib k\u00e4esoleva paragrahvi l\u00f5igetes 6 ja 7 nimetatud p\u00e4devuse anda raamatukogule.<\/span><\/p>\n<p><span style=\"font-size: 12pt;\"><strong>\u00a7 8. Raamatukogu sisekord<\/strong><\/span><\/p>\n<p><span style=\"font-size: 12pt;\">(1) Lugejal on keelatud rikkuda \u00fcksk\u00f5ik millisel viisil avalikku korda, eksida \u00fcldtunnustatud tavade ja heade kommete vastu. Vajadusel on raamatukogu t\u00f6\u00f6tajal \u00f5igus keelduda korda rikkuva lugeja teenindamisest ning n\u00f5uda raamatukogust lahkumist.<\/span><\/p>\n<p><span style=\"font-size: 12pt;\">(2) Raamatukogu lastekirjanduse osakonna m\u00e4ngu- ja puhkealad on m\u00f5eldud kasutamiseks eelk\u00f5ige lastele ja noortele.<\/span><\/p>\n<p><span style=\"font-size: 12pt;\"><strong>\u00a7 9. Rakenduss\u00e4tted<\/strong><\/span><\/p>\n<p><span style=\"font-size: 12pt;\">(1) Raamatukogu kasutamise eeskirja kinnitab, teeb selles muudatusi ja tunnistab kehtetuks vallavolikogu.<\/span><\/p>\n<p><span style=\"font-size: 12pt;\">(2) J\u00f5hvi Vallavolikogu 20.03.2008 m\u00e4\u00e4rus nr 111 \u201eJ\u00f5hvi Keskraamatukogu kasutamise eeskiri\u201c tunnistatakse kehtetuks.<\/span><\/p>\n<p><span style=\"font-size: 12pt;\">(3) M\u00e4\u00e4rus j\u00f5ustub \u00fcldises korras.<\/span><\/p>\n<p><span style=\"font-size: 12pt;\">(allkirjastatud digitaalselt)<\/span><\/p>\n<p><span style=\"font-size: 12pt;\">Vallo Reimaa<\/span><\/p>\n<p><span style=\"font-size: 12pt;\">Volikogu esimees<\/span><\/p>\n","protected":false},"excerpt":{"rendered":"<p>&nbsp; J\u00d5HVI VALLAVOLIKOGU&nbsp; 5. KOOSSEISU 41. ISTUNGI M\u00c4\u00c4RUS &nbsp; J\u00f5hvi&nbsp; &nbsp; &nbsp; &nbsp; &nbsp; &nbsp; &nbsp; &nbsp; &nbsp; &nbsp; &nbsp; &nbsp; &nbsp; &nbsp; &nbsp; &nbsp; &nbsp; &nbsp; &nbsp; &nbsp; &nbsp; &nbsp; &nbsp; &nbsp; &nbsp; &nbsp; &nbsp; &nbsp; &nbsp; &nbsp; &nbsp; &nbsp; &nbsp; &nbsp; &nbsp; &nbsp; &nbsp; &nbsp; &nbsp; &nbsp; &nbsp; &nbsp; &nbsp; &nbsp; &nbsp;18.detsember 2024 [&hellip;]<\/p>\n","protected":false},"author":2,"featured_media":0,"parent":645,"menu_order":0,"comment_status":"closed","ping_status":"closed","template":"","meta":{"_monsterinsights_skip_tracking":false,"_monsterinsights_sitenote_active":false,"_monsterinsights_sitenote_note":"","_monsterinsights_sitenote_category":0,"ngg_post_thumbnail":0,"footnotes":""},"class_list":["post-654","page","type-page","status-publish","hentry"],"_links":{"self":[{"href":"https:\/\/rk.johvi.ee\/index.php?rest_route=\/wp\/v2\/pages\/654","targetHints":{"allow":["GET"]}}],"collection":[{"href":"https:\/\/rk.johvi.ee\/index.php?rest_route=\/wp\/v2\/pages"}],"about":[{"href":"https:\/\/rk.johvi.ee\/index.php?rest_route=\/wp\/v2\/types\/page"}],"author":[{"embeddable":true,"href":"https:\/\/rk.johvi.ee\/index.php?rest_route=\/wp\/v2\/users\/2"}],"replies":[{"embeddable":true,"href":"https:\/\/rk.johvi.ee\/index.php?rest_route=%2Fwp%2Fv2%2Fcomments&post=654"}],"version-history":[{"count":5,"href":"https:\/\/rk.johvi.ee\/index.php?rest_route=\/wp\/v2\/pages\/654\/revisions"}],"predecessor-version":[{"id":3623,"href":"https:\/\/rk.johvi.ee\/index.php?rest_route=\/wp\/v2\/pages\/654\/revisions\/3623"}],"up":[{"embeddable":true,"href":"https:\/\/rk.johvi.ee\/index.php?rest_route=\/wp\/v2\/pages\/645"}],"wp:attachment":[{"href":"https:\/\/rk.johvi.ee\/index.php?rest_route=%2Fwp%2Fv2%2Fmedia&parent=654"}],"curies":[{"name":"wp","href":"https:\/\/api.w.org\/{rel}","templated":true}]}}