{"id":691,"date":"2021-10-27T13:56:35","date_gmt":"2021-10-27T10:56:35","guid":{"rendered":"https:\/\/rk.johvi.ee\/?page_id=691"},"modified":"2026-02-19T10:47:56","modified_gmt":"2026-02-19T08:47:56","slug":"%d0%b2%d0%b8%d1%80%d1%83%d0%bc%d0%b0%d1%81%d0%ba%d0%b0%d1%8f-%d0%bb%d0%b8%d1%82%d0%b5%d1%80%d0%b0%d1%82%d1%83%d1%80%d0%bd%d0%b0%d1%8f-%d0%bf%d1%80%d0%b5%d0%bc%d0%b8%d1%8f-%d1%8d%d1%81%d1%82-%d1%8f","status":"publish","type":"page","link":"https:\/\/rk.johvi.ee\/?page_id=691&lang=ru","title":{"rendered":"\u0412\u0438\u0440\u0443\u043c\u0430\u0441\u043a\u0430\u044f \u043b\u0438\u0442\u0435\u0440\u0430\u0442\u0443\u0440\u043d\u0430\u044f \u043f\u0440\u0435\u043c\u0438\u044f (\u044d\u0441\u0442. \u044f\u0437.)"},"content":{"rendered":"<p><img decoding=\"async\" class=\"alignleft wp-image-692 size-thumbnail\" src=\"https:\/\/rk.johvi.ee\/wp-content\/uploads\/2021\/10\/auhind-150x150.jpg\" alt=\"\" width=\"150\" height=\"150\">Virumaa kirjandusauhind asutati 1989. aastal Virumaa Fondi N\u00f5ukogu poolt. 1998. aastast alates korraldavad selle v\u00e4ljaandmist L\u00e4\u00e4ne- ja Ida-Virumaa omavalitsuste liidud.&nbsp;<\/p>\n<p>Auhind antakse v\u00e4lja \u00fcks kord aastas ning see m\u00e4\u00e4ratakse parimale aasta jooksul ilmunud Eesti ajalugu kajastavale mistahes \u017eanris kirjutatud v\u00e4\u00e4rtkirjanduse hulka kuuluvale eestikeelsele kirjandusteosele.<\/p>\n<p>Auhinna eesm\u00e4rgiks on tunnustada Eesti ajaloo ainelise v\u00e4\u00e4rtkirjanduse loojaid ning tutvustada ja levitada v\u00e4\u00e4rtkirjandust.<\/p>\n<p>\u017d\u00fcrii on k\u00fcmneliikmeline. Kaks esindajat m\u00e4\u00e4ravad nii L\u00e4\u00e4ne- kui Ida-Virumaa omavalitsuste liidud, kolm raamatukogude, kirjandusklubide ning lugejate esindajat esitavad m\u00f5lema maakonna keskraamatukogud.<\/p>\n<p>\u017d\u00fcrii teeb oma otsuse Eesti Vabariigi aastap\u00e4evaks ja auhind antakse laureaadile \u00fcle hiljemalt 1. juuniks.<\/p>\n<p><strong>Virumaa kirjandusauhinna laureaadid:<\/strong><\/p>\n<div>2026&nbsp; &nbsp; &nbsp; &nbsp; &nbsp; Indrek Koff &#8220;\u00c4ra oota midagi&#8221;<\/div>\n<div>2025&nbsp; &nbsp; &nbsp; &nbsp; &nbsp; Piret Raud &#8220;Keedetud hirvede aeg&#8221;<\/div>\n<div>2024&nbsp; &nbsp; &nbsp; &nbsp; &nbsp; Rein Raud &#8220;Katkurong&#8221;<\/div>\n<div>2023&nbsp; &nbsp; &nbsp; &nbsp; &nbsp; Maarja Undusk &#8220;Ellen Niit. Heleda m\u00f5tte laast&#8221;<\/div>\n<div>2022&nbsp; &nbsp; &nbsp; &nbsp; &nbsp; Tarmo Vahter &#8220;V\u00f5itlus tuleviku p\u00e4rast&#8221;<\/div>\n<div>2021&nbsp; &nbsp; &nbsp; &nbsp; &nbsp; Juhani P\u00fcttsepp &#8220;On kuu kui kuldne laev&#8221;<\/div>\n<div>2020&nbsp; &nbsp; &nbsp; &nbsp; &nbsp; Urmas Vadi &#8220;Ballettmeister&#8221;<br \/>\n2019&nbsp; &nbsp; &nbsp; &nbsp; &nbsp; Leelo Tungal &#8220;Seltsimees laps ja suured inimesed&#8221;&nbsp;<br \/>\n2018&nbsp; &nbsp; &nbsp; &nbsp; &nbsp; Vahur Afanasjev &#8220;Serafima ja Bogdan&#8221;<br \/>\n2017&nbsp; &nbsp; &nbsp; &nbsp; &nbsp; Mathura &#8220;J\u00e4\u00e4minek&#8221;<br \/>\n2016&nbsp; &nbsp; &nbsp; &nbsp; &nbsp; Peeter Sauter &#8220;Lapsep\u00f5lvel\u00f5hn&#8221;<br \/>\n2015&nbsp; &nbsp; &nbsp; &nbsp; &nbsp; Alo L\u00f5hmus &#8220;Priius, kallis anne&#8221;<br \/>\n2014&nbsp; &nbsp; &nbsp; &nbsp; &nbsp; Kristiina Ehin &#8220;Paleontoloogi p\u00e4evaraamat&#8221; ja Valdur Mikita &#8220;Lingvistiline mets&#8221;<br \/>\n2013&nbsp; &nbsp; &nbsp; &nbsp; &nbsp; Mihkel Mutt &#8220;Kooparahvas l\u00e4heb ajalukku&#8221;<br \/>\n2012&nbsp; &nbsp; &nbsp; &nbsp; &nbsp; Andrei Hvostov &#8220;Sillam\u00e4e passioon&#8221;<br \/>\n2011&nbsp; &nbsp; &nbsp; &nbsp; &nbsp; Tiit Aleksejev &#8220;Leegion\u00e4rid&#8221;<br \/>\n2009&nbsp;&nbsp;&nbsp;&nbsp;&nbsp;&nbsp;&nbsp;&nbsp;&nbsp; Juhani Salokannel &#8220;Jaan Kross&#8221;<br \/>\n2008&nbsp;&nbsp;&nbsp;&nbsp;&nbsp;&nbsp;&nbsp;&nbsp;&nbsp; Merle Karusoo &#8220;Kui ruumid on t\u00e4is&#8221;<br \/>\n2007&nbsp;&nbsp;&nbsp;&nbsp;&nbsp;&nbsp;&nbsp;&nbsp;&nbsp; Andrus Kivir\u00e4hk &#8220;Mees, kes teadis ussis\u00f5nu&#8221;<br \/>\n2006&nbsp;&nbsp;&nbsp;&nbsp;&nbsp;&nbsp;&nbsp;&nbsp;&nbsp; Mart Kivastik &#8220;K\u00fclmetava kunstniku portreed&#8221;<br \/>\n2005&nbsp;&nbsp;&nbsp;&nbsp;&nbsp;&nbsp;&nbsp;&nbsp;&nbsp; Olavi Ruitlane &#8220;Kroonu&#8221;<br \/>\n2004&nbsp;&nbsp;&nbsp;&nbsp;&nbsp;&nbsp;&nbsp;&nbsp;&nbsp; Jaan Kaplinski &#8220;Isale&#8221;<br \/>\n2003&nbsp;&nbsp;&nbsp;&nbsp;&nbsp;&nbsp;&nbsp;&nbsp;&nbsp; Jaan Kross &#8220;Kallid kaasteelised&#8221;<br \/>\n2002&nbsp;&nbsp;&nbsp;&nbsp;&nbsp;&nbsp;&nbsp;&nbsp;&nbsp; Wimberg &#8220;Lipam\u00e4e&#8221;<br \/>\n2001&nbsp;&nbsp;&nbsp;&nbsp;&nbsp;&nbsp;&nbsp;&nbsp;&nbsp; Mats Traat &#8220;Harala elulood&#8221;<br \/>\n2000&nbsp;&nbsp;&nbsp;&nbsp;&nbsp;&nbsp;&nbsp;&nbsp;&nbsp; Andrus Kivir\u00e4hk &#8220;Rehepapp ehk November&#8221;<br \/>\n1999&nbsp;&nbsp;&nbsp;&nbsp;&nbsp;&nbsp;&nbsp;&nbsp;&nbsp; Veera Saar &#8220;K\u00e4ritsa leib&#8221; (Tagasiulatuvalt &#8220;Kraakuvi m\u00e4gi&#8221;, &#8220;Maa hind&#8221;, &#8220;Kodutee&#8221;)<br \/>\n1998&nbsp;&nbsp;&nbsp;&nbsp;&nbsp;&nbsp;&nbsp;&nbsp;&nbsp; Jaan Kross &#8220;Paigallend&#8221;<br \/>\n1997&nbsp;&nbsp;&nbsp;&nbsp;&nbsp;&nbsp;&nbsp;&nbsp;&nbsp; Tiia Toomet &#8220;Isamaa suvi&#8221;<br \/>\n1996&nbsp;&nbsp;&nbsp;&nbsp;&nbsp;&nbsp;&nbsp;&nbsp;&nbsp; Jaan Kross &#8220;Mesmeri ring&#8221;<br \/>\n1995&nbsp;&nbsp;&nbsp;&nbsp;&nbsp;&nbsp;&nbsp;&nbsp;&nbsp; Rein P\u00f5der &#8220;Imelik vang&#8221;<br \/>\n1994&nbsp;&nbsp;&nbsp;&nbsp;&nbsp;&nbsp;&nbsp;&nbsp;&nbsp; Mihkel Mutt &#8220;Rahvusvaheline mees&#8221;<br \/>\n1993 &nbsp;&nbsp;&nbsp;&nbsp;&nbsp;&nbsp;&nbsp;&nbsp; Jaan Kross &#8220;Tabamatus&#8221;<br \/>\n1992&nbsp;&nbsp;&nbsp;&nbsp;&nbsp;&nbsp;&nbsp;&nbsp;&nbsp; Mats Traat &#8220;Minge \u00fcles m\u00e4gedele&#8221;<br \/>\n1991&nbsp;&nbsp;&nbsp;&nbsp;&nbsp;&nbsp;&nbsp;&nbsp;&nbsp; Kalju Saaber &#8220;Punaselageda saaga&#8221;<br \/>\n1990&nbsp;&nbsp;&nbsp;&nbsp;&nbsp;&nbsp;&nbsp;&nbsp;&nbsp; Arved Viirlaid &#8220;M\u00e4rgitud&#8221;<br \/>\n1989&nbsp;&nbsp;&nbsp;&nbsp;&nbsp;&nbsp;&nbsp;&nbsp;&nbsp; Mart, Laar, Lauri Vahtre, Heiki Valk &#8220;Kodu lugu&#8221;<br \/>\n1988&nbsp;&nbsp;&nbsp;&nbsp;&nbsp;&nbsp;&nbsp;&nbsp;&nbsp; Jaan Kross &#8220;Wikmani poisid&#8221;<\/div>\n","protected":false},"excerpt":{"rendered":"<p>Virumaa kirjandusauhind asutati 1989. aastal Virumaa Fondi N\u00f5ukogu poolt. 1998. aastast alates korraldavad selle v\u00e4ljaandmist L\u00e4\u00e4ne- ja Ida-Virumaa omavalitsuste liidud.&nbsp; Auhind antakse v\u00e4lja \u00fcks kord aastas ning see m\u00e4\u00e4ratakse parimale aasta jooksul ilmunud Eesti ajalugu kajastavale mistahes \u017eanris kirjutatud v\u00e4\u00e4rtkirjanduse hulka kuuluvale eestikeelsele kirjandusteosele. Auhinna eesm\u00e4rgiks on tunnustada Eesti ajaloo ainelise v\u00e4\u00e4rtkirjanduse loojaid ning tutvustada [&hellip;]<\/p>\n","protected":false},"author":2,"featured_media":0,"parent":645,"menu_order":0,"comment_status":"closed","ping_status":"closed","template":"","meta":{"_monsterinsights_skip_tracking":false,"_monsterinsights_sitenote_active":false,"_monsterinsights_sitenote_note":"","_monsterinsights_sitenote_category":0,"ngg_post_thumbnail":0,"footnotes":""},"class_list":["post-691","page","type-page","status-publish","hentry"],"_links":{"self":[{"href":"https:\/\/rk.johvi.ee\/index.php?rest_route=\/wp\/v2\/pages\/691","targetHints":{"allow":["GET"]}}],"collection":[{"href":"https:\/\/rk.johvi.ee\/index.php?rest_route=\/wp\/v2\/pages"}],"about":[{"href":"https:\/\/rk.johvi.ee\/index.php?rest_route=\/wp\/v2\/types\/page"}],"author":[{"embeddable":true,"href":"https:\/\/rk.johvi.ee\/index.php?rest_route=\/wp\/v2\/users\/2"}],"replies":[{"embeddable":true,"href":"https:\/\/rk.johvi.ee\/index.php?rest_route=%2Fwp%2Fv2%2Fcomments&post=691"}],"version-history":[{"count":8,"href":"https:\/\/rk.johvi.ee\/index.php?rest_route=\/wp\/v2\/pages\/691\/revisions"}],"predecessor-version":[{"id":4485,"href":"https:\/\/rk.johvi.ee\/index.php?rest_route=\/wp\/v2\/pages\/691\/revisions\/4485"}],"up":[{"embeddable":true,"href":"https:\/\/rk.johvi.ee\/index.php?rest_route=\/wp\/v2\/pages\/645"}],"wp:attachment":[{"href":"https:\/\/rk.johvi.ee\/index.php?rest_route=%2Fwp%2Fv2%2Fmedia&parent=691"}],"curies":[{"name":"wp","href":"https:\/\/api.w.org\/{rel}","templated":true}]}}