{"id":762,"date":"2021-10-28T10:57:50","date_gmt":"2021-10-28T07:57:50","guid":{"rendered":"https:\/\/rk.johvi.ee\/?page_id=762"},"modified":"2026-04-27T12:05:02","modified_gmt":"2026-04-27T09:05:02","slug":"%d1%83%d0%b5%d0%b7%d0%b4%d0%bd%d1%8b%d0%b5-%d0%b1%d0%b8%d0%b1%d0%bb%d0%b8%d0%be%d1%82%d0%b5%d0%ba%d0%b8","status":"publish","type":"page","link":"https:\/\/rk.johvi.ee\/?page_id=762&lang=ru","title":{"rendered":"\u041a\u043e\u043d\u0442\u0430\u043a\u0442\u043d\u044b\u0435 \u0434\u0430\u043d\u043d\u044b\u0435 \u0443\u0435\u0437\u0434\u043d\u044b\u0445 \u0431\u0438\u0431\u043b\u0438\u043e\u0442\u0435\u043a"},"content":{"rendered":"<p><strong>Alutaguse raamatukogud:<\/strong><\/p>\n<p><strong>M\u00e4etaguse raamatukogu: Tiina T\u00f5nurist<br \/>\n<\/strong>Kooli 21, 41301 M\u00e4etaguse alevik, Alutaguse vald, Ida-Viru maakond<br \/>\nTelefon: +372 336 6950<br \/>\nE-post: maetaguse.rk@alutagusevald.ee<\/p>\n<ul style=\"list-style-type: disc;\">\n<li><strong>Alaj\u00f5e teeninduspunkt<br \/>\n<\/strong>Valla tn 8, 41001 Alaj\u00f5e k\u00fcla, Ida-Virumaa<br \/>\nTelefon: ++372 336 6950<br \/>\nE-post: maetaguse.rk@alutagusevald.ee<\/li>\n<li><strong>Iisaku raamatukogu : Aili Karuk\u00e4pp<br \/>\n<\/strong>Tartu mnt 62, 41101 Iisaku alevik, Alutaguse vald<br \/>\nTelefon: +372 336 6954<br \/>\nE-post: iisaku.rk@alutagusevald.ee<\/li>\n<li><strong>Kiikla raamatukogu : Ruth Linnard<br \/>\n<\/strong>Vikerkaare tee 7, 41302 Kiikla k\u00fcla, Alutaguse vald<br \/>\nMobiiltelefon: +372 562 99812<br \/>\nE-post: ruth.linnard@alutagusevald.ee<\/li>\n<li><strong>Kurem\u00e4e raamatukogu : Ingrid J\u00e4rv<br \/>\n<\/strong>Allika tee 2, 41201 Alutaguse vald<br \/>\nTelefon: +372 336 6955<br \/>\nE-post: kuremaerk@alutagusevald.ee<\/li>\n<li><strong>Kurtna raamatukogu : Ene Raudar<br \/>\n<\/strong>Kurtna tee 7, 41202 Kurtna, Alutaguse vald<br \/>\nTelefon: +372 336 6951<br \/>\nMobiiltelefon: +372 588 562 82<br \/>\nE-post: kurtnark@alutagusevald.ee<\/li>\n<li><strong>Pagari raamatukogu : Aire \u00d5ras<br \/>\n<\/strong>Pargi tee 2, 41303 Pagari k\u00fcla, Alutaguse vald<br \/>\nTelefon: +372 336 6962<br \/>\nE-post: seltsimaja@alutagusevald.ee<\/li>\n<li><strong>Tudulinna raamatukogu : Gerri Lehismets<br \/>\n<\/strong>Pargi 2, 42202 Tudulinna, Alutaguse vald<br \/>\nTelefon: +372 336 6953<\/li>\n<\/ul>\n<p><strong>J\u00f5hvi Keskraamatukogu: Eve Kottise<\/strong><br \/>\nAadress: Rakvere 13a, 41533 J\u00f5hvi&nbsp;<br \/>\nTelefon: +372 591 99087<br \/>\nE-post: raamatukogu@rk.johvi.ee&nbsp;<\/p>\n<p><strong>Kohtla-J\u00e4rve Keskraamatukogu: Aime Aarmaa<\/strong><br \/>\nAadress: P\u00e4rna 27, 30323Kohtla-J\u00e4rve&nbsp;<br \/>\nTelefon: +372 335 4350<br \/>\nE-post: aime@k-jarve.lib.ee<\/p>\n<p><strong>Kohtla-N\u00f5mme Raamatukogu: Kristina Kiiver<\/strong><br \/>\nAadress: Kooli 6, 30503 Kohtla-N\u00f5mme&nbsp;<br \/>\nTelefon: +372 332 5176<br \/>\nE-post: kohtlanommeraamatukogu@gmail.com<\/p>\n<p><strong>L\u00fcganuse Valla Raamatukogu (Kivi\u00f5li): Pille Naur<\/strong><br \/>\nAadress: Viru tn 7, 43125 Kivi\u00f5li linn, L\u00fcganuse vald<br \/>\nTelefon: +372 3358526<br \/>\nE-post: kivioli.raamatukogu@lyganuse.ee<\/p>\n<p><strong>L\u00fcganuse Valla Raamatukogu harukogud:<\/strong><\/p>\n<ul>\n<li><strong>L\u00fcganuse haruraamatukogu: Aiki Maalma<\/strong><br \/>\nAadress: Kivi\u00f5li tee 25\/2, 43301 L\u00fcganuse alevik, L\u00fcganuse vald<br \/>\nTelefon: +372 332 5866<br \/>\nE-post: raamatukogu@lyganuse.ee<\/li>\n<li><strong>Maidla haruraamatukogu: Aiki Maalma<\/strong><br \/>\nAadress: Maidla tee 56, 42301 Savala k\u00fcla, L\u00fcganuse vald<br \/>\nTelefon: +372 332 5653<br \/>\nE-post: maedla.rk@mail.ee<\/li>\n<li><strong>P\u00fcssi haruraamatukogu: Merle Ivanova<\/strong><br \/>\nAadress: Kooli tn 5, 43222 P\u00fcssi linn, L\u00fcganuse vald<br \/>\nTelefon: +372 335 3297<br \/>\nE-post: pyssi.raamatukogu@lyganuse.ee<\/li>\n<li><strong>Sonda haruraamatukogu: Stella M\u00e4itse<\/strong><br \/>\nAadress: Uljaste tee 14, 43001 Sonda alevik, L\u00fcganuse vald<br \/>\nTelefon: +372 335 5172<br \/>\nE-post: sondaraamatukogu@lyganuse.ee<\/li>\n<\/ul>\n<p><strong>Narva Keskraamatukogu: Maritsa Ort<\/strong><br \/>\nAadress: Malmi 8, 20308 Narva<br \/>\nTelefon: +372 359 1993<br \/>\nE-post: maritsa.ort@narvalib.ee&nbsp;<\/p>\n<p><strong>Narva-J\u00f5esuu Linnaraamatukogu: Elena Erro<\/strong><br \/>\nAadress: Kesk 3, 29023 Narva-J\u00f5esuu<br \/>\nTelefon: +372 357 7072<br \/>\nE-post: njlraamatukogu@gmail.com<\/p>\n<p><strong>Olgina Raamatukogu: Natalja Rodionova<\/strong><br \/>\nAadress: Narva mnt 12, 40103 Olgina<br \/>\nTelefon: +372 339 0316<br \/>\nE-post: olginark@vaivara.ee<br \/>\n<strong>Ajutiselt suletud<\/strong><\/p>\n<p><strong>Saka Raamatukogu: Liis Peepmaa<\/strong><br \/>\nAadress: Toila vald, 30103 Saka k\u00fcla<br \/>\nTelefon: +372 563 92426<br \/>\nE-post: liis.peepmaa@toila.ee<\/p>\n<p><strong>Sillam\u00e4e Raamatukogu: Irina Razguljajeva<\/strong><br \/>\nAadress: Viru 26, 40233 Sillam\u00e4e<br \/>\nTelefon: +372 392 4342<br \/>\nE-post: irina.razguljajeva@slib.ee<\/p>\n<p><strong>Sinim\u00e4e Raamatukogu: Tatjana Korelina<\/strong><br \/>\nAadress: Kesk tn 1, 40101 Sinim\u00e4e<br \/>\nTelefon: +372 392 4046<br \/>\nE-post: sinimaerk@vaivara.ee<\/p>\n<p><strong>Tammiku Raamatukogu<\/strong><br \/>\nAadress: Tamme 17, 41541 J\u00f5hvi vald<br \/>\nTelefon: +372 336 4064<br \/>\nE-post: liia.kask@rk.johvi.ee<\/p>\n<p><strong>Toila Vallaraamatukogu: Lea Rand<\/strong><br \/>\nAadress: Pikk 13a, 41702 Toila<br \/>\nTelefon: +372 336 9551<br \/>\nE-post: raamatukogu@toila.ee<\/p>\n<p><strong>Tudulinna Raamatukogu: Gerri Lehismets<\/strong><br \/>\nAadress: Pargi 2, 42202 Tudulinna<br \/>\nTelefon: +372 336 6953<br \/>\nE-post: gerri.lehismets@alutagusevald.ee<\/p>\n<p><strong>Vaivara Raamatukogu: Leeni Aager<\/strong><br \/>\nAadress: Poe tn 3, 40102 Vaivara<br \/>\nTelefon: +372 392 9070<br \/>\nE-post: vaivarark@vaivara.ee<\/p>\n<p><strong>Voka Raamatukogu: Liis Peepmaa<\/strong><br \/>\nAadress: Narva mnt 2, 41701 Voka<br \/>\nTelefon: +372 339 8572<br \/>\nE-post: liis.peepmaa@toila.ee<\/p>\n","protected":false},"excerpt":{"rendered":"<p>Alutaguse raamatukogud: M\u00e4etaguse raamatukogu: Tiina T\u00f5nurist Kooli 21, 41301 M\u00e4etaguse alevik, Alutaguse vald, Ida-Viru maakond Telefon: +372 336 6950 E-post: maetaguse.rk@alutagusevald.ee Alaj\u00f5e teeninduspunkt Valla tn 8, 41001 Alaj\u00f5e k\u00fcla, Ida-Virumaa Telefon: ++372 336 6950 E-post: maetaguse.rk@alutagusevald.ee Iisaku raamatukogu : Aili Karuk\u00e4pp Tartu mnt 62, 41101 Iisaku alevik, Alutaguse vald Telefon: +372 336 6954 E-post: iisaku.rk@alutagusevald.ee [&hellip;]<\/p>\n","protected":false},"author":2,"featured_media":0,"parent":0,"menu_order":0,"comment_status":"closed","ping_status":"closed","template":"","meta":{"_monsterinsights_skip_tracking":false,"_monsterinsights_sitenote_active":false,"_monsterinsights_sitenote_note":"","_monsterinsights_sitenote_category":0,"ngg_post_thumbnail":0,"footnotes":""},"class_list":["post-762","page","type-page","status-publish","hentry"],"_links":{"self":[{"href":"https:\/\/rk.johvi.ee\/index.php?rest_route=\/wp\/v2\/pages\/762","targetHints":{"allow":["GET"]}}],"collection":[{"href":"https:\/\/rk.johvi.ee\/index.php?rest_route=\/wp\/v2\/pages"}],"about":[{"href":"https:\/\/rk.johvi.ee\/index.php?rest_route=\/wp\/v2\/types\/page"}],"author":[{"embeddable":true,"href":"https:\/\/rk.johvi.ee\/index.php?rest_route=\/wp\/v2\/users\/2"}],"replies":[{"embeddable":true,"href":"https:\/\/rk.johvi.ee\/index.php?rest_route=%2Fwp%2Fv2%2Fcomments&post=762"}],"version-history":[{"count":28,"href":"https:\/\/rk.johvi.ee\/index.php?rest_route=\/wp\/v2\/pages\/762\/revisions"}],"predecessor-version":[{"id":4664,"href":"https:\/\/rk.johvi.ee\/index.php?rest_route=\/wp\/v2\/pages\/762\/revisions\/4664"}],"wp:attachment":[{"href":"https:\/\/rk.johvi.ee\/index.php?rest_route=%2Fwp%2Fv2%2Fmedia&parent=762"}],"curies":[{"name":"wp","href":"https:\/\/api.w.org\/{rel}","templated":true}]}}