{"id":764,"date":"2021-10-28T11:04:38","date_gmt":"2021-10-28T08:04:38","guid":{"rendered":"https:\/\/rk.johvi.ee\/?page_id=764"},"modified":"2023-05-30T15:57:32","modified_gmt":"2023-05-30T12:57:32","slug":"%d0%bf%d0%be%d0%b2%d1%8b%d1%88%d0%b5%d0%bd%d0%b8%d0%b5-%d0%ba%d0%b2%d0%b0%d0%bb%d0%b8%d1%84%d0%b8%d0%ba%d0%b0%d1%86%d0%b8%d0%b8-%d1%8d%d1%81%d1%82-%d1%8f%d0%b7","status":"publish","type":"page","link":"https:\/\/rk.johvi.ee\/?page_id=764&lang=ru","title":{"rendered":"\u041f\u043e\u0432\u044b\u0448\u0435\u043d\u0438\u0435 \u043a\u0432\u0430\u043b\u0438\u0444\u0438\u043a\u0430\u0446\u0438\u0438 (\u044d\u0441\u0442.\u044f\u0437.)"},"content":{"rendered":"<p><strong><em>\u041f\u043e\u0432\u044b\u0448\u0435\u043d\u0438\u0435 \u043a\u0432\u0430\u043b\u0438\u0444\u0438\u043a\u0430\u0446\u0438\u0438 2022<\/em><\/strong><\/p>\n<table style=\"border-collapse: collapse; width: 90.3435%; height: 289px;\">\n<tbody>\n<tr style=\"height: 26px;\">\n<td style=\"width: 17.2818%; height: 26px; text-align: left;\"><strong>Koolituse aeg<\/strong><\/td>\n<td style=\"width: 31.2524%; height: 26px; text-align: left;\"><strong>Koolituse teema<\/strong><\/td>\n<td style=\"width: 20.2219%; height: 26px; text-align: left;\"><strong>Koolitaja<\/strong><\/td>\n<td style=\"width: 23.782%; height: 26px; text-align: left;\"><strong>Koolituse maht\/<\/strong><br \/>\n<strong>kestus<\/strong><\/td>\n<\/tr>\n<tr style=\"height: 53px;\">\n<td style=\"width: 17.2818%; height: 53px;\">28.01.2022<\/td>\n<td style=\"width: 31.2524%; height: 53px;\">Talveseminar rahvaraamatukogudele<\/td>\n<td style=\"width: 20.2219%; height: 53px;\">J\u00f5hvi KRK<\/td>\n<td style=\"width: 23.782%; height: 53px;\">4 ak t<\/td>\n<\/tr>\n<tr style=\"height: 26px;\">\n<td style=\"width: 17.2818%; height: 26px;\">29.04.2022<\/td>\n<td style=\"width: 31.2524%; height: 26px;\">\u00d5ppep\u00e4ev. R. Veidemanni loeng<\/td>\n<td style=\"width: 20.2219%; height: 26px;\">J\u00f5hvi KRK<\/td>\n<td style=\"width: 23.782%; height: 26px;\">4 ak t<\/td>\n<\/tr>\n<tr style=\"height: 79px;\">\n<td style=\"width: 17.2818%; height: 79px;\">27.05.2022<\/td>\n<td style=\"width: 31.2524%; height: 79px;\">\u00d5ppes\u00f5it Underi ja Tuglase majamuuseumi. Viimsi raamatukogu k\u00fclastamine.<\/td>\n<td style=\"width: 20.2219%; height: 79px;\">J\u00f5hvi KRK&nbsp;<\/td>\n<td style=\"width: 23.782%; height: 79px;\">7 ak t<\/td>\n<\/tr>\n<tr style=\"height: 26px;\">\n<td style=\"width: 17.2818%; height: 26px;\">30.09.2022<\/td>\n<td style=\"width: 31.2524%; height: 26px;\">Raksed kohad lausestuses<\/td>\n<td style=\"width: 20.2219%; height: 26px;\">EKI&nbsp;<\/td>\n<td style=\"width: 23.782%; height: 26px;\">4 ak t<\/td>\n<\/tr>\n<tr style=\"height: 53px;\">\n<td style=\"width: 17.2818%; height: 53px;\">05.10.2022<\/td>\n<td style=\"width: 31.2524%; height: 53px;\">S\u00fcgisseminar rahvaraamatukogudele<\/td>\n<td style=\"width: 20.2219%; height: 53px;\">J\u00f5hvi KRK<\/td>\n<td style=\"width: 23.782%; height: 53px;\">25 ak t<\/td>\n<\/tr>\n<tr style=\"height: 26px;\">\n<td style=\"width: 17.2818%; height: 26px;\">09.11.2022<\/td>\n<td style=\"width: 31.2524%; height: 26px;\">Lastekirjanduse erialap\u00e4ev<\/td>\n<td style=\"width: 20.2219%; height: 26px;\">Eesti Lastekirjanduse Keskus<\/td>\n<td style=\"width: 23.782%; height: 26px;\">20 ak t<\/td>\n<\/tr>\n<tr>\n<td style=\"width: 17.2818%;\">25.11.2022<\/td>\n<td style=\"width: 31.2524%;\">Korrektne ametikeel<\/td>\n<td style=\"width: 20.2219%;\">EKI&nbsp;<\/td>\n<td style=\"width: 23.782%;\">4 ak t<\/td>\n<\/tr>\n<\/tbody>\n<\/table>\n<p>\u041f\u043e\u0432\u044b\u0448\u0435\u043d\u0438\u0435 \u043a\u0432\u0430\u043b\u0438\u0444\u0438\u043a\u0430\u0446\u0438\u0438<a href=\"http:\/\/rk.johvi.ee\/wp-content\/uploads\/2023\/05\/Raamatukogu-taiendkoolitused-2021.pdf\" target=\"_blank\" rel=\"noopener\"> 2021<\/a>, <a href=\"https:\/\/rk.johvi.ee\/wp-content\/uploads\/2021\/10\/Taiendkoolitus_2020.pdf\">2020<\/a>,&nbsp;<a href=\"https:\/\/rk.johvi.ee\/wp-content\/uploads\/2021\/10\/taiendkoolitused_2019.pdf\">2019<\/a>,&nbsp;<a href=\"https:\/\/rk.johvi.ee\/wp-content\/uploads\/2021\/10\/Koolitused_2018.pdf\">2018<\/a>,&nbsp;<a href=\"https:\/\/rk.johvi.ee\/wp-content\/uploads\/2021\/10\/2017_koolitused.pdf\">2017<\/a>,&nbsp;<a href=\"https:\/\/rk.johvi.ee\/wp-content\/uploads\/2021\/10\/taiendkoolitus_2016.pdf\">2016<\/a><\/p>\n","protected":false},"excerpt":{"rendered":"<p>\u041f\u043e\u0432\u044b\u0448\u0435\u043d\u0438\u0435 \u043a\u0432\u0430\u043b\u0438\u0444\u0438\u043a\u0430\u0446\u0438\u0438 2022 Koolituse aeg Koolituse teema Koolitaja Koolituse maht\/ kestus 28.01.2022 Talveseminar rahvaraamatukogudele J\u00f5hvi KRK 4 ak t 29.04.2022 \u00d5ppep\u00e4ev. R. Veidemanni loeng J\u00f5hvi KRK 4 ak t 27.05.2022 \u00d5ppes\u00f5it Underi ja Tuglase majamuuseumi. Viimsi raamatukogu k\u00fclastamine. J\u00f5hvi KRK&nbsp; 7 ak t 30.09.2022 Raksed kohad lausestuses EKI&nbsp; 4 ak t 05.10.2022 S\u00fcgisseminar rahvaraamatukogudele J\u00f5hvi [&hellip;]<\/p>\n","protected":false},"author":2,"featured_media":0,"parent":762,"menu_order":0,"comment_status":"closed","ping_status":"closed","template":"","meta":{"_monsterinsights_skip_tracking":false,"_monsterinsights_sitenote_active":false,"_monsterinsights_sitenote_note":"","_monsterinsights_sitenote_category":0,"ngg_post_thumbnail":0,"footnotes":""},"class_list":["post-764","page","type-page","status-publish","hentry"],"_links":{"self":[{"href":"https:\/\/rk.johvi.ee\/index.php?rest_route=\/wp\/v2\/pages\/764","targetHints":{"allow":["GET"]}}],"collection":[{"href":"https:\/\/rk.johvi.ee\/index.php?rest_route=\/wp\/v2\/pages"}],"about":[{"href":"https:\/\/rk.johvi.ee\/index.php?rest_route=\/wp\/v2\/types\/page"}],"author":[{"embeddable":true,"href":"https:\/\/rk.johvi.ee\/index.php?rest_route=\/wp\/v2\/users\/2"}],"replies":[{"embeddable":true,"href":"https:\/\/rk.johvi.ee\/index.php?rest_route=%2Fwp%2Fv2%2Fcomments&post=764"}],"version-history":[{"count":6,"href":"https:\/\/rk.johvi.ee\/index.php?rest_route=\/wp\/v2\/pages\/764\/revisions"}],"predecessor-version":[{"id":2320,"href":"https:\/\/rk.johvi.ee\/index.php?rest_route=\/wp\/v2\/pages\/764\/revisions\/2320"}],"up":[{"embeddable":true,"href":"https:\/\/rk.johvi.ee\/index.php?rest_route=\/wp\/v2\/pages\/762"}],"wp:attachment":[{"href":"https:\/\/rk.johvi.ee\/index.php?rest_route=%2Fwp%2Fv2%2Fmedia&parent=764"}],"curies":[{"name":"wp","href":"https:\/\/api.w.org\/{rel}","templated":true}]}}