{"id":771,"date":"2021-10-28T11:06:32","date_gmt":"2021-10-28T08:06:32","guid":{"rendered":"https:\/\/rk.johvi.ee\/?page_id=771"},"modified":"2026-04-25T15:03:41","modified_gmt":"2026-04-25T12:03:41","slug":"%d0%b1%d0%b8%d0%b1%d0%bb%d0%b8%d0%be%d1%82%d0%b5%d0%ba%d0%b0%d0%bc-%d1%8d%d1%81%d1%82-%d1%8f%d0%b7","status":"publish","type":"page","link":"https:\/\/rk.johvi.ee\/?page_id=771&lang=ru","title":{"rendered":"\u0411\u0438\u0431\u043b\u0438\u043e\u0442\u0435\u043a\u0430\u043c (\u044d\u0441\u0442.\u044f\u0437.)"},"content":{"rendered":"<p><strong>Seadused ja juhendmaterjalid<\/strong><\/p>\n<p><a href=\"https:\/\/www.riigiteataja.ee\/akt\/12798044?leiaKehtiv\" target=\"_blank\" rel=\"noopener noreferrer\">Rahvaraamatukogu seadus<\/a><\/p>\n<p><a href=\"https:\/\/www.riigiteataja.ee\/akt\/12828432?leiaKehtiv\" target=\"_blank\" rel=\"noopener noreferrer\">Rahvaraamatukogu t\u00f6\u00f6korralduse juhend<\/a><\/p>\n<p><a href=\"http:\/\/www.kutsekoda.ee\/et\/kutseregister\/kutsestandardid\/10086910\/lae\/188.doc\" target=\"_blank\" rel=\"noopener noreferrer\">Raamatukoguhoidja kutsestandard&nbsp;<\/a><\/p>\n<p><a href=\"https:\/\/www.riigiteataja.ee\/akt\/810714?leiaKehtiv\" target=\"_blank\" rel=\"noopener noreferrer\">Autori\u00f5iguse seadus<\/a><\/p>\n<p><a href=\"https:\/\/www.riigiteataja.ee\/akt\/12909389?leiaKehtiv\" target=\"_blank\" rel=\"noopener noreferrer\">Isikuandmete kaitse seadus&nbsp;<\/a><\/p>\n<p><a href=\"https:\/\/www.riigiteataja.ee\/ert\/act.jsp?id=75308\" target=\"_parent\" rel=\"noopener\">Eesti infopoliitika p\u00f5hialused<\/a><\/p>\n<p><a href=\"http:\/\/www.nlib.ee\/rr-standardid\/\" target=\"_blank\" rel=\"noopener noreferrer\">Raamatukogudevaheline laenutus (RVL): P\u00f5him\u00f5tted ja \u00fcldn\u00f5uded&nbsp;<\/a><br \/>\nRRS 5:2008<\/p>\n<p><a href=\"https:\/\/www.riigiteataja.ee\/akt\/110062015010\" target=\"_blank\" rel=\"noopener noreferrer\">T\u00e4iskasvanute koolituse seadus<\/a><\/p>\n<p><strong>Organisatsioonid<\/strong><\/p>\n<p><a href=\"http:\/\/eru.lib.ee\/\" target=\"_blank\" rel=\"noopener noreferrer\">Eesti Raamatukoguhoidjate \u00dching&nbsp;<\/a><\/p>\n<p><a href=\"http:\/\/www.nlib.ee\/\" target=\"_blank\" rel=\"noopener noreferrer\">Eesti Rahvusraamatukogu<\/a><\/p>\n<p><a href=\"http:\/\/www.kul.ee\/\" target=\"_blank\" rel=\"noopener noreferrer\">EV Kultuuriministeerium<\/a><\/p>\n<p><strong>Andmebaasid, s\u00f5nastikud<\/strong><\/p>\n<p><a href=\"https:\/\/ems.elnet.ee\/index.php\">Eesti m\u00e4rks\u00f5nastik <\/a><\/p>\n<p><a href=\"https:\/\/erba.tlulib.ee\/\">Eesti raamatukogunduse biograafiline andmebaas (ERBA)<\/a><\/p>\n<p><a href=\"http:\/\/www.nlib.ee\/termin\/\" target=\"_blank\" rel=\"noopener noreferrer\">Raamatukogus\u00f5nastik&nbsp;<\/a><\/p>\n","protected":false},"excerpt":{"rendered":"<p>Seadused ja juhendmaterjalid Rahvaraamatukogu seadus Rahvaraamatukogu t\u00f6\u00f6korralduse juhend Raamatukoguhoidja kutsestandard&nbsp; Autori\u00f5iguse seadus Isikuandmete kaitse seadus&nbsp; Eesti infopoliitika p\u00f5hialused Raamatukogudevaheline laenutus (RVL): P\u00f5him\u00f5tted ja \u00fcldn\u00f5uded&nbsp; RRS 5:2008 T\u00e4iskasvanute koolituse seadus Organisatsioonid Eesti Raamatukoguhoidjate \u00dching&nbsp; Eesti Rahvusraamatukogu EV Kultuuriministeerium Andmebaasid, s\u00f5nastikud Eesti m\u00e4rks\u00f5nastik Eesti raamatukogunduse biograafiline andmebaas (ERBA) Raamatukogus\u00f5nastik&nbsp;<\/p>\n","protected":false},"author":2,"featured_media":0,"parent":762,"menu_order":0,"comment_status":"closed","ping_status":"closed","template":"","meta":{"_monsterinsights_skip_tracking":false,"_monsterinsights_sitenote_active":false,"_monsterinsights_sitenote_note":"","_monsterinsights_sitenote_category":0,"ngg_post_thumbnail":0,"footnotes":""},"class_list":["post-771","page","type-page","status-publish","hentry"],"_links":{"self":[{"href":"https:\/\/rk.johvi.ee\/index.php?rest_route=\/wp\/v2\/pages\/771","targetHints":{"allow":["GET"]}}],"collection":[{"href":"https:\/\/rk.johvi.ee\/index.php?rest_route=\/wp\/v2\/pages"}],"about":[{"href":"https:\/\/rk.johvi.ee\/index.php?rest_route=\/wp\/v2\/types\/page"}],"author":[{"embeddable":true,"href":"https:\/\/rk.johvi.ee\/index.php?rest_route=\/wp\/v2\/users\/2"}],"replies":[{"embeddable":true,"href":"https:\/\/rk.johvi.ee\/index.php?rest_route=%2Fwp%2Fv2%2Fcomments&post=771"}],"version-history":[{"count":4,"href":"https:\/\/rk.johvi.ee\/index.php?rest_route=\/wp\/v2\/pages\/771\/revisions"}],"predecessor-version":[{"id":4653,"href":"https:\/\/rk.johvi.ee\/index.php?rest_route=\/wp\/v2\/pages\/771\/revisions\/4653"}],"up":[{"embeddable":true,"href":"https:\/\/rk.johvi.ee\/index.php?rest_route=\/wp\/v2\/pages\/762"}],"wp:attachment":[{"href":"https:\/\/rk.johvi.ee\/index.php?rest_route=%2Fwp%2Fv2%2Fmedia&parent=771"}],"curies":[{"name":"wp","href":"https:\/\/api.w.org\/{rel}","templated":true}]}}