{"id":79,"date":"2020-10-15T13:52:50","date_gmt":"2020-10-15T10:52:50","guid":{"rendered":"https:\/\/rk.johvi.ee\/?page_id=79"},"modified":"2026-05-07T13:09:03","modified_gmt":"2026-05-07T10:09:03","slug":"tellitud-perioodika","status":"publish","type":"page","link":"https:\/\/rk.johvi.ee\/?page_id=79","title":{"rendered":"Perioodika"},"content":{"rendered":"<p>K\u00f5iki ajakirju ja n\u00e4dalalehti saab ka koju laenutada (v.a viimast numbrit). Jooksva aasta numbreid laenutatakse 8 p\u00e4evaks, varasemaid numbreid &#8211; 21 p\u00e4evaks.<\/p>\n<p>Ajakirju s\u00e4ilitame \u00fcldjuhul viimased kolm aastat. T\u00e4psemat infot ajakirjade leidumuse kohta saate meie raamatukogu elektronkataloogist&nbsp;<a href=\"https:\/\/www.lugeja.ee\/catalogAdvancedSearch?libraryId=1033\" target=\"_blank\" rel=\"noopener\">siit<\/a>.<\/p>\n<p>Ajalehti s\u00e4ilitame \u00fcks aasta. Erandina on pikema s\u00e4ilitusajaga:<br \/>\nP\u00f5hjarannik \u2013 alates 1991. aastast<br \/>\n&#8220;\u0421\u0435\u0432\u0435\u0440\u043d\u043e\u0435 \u043f\u043e\u0431\u0435\u0440\u0435\u0436\u044c\u0435&#8221; \u2013 alates 1992. aastast<\/p>\n<p>2026. aasta ajalehtede ja ajakirjade nimekiri:<\/p>\n<table style=\"border-collapse: collapse; width: 96.3793%; height: 2704px;\">\n<tbody>\n<tr style=\"height: 26px;\">\n<td style=\"width: 60.7821%; height: 26px;\" align=\"left\" height=\"21\"><b>Eestikeelsed ajalehed<\/b><\/td>\n<td style=\"width: 35.5972%; height: 26px;\" align=\"left\" height=\"21\">&nbsp;<\/td>\n<\/tr>\n<tr style=\"height: 26px;\">\n<td style=\"width: 60.7821%; height: 26px;\" align=\"left\" valign=\"top\" height=\"21\">Eesti Ekspress<\/td>\n<td style=\"width: 35.5972%; height: 26px;\" align=\"left\" valign=\"top\" height=\"21\">Lugemissaal<\/td>\n<\/tr>\n<tr style=\"height: 26px;\">\n<td style=\"width: 60.7821%; height: 26px;\" align=\"left\" valign=\"top\" height=\"21\">J\u00f5hvi Teataja<\/td>\n<td style=\"width: 35.5972%; height: 26px;\" align=\"left\" valign=\"top\" height=\"21\">Lugemissaal<\/td>\n<\/tr>\n<tr style=\"height: 26px;\">\n<td style=\"width: 60.7821%; height: 26px;\" align=\"left\" valign=\"top\" height=\"21\">KesKus&nbsp;<\/td>\n<td style=\"width: 35.5972%; height: 26px;\" align=\"left\" valign=\"top\" height=\"21\">Lugemissaal<\/td>\n<\/tr>\n<tr style=\"height: 26px;\">\n<td style=\"width: 60.7821%; height: 26px;\" align=\"left\" valign=\"top\" height=\"21\">Maaleht<\/td>\n<td style=\"width: 35.5972%; height: 26px;\" align=\"left\" valign=\"top\" height=\"21\">Lugemissaal<\/td>\n<\/tr>\n<tr style=\"height: 26px;\">\n<td style=\"width: 60.7821%; height: 26px;\" align=\"left\" valign=\"top\" height=\"21\">M\u00fc\u00fcrileht&nbsp;<\/td>\n<td style=\"width: 35.5972%; height: 26px;\" align=\"left\" valign=\"top\" height=\"21\">Lugemissaal<\/td>\n<\/tr>\n<tr style=\"height: 26px;\">\n<td style=\"width: 60.7821%; height: 26px;\">N\u00e4dalal\u00f5puleht LP<\/td>\n<td style=\"width: 35.5972%; height: 26px;\">Lugemissaal<\/td>\n<\/tr>\n<tr style=\"height: 26px;\">\n<td style=\"width: 60.7821%; height: 26px;\" align=\"left\" valign=\"top\" height=\"21\">Postimees&nbsp;<\/td>\n<td style=\"width: 35.5972%; height: 26px;\" align=\"left\" valign=\"top\" height=\"21\">Lugemissaal<\/td>\n<\/tr>\n<tr style=\"height: 26px;\">\n<td style=\"width: 60.7821%; height: 26px;\" align=\"left\" valign=\"top\" height=\"21\">P\u00f5hjarannik&nbsp;<\/td>\n<td style=\"width: 35.5972%; height: 26px;\" align=\"left\" valign=\"top\" height=\"21\">Lugemissaal<\/td>\n<\/tr>\n<tr style=\"height: 26px;\">\n<td style=\"width: 60.7821%; height: 26px;\" align=\"left\" valign=\"top\" height=\"21\">Sirp<\/td>\n<td style=\"width: 35.5972%; height: 26px;\" align=\"left\" valign=\"top\" height=\"21\">Lugemissaal<\/td>\n<\/tr>\n<tr style=\"height: 26px;\">\n<td style=\"width: 60.7821%; height: 26px;\">Virumaa Teataja<\/td>\n<td style=\"width: 35.5972%; height: 26px;\">Lugemissaal<\/td>\n<\/tr>\n<tr style=\"height: 26px;\">\n<td style=\"width: 60.7821%; height: 26px;\" align=\"left\" valign=\"top\" height=\"21\">\u00d5htuleht<\/td>\n<td style=\"width: 35.5972%; height: 26px;\" align=\"left\" valign=\"top\" height=\"21\">Lugemissaal<\/td>\n<\/tr>\n<tr style=\"height: 26px;\">\n<td style=\"width: 60.7821%; height: 26px;\" align=\"left\" valign=\"top\" height=\"21\">\u00d5petajate Leht<\/td>\n<td style=\"width: 35.5972%; height: 26px;\" align=\"left\" valign=\"top\" height=\"21\">Lugemissaal<\/td>\n<\/tr>\n<tr style=\"height: 26px;\">\n<td style=\"width: 60.7821%; height: 26px;\" align=\"left\" height=\"21\">&nbsp;<\/td>\n<td style=\"width: 35.5972%; height: 26px;\" align=\"left\" height=\"21\">&nbsp;<\/td>\n<\/tr>\n<tr style=\"height: 26px;\">\n<td style=\"width: 60.7821%; height: 26px;\" align=\"left\" height=\"21\"><b>Eestikeelsed ajakirjad<\/b><\/td>\n<td style=\"width: 35.5972%; height: 26px;\" align=\"left\" height=\"21\">&nbsp;<\/td>\n<\/tr>\n<tr style=\"height: 26px;\">\n<td style=\"width: 60.7821%; height: 26px;\">60+<\/td>\n<td style=\"width: 35.5972%; height: 26px;\">Lugemissaal, Tammiku RK<\/td>\n<\/tr>\n<tr style=\"height: 26px;\">\n<td style=\"width: 60.7821%; height: 26px;\">Aed<\/td>\n<td style=\"width: 35.5972%; height: 26px;\">Lugemissaal<\/td>\n<\/tr>\n<tr style=\"height: 26px;\">\n<td style=\"width: 60.7821%; height: 26px;\" align=\"left\" height=\"21\">Akadeemia<\/td>\n<td style=\"width: 35.5972%; height: 26px;\" align=\"left\" height=\"21\">Lugemissaal<\/td>\n<\/tr>\n<tr style=\"height: 26px;\">\n<td style=\"width: 60.7821%; height: 26px;\">Anne &amp; Stiil<\/td>\n<td style=\"width: 35.5972%; height: 26px;\">Lugemissaal<\/td>\n<\/tr>\n<tr style=\"height: 26px;\">\n<td style=\"width: 60.7821%; height: 26px;\" align=\"left\" height=\"21\">Digi<\/td>\n<td style=\"width: 35.5972%; height: 26px;\" align=\"left\" height=\"21\">Lugemissaal<\/td>\n<\/tr>\n<tr style=\"height: 26px;\">\n<td style=\"width: 60.7821%; height: 26px;\" align=\"left\" height=\"21\">Diivan<\/td>\n<td style=\"width: 35.5972%; height: 26px;\" align=\"left\" height=\"21\">Lugemissaal<\/td>\n<\/tr>\n<tr style=\"height: 26px;\">\n<td style=\"width: 60.7821%; height: 26px;\" align=\"left\" height=\"21\">Edasi.org<\/td>\n<td style=\"width: 35.5972%; height: 26px;\" align=\"left\" height=\"21\">Lugemissaal<\/td>\n<\/tr>\n<tr style=\"height: 26px;\">\n<td style=\"width: 60.7821%; height: 26px;\">Eesti Kaubandus-T\u00f6\u00f6stuskoja Teataja<\/td>\n<td style=\"width: 35.5972%; height: 26px;\">Lugemissaal<\/td>\n<\/tr>\n<tr style=\"height: 26px;\">\n<td style=\"width: 60.7821%; height: 26px;\" align=\"left\" height=\"21\">Eesti Loodus<\/td>\n<td style=\"width: 35.5972%; height: 26px;\" align=\"left\" height=\"21\">Lugemissaal<\/td>\n<\/tr>\n<tr style=\"height: 26px;\">\n<td style=\"width: 60.7821%; height: 26px;\" align=\"left\" height=\"21\">Eesti Naine&nbsp;<\/td>\n<td style=\"width: 35.5972%; height: 26px;\" align=\"left\" height=\"21\">Lugemissaal, Tammiku RK<\/td>\n<\/tr>\n<tr style=\"height: 26px;\">\n<td style=\"width: 60.7821%; height: 26px;\">Elamu<\/td>\n<td style=\"width: 35.5972%; height: 26px;\">Lugemissaal<\/td>\n<\/tr>\n<tr style=\"height: 26px;\">\n<td style=\"width: 60.7821%; height: 26px;\">GO Reisiajakiri<\/td>\n<td style=\"width: 35.5972%; height: 26px;\">Lugemissaal<\/td>\n<\/tr>\n<tr style=\"height: 26px;\">\n<td style=\"width: 60.7821%; height: 26px;\" align=\"left\" height=\"21\">Horisont<\/td>\n<td style=\"width: 35.5972%; height: 26px;\" align=\"left\" height=\"21\">Lugemissaal<\/td>\n<\/tr>\n<tr style=\"height: 26px;\">\n<td style=\"width: 60.7821%; height: 26px;\" align=\"left\" height=\"21\">Imeline Ajalugu + erinumbrid<\/td>\n<td style=\"width: 35.5972%; height: 26px;\" align=\"left\" height=\"21\">Lugemissaal<\/td>\n<\/tr>\n<tr style=\"height: 26px;\">\n<td style=\"width: 60.7821%; height: 26px;\" align=\"left\" height=\"21\">Imeline Teadus + erinumbrid<\/td>\n<td style=\"width: 35.5972%; height: 26px;\" align=\"left\" height=\"21\">Lugemissaal<\/td>\n<\/tr>\n<tr style=\"height: 26px;\">\n<td style=\"width: 60.7821%; height: 26px;\">Kaitse Kodu<\/td>\n<td style=\"width: 35.5972%; height: 26px;\">Lugemissaal<\/td>\n<\/tr>\n<tr style=\"height: 26px;\">\n<td style=\"width: 60.7821%; height: 26px;\" align=\"left\" height=\"21\">Keel ja Kirjandus<\/td>\n<td style=\"width: 35.5972%; height: 26px;\" align=\"left\" height=\"21\">Lugemissaal<\/td>\n<\/tr>\n<tr style=\"height: 26px;\">\n<td style=\"width: 60.7821%; height: 26px;\">Kodukiri &amp; Aed<\/td>\n<td style=\"width: 35.5972%; height: 26px;\">Lugemissaal, Tammiku RK<\/td>\n<\/tr>\n<tr style=\"height: 26px;\">\n<td style=\"width: 60.7821%; height: 26px;\" align=\"left\" height=\"21\">Kodutohter<\/td>\n<td style=\"width: 35.5972%; height: 26px;\" align=\"left\" height=\"21\">Lugemissaal, Tammiku RK<\/td>\n<\/tr>\n<tr style=\"height: 26px;\">\n<td style=\"width: 60.7821%; height: 26px;\" align=\"left\" height=\"21\">Kroonika&nbsp;<\/td>\n<td style=\"width: 35.5972%; height: 26px;\" align=\"left\" height=\"21\">Lugemissaal<\/td>\n<\/tr>\n<tr style=\"height: 26px;\">\n<td style=\"width: 60.7821%; height: 26px;\">Kultuur ja Elu<\/td>\n<td style=\"width: 35.5972%; height: 26px;\">Lugemissaal<\/td>\n<\/tr>\n<tr style=\"height: 26px;\">\n<td style=\"width: 60.7821%; height: 26px;\" align=\"left\" height=\"21\">K\u00e4sit\u00f6\u00f6<\/td>\n<td style=\"width: 35.5972%; height: 26px;\" align=\"left\" height=\"21\">Lugemissaal<\/td>\n<\/tr>\n<tr style=\"height: 26px;\">\n<td style=\"width: 60.7821%; height: 26px;\" align=\"left\" height=\"21\">Looming<\/td>\n<td style=\"width: 35.5972%; height: 26px;\" align=\"left\" height=\"21\">Lugemissaal<\/td>\n<\/tr>\n<tr style=\"height: 26px;\">\n<td style=\"width: 60.7821%; height: 26px;\" align=\"left\" height=\"21\">Loomingu Raamatukogu<\/td>\n<td style=\"width: 35.5972%; height: 26px;\" align=\"left\" height=\"21\">Laenutusosakond<\/td>\n<\/tr>\n<tr style=\"height: 26px;\">\n<td style=\"width: 60.7821%; height: 26px;\" align=\"left\" height=\"21\">Maakodu&nbsp;<\/td>\n<td style=\"width: 35.5972%; height: 26px;\" align=\"left\" height=\"21\">Lugemissaal, Tammiku RK<\/td>\n<\/tr>\n<tr style=\"height: 26px;\">\n<td style=\"width: 60.7821%; height: 26px;\">Magnaat<\/td>\n<td style=\"width: 35.5972%; height: 26px;\">Lugemissaal<\/td>\n<\/tr>\n<tr style=\"height: 26px;\">\n<td style=\"width: 60.7821%; height: 26px;\" align=\"left\" height=\"21\">Naisteleht ja Naisteleht 55+<\/td>\n<td style=\"width: 35.5972%; height: 26px;\" align=\"left\" height=\"21\">Lugemissaal, Tammiku RK<\/td>\n<\/tr>\n<tr style=\"height: 26px;\">\n<td style=\"width: 60.7821%; height: 26px;\">Oma Keel<\/td>\n<td style=\"width: 35.5972%; height: 26px;\">Lugemissaal<\/td>\n<\/tr>\n<tr style=\"height: 26px;\">\n<td style=\"width: 60.7821%; height: 26px;\" align=\"left\" height=\"21\">Oma Maitse&nbsp;<\/td>\n<td style=\"width: 35.5972%; height: 26px;\" align=\"left\" height=\"21\">Lugemissaal<\/td>\n<\/tr>\n<tr>\n<td style=\"width: 60.7821%;\">Pere ja Kodu<\/td>\n<td style=\"width: 35.5972%;\">Lugemissaal<\/td>\n<\/tr>\n<tr style=\"height: 26px;\">\n<td style=\"width: 60.7821%; height: 26px;\" align=\"left\" height=\"21\">Raamatukogu<\/td>\n<td style=\"width: 35.5972%; height: 26px;\" align=\"left\" height=\"21\">Lugemissaal<\/td>\n<\/tr>\n<tr style=\"height: 26px;\">\n<td style=\"width: 60.7821%; height: 26px;\">Raamatupidamise Uudised<\/td>\n<td style=\"width: 35.5972%; height: 26px;\">Lugemissaal<\/td>\n<\/tr>\n<tr style=\"height: 26px;\">\n<td style=\"width: 60.7821%; height: 26px;\">Radar<\/td>\n<td style=\"width: 35.5972%; height: 26px;\">Lugemissaal<\/td>\n<\/tr>\n<tr style=\"height: 26px;\">\n<td style=\"width: 60.7821%; height: 26px;\" align=\"left\" height=\"21\">Sinu Mets<\/td>\n<td style=\"width: 35.5972%; height: 26px;\" align=\"left\" height=\"21\">Lugemissaal<\/td>\n<\/tr>\n<tr style=\"height: 26px;\">\n<td style=\"width: 60.7821%; height: 26px;\">S\u00f5dur<\/td>\n<td style=\"width: 35.5972%; height: 26px;\">Lugemissaal<\/td>\n<\/tr>\n<tr style=\"height: 26px;\">\n<td style=\"width: 60.7821%; height: 26px;\">S\u00e4de<\/td>\n<td style=\"width: 35.5972%; height: 26px;\">Lugemissaal<\/td>\n<\/tr>\n<tr style=\"height: 26px;\">\n<td style=\"width: 60.7821%; height: 26px;\" align=\"left\" height=\"21\">Teater.Muusika.Kino<\/td>\n<td style=\"width: 35.5972%; height: 26px;\" align=\"left\" height=\"21\">Lugemissaal<\/td>\n<\/tr>\n<tr style=\"height: 26px;\">\n<td style=\"width: 60.7821%; height: 26px;\" align=\"left\" height=\"21\">Tehnikamaailm&nbsp;<\/td>\n<td style=\"width: 35.5972%; height: 26px;\" align=\"left\" height=\"21\">Lugemissaal<\/td>\n<\/tr>\n<tr style=\"height: 26px;\">\n<td style=\"width: 60.7821%; height: 26px;\" align=\"left\" height=\"21\">TM Kodu &amp; Ehitus<\/td>\n<td style=\"width: 35.5972%; height: 26px;\" align=\"left\" height=\"21\">Lugemissaal<\/td>\n<\/tr>\n<tr style=\"height: 26px;\">\n<td style=\"width: 60.7821%; height: 26px;\">Tervis Pluss<\/td>\n<td style=\"width: 35.5972%; height: 26px;\">Lugemissaal<\/td>\n<\/tr>\n<tr style=\"height: 26px;\">\n<td style=\"width: 60.7821%; height: 26px;\" align=\"left\" height=\"21\">Tiiu<\/td>\n<td style=\"width: 35.5972%; height: 26px;\" align=\"left\" height=\"21\">Lugemissaal, Tammiku RK<\/td>\n<\/tr>\n<tr style=\"height: 26px;\">\n<td style=\"width: 60.7821%; height: 26px;\">Tuna<\/td>\n<td style=\"width: 35.5972%; height: 26px;\">Lugemissaal<\/td>\n<\/tr>\n<tr style=\"height: 26px;\">\n<td style=\"width: 60.7821%; height: 26px;\" align=\"left\" height=\"21\">T\u00f6\u00f6elu<\/td>\n<td style=\"width: 35.5972%; height: 26px;\" align=\"left\" height=\"21\">Lugemissaal<\/td>\n<\/tr>\n<tr style=\"height: 26px;\">\n<td style=\"width: 60.7821%; height: 26px;\">Universitas Tartuensis<\/td>\n<td style=\"width: 35.5972%; height: 26px;\">Lugemissaal<\/td>\n<\/tr>\n<tr style=\"height: 26px;\">\n<td style=\"width: 60.7821%; height: 26px;\" align=\"left\" height=\"21\">Vikerkaar<\/td>\n<td style=\"width: 35.5972%; height: 26px;\" align=\"left\" height=\"21\">Lugemissaal<\/td>\n<\/tr>\n<tr style=\"height: 26px;\">\n<td style=\"width: 60.7821%; height: 26px;\" align=\"left\" height=\"21\">V\u00e4rske R\u00f5hk<\/td>\n<td style=\"width: 35.5972%; height: 26px;\" align=\"left\" height=\"21\">Lugemissaal<\/td>\n<\/tr>\n<tr style=\"height: 26px;\">\n<td style=\"width: 60.7821%; height: 26px;\" align=\"left\" height=\"21\">&nbsp;<\/td>\n<td style=\"width: 35.5972%; height: 26px;\" align=\"left\" height=\"21\">&nbsp;<\/td>\n<\/tr>\n<tr style=\"height: 26px;\">\n<td style=\"width: 60.7821%; height: 26px;\" align=\"left\" height=\"21\"><b>Venekeelsed ajalehed<\/b><\/td>\n<td style=\"width: 35.5972%; height: 26px;\" align=\"left\" height=\"21\">&nbsp;<\/td>\n<\/tr>\n<tr style=\"height: 26px;\">\n<td style=\"width: 60.7821%; height: 26px;\">\u0410IF \u0415\u0432\u0440\u043e\u043f\u0430<\/td>\n<td style=\"width: 35.5972%; height: 26px;\">Lugemissaal<\/td>\n<\/tr>\n<tr style=\"height: 26px;\">\n<td style=\"width: 60.7821%; height: 26px;\">\u0414\u0430\u0439\u0434\u0436\u0435\u0441\u0442 + \u0418\u043d\u0444\u043e\u043f\u0440\u0435\u0441\u0441<\/td>\n<td style=\"width: 35.5972%; height: 26px;\">Lugemissaal<\/td>\n<\/tr>\n<tr style=\"height: 26px;\">\n<td style=\"width: 60.7821%; height: 26px;\" align=\"left\" height=\"21\">\u041c\u041a \u042d\u0441\u0442\u043e\u043d\u0438\u044f<\/td>\n<td style=\"width: 35.5972%; height: 26px;\" align=\"left\" height=\"21\">Lugemissaal<\/td>\n<\/tr>\n<tr style=\"height: 26px;\">\n<td style=\"width: 60.7821%; height: 26px;\" align=\"left\" height=\"21\">\u0421\u0435\u0432\u0435\u0440\u043d\u043e\u0435 \u043f\u043e\u0431\u0435\u0440\u0435\u0436\u044c\u0435&nbsp;<\/td>\n<td style=\"width: 35.5972%; height: 26px;\" align=\"left\" height=\"21\">Lugemissaal<\/td>\n<\/tr>\n<tr style=\"height: 26px;\">\n<td style=\"width: 60.7821%; height: 26px;\" align=\"left\" height=\"21\">\u0425\u043e\u0440\u043e\u0448\u0435\u0435 \u0447\u0442\u0438\u0432\u043e<\/td>\n<td style=\"width: 35.5972%; height: 26px;\">Lugemissaal<\/td>\n<\/tr>\n<tr style=\"height: 26px;\">\n<td style=\"width: 60.7821%; height: 26px;\">\u042d\u0441\u0442\u043e\u043d\u0441\u043a\u0438\u0439 \u044d\u043a\u0441\u043f\u0440\u0435\u0441\u0441&nbsp;<\/td>\n<td style=\"width: 35.5972%; height: 26px;\">Lugemissaal<\/td>\n<\/tr>\n<tr style=\"height: 26px;\">\n<td style=\"width: 60.7821%; height: 26px;\">&nbsp;<\/td>\n<td style=\"width: 35.5972%; height: 26px;\" align=\"left\" height=\"21\">&nbsp;<\/td>\n<\/tr>\n<tr style=\"height: 26px;\">\n<td style=\"width: 60.7821%; height: 26px;\" align=\"left\" height=\"21\"><b>Venekeelsed ajakirjad<\/b><\/td>\n<td style=\"width: 35.5972%; height: 26px;\" align=\"left\" height=\"21\">&nbsp;<\/td>\n<\/tr>\n<tr style=\"height: 26px;\">\n<td style=\"width: 60.7821%; height: 26px;\">1000 \u0441\u043e\u0432\u0435\u0442\u043e\u0432<\/td>\n<td style=\"width: 35.5972%; height: 26px;\">Lugemissaal<\/td>\n<\/tr>\n<tr style=\"height: 26px;\">\n<td style=\"width: 60.7821%; height: 26px;\">1000 \u0441\u043e\u0432\u0435\u0442\u043e\u0432 \u0434\u0430\u0447\u043d\u0438\u043a\u0443<\/td>\n<td style=\"width: 35.5972%; height: 26px;\">Lugemissaal<\/td>\n<\/tr>\n<tr style=\"height: 26px;\">\n<td style=\"width: 60.7821%; height: 26px;\">Jana Luxury<\/td>\n<td style=\"width: 35.5972%; height: 26px;\">Lugemissaal<\/td>\n<\/tr>\n<tr style=\"height: 26px;\">\n<td style=\"width: 60.7821%; height: 26px;\">\u0410\u0437\u0431\u0443\u043a\u0430 \u0437\u0434\u043e\u0440\u043e\u0432\u044c\u044f<\/td>\n<td style=\"width: 35.5972%; height: 26px;\">Lugemissaal<\/td>\n<\/tr>\n<tr style=\"height: 26px;\">\n<td style=\"width: 60.7821%; height: 26px;\">\u0411\u0430\u0431\u0443\u0448\u043a\u0430 \u0446\u0435\u043b\u0438\u0442\u0435\u043b\u044c\u043d\u0438\u0446\u0430<\/td>\n<td style=\"width: 35.5972%; height: 26px;\">Lugemissaal<\/td>\n<\/tr>\n<tr style=\"height: 26px;\">\n<td style=\"width: 60.7821%; height: 26px;\">Lilit<\/td>\n<td style=\"width: 35.5972%; height: 26px;\">Lugemissaal<\/td>\n<\/tr>\n<tr style=\"height: 26px;\">\n<td style=\"width: 60.7821%; height: 26px;\">\u041e\u0434\u043d\u0430\u043a\u043e, \u0436\u0438\u0437\u043d\u044c!<\/td>\n<td style=\"width: 35.5972%; height: 26px;\">Lugemissaal<\/td>\n<\/tr>\n<tr style=\"height: 26px;\">\n<td style=\"width: 60.7821%; height: 26px;\">\u0421\u0435\u043c\u0435\u0440\u043e \u0441 \u043b\u043e\u0436\u043a\u043e\u0439<\/td>\n<td style=\"width: 35.5972%; height: 26px;\">Lugemissaal<\/td>\n<\/tr>\n<tr style=\"height: 26px;\">\n<td style=\"width: 60.7821%; height: 26px;\">&nbsp;<\/td>\n<td style=\"width: 35.5972%; height: 26px;\">&nbsp;<\/td>\n<\/tr>\n<tr style=\"height: 26px;\">\n<td style=\"width: 60.7821%; height: 26px;\"><strong>V\u00f5\u00f5rkeelsed ajakirjad<\/strong><\/td>\n<td style=\"width: 35.5972%; height: 26px;\">&nbsp;<\/td>\n<\/tr>\n<tr style=\"height: 26px;\">\n<td style=\"width: 60.7821%; height: 26px;\">Burda (ENG)<\/td>\n<td style=\"width: 35.5972%; height: 26px;\">Lugemissaal<\/td>\n<\/tr>\n<tr style=\"height: 26px;\">\n<td style=\"width: 60.7821%; height: 26px;\">Food and Travel<\/td>\n<td style=\"width: 35.5972%; height: 26px;\">Lugemissaal<\/td>\n<\/tr>\n<tr>\n<td style=\"width: 60.7821%;\">Ideal Home<\/td>\n<td style=\"width: 35.5972%;\">Lugemissaal<\/td>\n<\/tr>\n<tr>\n<td style=\"width: 60.7821%;\">Kitchen, Bedrooms &amp; Bathrooms<\/td>\n<td style=\"width: 35.5972%;\">Lugemissaal<\/td>\n<\/tr>\n<tr>\n<td style=\"width: 60.7821%;\">Olive<\/td>\n<td style=\"width: 35.5972%;\">Lugemissaal<\/td>\n<\/tr>\n<tr style=\"height: 26px;\">\n<td style=\"width: 60.7821%; height: 26px;\">Period Living<\/td>\n<td style=\"width: 35.5972%; height: 26px;\">Lugemissaal<\/td>\n<\/tr>\n<tr style=\"height: 26px;\">\n<td style=\"width: 60.7821%; height: 26px;\">Homes &amp; Gardens British<\/td>\n<td style=\"width: 35.5972%; height: 26px;\">Lugemissaal<\/td>\n<\/tr>\n<tr style=\"height: 26px;\">\n<td style=\"width: 60.7821%; height: 26px;\">&nbsp;<\/td>\n<td style=\"width: 35.5972%; height: 26px;\">&nbsp;<\/td>\n<\/tr>\n<tr style=\"height: 26px;\">\n<td style=\"width: 60.7821%; height: 26px;\"><strong>Laste- ja noorteajakirjad<\/strong><\/td>\n<td style=\"width: 35.5972%; height: 26px;\">&nbsp;<\/td>\n<\/tr>\n<tr style=\"height: 26px;\">\n<td style=\"width: 60.7821%; height: 26px;\">Hea laps<\/td>\n<td style=\"width: 35.5972%; height: 26px;\">Lasteosakond<\/td>\n<\/tr>\n<tr style=\"height: 26px;\">\n<td style=\"width: 60.7821%; height: 26px;\">Jussikese nupuvihik<\/td>\n<td style=\"width: 35.5972%; height: 26px;\">Lasteosakond<\/td>\n<\/tr>\n<tr style=\"height: 26px;\">\n<td style=\"width: 60.7821%; height: 26px;\">Miki Hiir<\/td>\n<td style=\"width: 35.5972%; height: 26px;\">Lasteosakond<\/td>\n<\/tr>\n<tr style=\"height: 26px;\">\n<td style=\"width: 60.7821%; height: 26px;\">T\u00e4heke<\/td>\n<td style=\"width: 35.5972%; height: 26px;\">Lasteosakond<\/td>\n<\/tr>\n<tr style=\"height: 26px;\">\n<td style=\"width: 60.7821%; height: 26px;\">&nbsp;<\/td>\n<td style=\"width: 35.5972%; height: 26px;\">&nbsp;<\/td>\n<\/tr>\n<tr style=\"height: 26px;\">\n<td style=\"width: 60.7821%; height: 26px;\"><strong>Digiv\u00e4ljaanded<\/strong><\/td>\n<td style=\"width: 35.5972%; height: 26px;\">&nbsp;<\/td>\n<\/tr>\n<tr style=\"height: 26px;\">\n<td style=\"width: 60.7821%; height: 26px;\">Delfi \u00c4ripakett<\/td>\n<td style=\"width: 35.5972%; height: 26px;\">Lugemissaal<\/td>\n<\/tr>\n<tr style=\"height: 26px;\">\n<td style=\"width: 60.7821%; height: 26px;\">Imeline Ajalugu<\/td>\n<td style=\"width: 35.5972%; height: 26px;\">Lugemissaal<\/td>\n<\/tr>\n<tr style=\"height: 26px;\">\n<td style=\"width: 60.7821%; height: 26px;\">Imeline Teadus<\/td>\n<td style=\"width: 35.5972%; height: 26px;\">Lugemissaal<\/td>\n<\/tr>\n<tr style=\"height: 26px;\">\n<td style=\"width: 60.7821%; height: 26px;\">Postimees Digipakett<\/td>\n<td style=\"width: 35.5972%; height: 26px;\">Lugemissaal<\/td>\n<\/tr>\n<tr style=\"height: 26px;\">\n<td style=\"width: 60.7821%; height: 26px;\">P\u00f5hjarannik + \u0421\u0435\u0432\u0435\u0440\u043d\u043e\u0435 \u041f\u043e\u0431\u0435\u0440\u0435\u0436\u044c\u0435<\/td>\n<td style=\"width: 35.5972%; height: 26px;\">Lugemissaal<\/td>\n<\/tr>\n<tr style=\"height: 26px;\">\n<td style=\"width: 60.7821%; height: 26px;\">\u00c4rip\u00e4eva PRO pakett<\/td>\n<td style=\"width: 35.5972%; height: 26px;\">Lugemissaal<\/td>\n<\/tr>\n<tr>\n<td style=\"width: 60.7821%;\">\u0414\u0435\u043b\u043e\u0432\u044b\u0435 \u0432\u0435\u0434\u043e\u043c\u043e\u0441\u0442\u0438<\/td>\n<td style=\"width: 35.5972%;\">Lugemissaal<\/td>\n<\/tr>\n<\/tbody>\n<\/table>\n","protected":false},"excerpt":{"rendered":"<p>K\u00f5iki ajakirju ja n\u00e4dalalehti saab ka koju laenutada (v.a viimast numbrit). Jooksva aasta numbreid laenutatakse 8 p\u00e4evaks, varasemaid numbreid &#8211; 21 p\u00e4evaks. Ajakirju s\u00e4ilitame \u00fcldjuhul viimased kolm aastat. T\u00e4psemat infot ajakirjade leidumuse kohta saate meie raamatukogu elektronkataloogist&nbsp;siit. Ajalehti s\u00e4ilitame \u00fcks aasta. Erandina on pikema s\u00e4ilitusajaga: P\u00f5hjarannik \u2013 alates 1991. aastast &#8220;\u0421\u0435\u0432\u0435\u0440\u043d\u043e\u0435 \u043f\u043e\u0431\u0435\u0440\u0435\u0436\u044c\u0435&#8221; \u2013 alates 1992. [&hellip;]<\/p>\n","protected":false},"author":2,"featured_media":0,"parent":0,"menu_order":0,"comment_status":"closed","ping_status":"closed","template":"","meta":{"_monsterinsights_skip_tracking":false,"_monsterinsights_sitenote_active":false,"_monsterinsights_sitenote_note":"","_monsterinsights_sitenote_category":0,"ngg_post_thumbnail":0,"footnotes":""},"class_list":["post-79","page","type-page","status-publish","hentry"],"_links":{"self":[{"href":"https:\/\/rk.johvi.ee\/index.php?rest_route=\/wp\/v2\/pages\/79","targetHints":{"allow":["GET"]}}],"collection":[{"href":"https:\/\/rk.johvi.ee\/index.php?rest_route=\/wp\/v2\/pages"}],"about":[{"href":"https:\/\/rk.johvi.ee\/index.php?rest_route=\/wp\/v2\/types\/page"}],"author":[{"embeddable":true,"href":"https:\/\/rk.johvi.ee\/index.php?rest_route=\/wp\/v2\/users\/2"}],"replies":[{"embeddable":true,"href":"https:\/\/rk.johvi.ee\/index.php?rest_route=%2Fwp%2Fv2%2Fcomments&post=79"}],"version-history":[{"count":49,"href":"https:\/\/rk.johvi.ee\/index.php?rest_route=\/wp\/v2\/pages\/79\/revisions"}],"predecessor-version":[{"id":4691,"href":"https:\/\/rk.johvi.ee\/index.php?rest_route=\/wp\/v2\/pages\/79\/revisions\/4691"}],"wp:attachment":[{"href":"https:\/\/rk.johvi.ee\/index.php?rest_route=%2Fwp%2Fv2%2Fmedia&parent=79"}],"curies":[{"name":"wp","href":"https:\/\/api.w.org\/{rel}","templated":true}]}}