{"id":804,"date":"2021-10-28T11:39:14","date_gmt":"2021-10-28T08:39:14","guid":{"rendered":"https:\/\/rk.johvi.ee\/?page_id=804"},"modified":"2023-05-29T16:39:48","modified_gmt":"2023-05-29T13:39:48","slug":"maakonna-raamatukogude-aruanded","status":"publish","type":"page","link":"https:\/\/rk.johvi.ee\/?page_id=804","title":{"rendered":"Maakonna raamatukogude aruanded"},"content":{"rendered":"<p>Ida-Viru maakonna rahvaraamatukogude koondaruannetega saab tutvuda Kultuuriministeeriumi <a href=\"https:\/\/www.kul.ee\/kultuurivaartused-ja-digitaalne-kultuuriparand\/raamatukogud\/rahvaraamatukogud\" target=\"_blank\" rel=\"noopener\">kodulehel<\/a> <a href=\"https:\/\/rk.johvi.ee\/images\/koondaruanne_2017.pdf\"><br \/>\n<\/a><\/p>\n<p>Alutaguse valla rahvaraamatukogude aruanne <a href=\"https:\/\/rk.johvi.ee\/wp-content\/uploads\/2021\/10\/Alutaguse_raamatukogude_aastaaruanne_2020_1.pdf\">2020<\/a><\/p>\n<p><strong>Alutaguse valla raamatukogude varasemad aruanded:&nbsp;<\/strong><br \/>\nAlaj\u00f5e Raamatukogu <a href=\"https:\/\/rk.johvi.ee\/wp-content\/uploads\/2021\/10\/alajoe_2018.pdf\">2018<\/a><br \/>\nIisaku Raamatukogu <a href=\"https:\/\/rk.johvi.ee\/wp-content\/uploads\/2021\/10\/iisaku_2018.pdf\">2018<\/a><br \/>\nKiikla Raamatukogu <a href=\"https:\/\/rk.johvi.ee\/wp-content\/uploads\/2021\/10\/Kiikla_2018.pdf\">2018<\/a><br \/>\nKurem\u00e4e Raamatukogu <a href=\"https:\/\/rk.johvi.ee\/wp-content\/uploads\/2021\/10\/kuremae_2018.pdf\">2018<\/a><br \/>\nKurtna Raamatukogu <a href=\"https:\/\/rk.johvi.ee\/wp-content\/uploads\/2021\/10\/kurtna_2018.pdf\">2018<\/a><br \/>\nM\u00e4etaguse Raamatukogu <a href=\"https:\/\/rk.johvi.ee\/wp-content\/uploads\/2021\/10\/maetaguse_2018.pdf\">2018<\/a><br \/>\nPagari Raamatukogu <a href=\"https:\/\/rk.johvi.ee\/wp-content\/uploads\/2021\/10\/pagari_2018.pdf\">2018<\/a><br \/>\nTudulinna Raamatukogu <a href=\"https:\/\/rk.johvi.ee\/wp-content\/uploads\/2021\/10\/tudulinna_2018.pdf\">2018<\/a><\/p>\n<p>Kivi\u00f5li Linnaraamatukogu <a href=\"https:\/\/rk.johvi.ee\/wp-content\/uploads\/2021\/10\/Kivioli_aastaaruanne_2020_tekstiline.pdf\">2020<\/a><a href=\"https:\/\/rk.johvi.ee\/images\/kivioli_aruanne_2017.pdf\"><br \/>\n<\/a><\/p>\n<p>Kohtla-J\u00e4rve Keskraamatukogu <a href=\"https:\/\/rk.johvi.ee\/wp-content\/uploads\/2021\/10\/Kohtla-Jarve_Keskraamatukogu_aastaaruanne2020.pdf\">2020<\/a><a href=\"https:\/\/rk.johvi.ee\/images\/kohtlajarve_aruanne_2017.pdf\"><br \/>\n<\/a><\/p>\n<p>Kohtla-N\u00f5mme Rahvaraamatukogu <a href=\"https:\/\/rk.johvi.ee\/wp-content\/uploads\/2021\/10\/kohtla-nomme_2018.pdf\">2018<\/a><\/p>\n<p>L\u00fcganuse Valla Raamatukogu <a href=\"https:\/\/rk.johvi.ee\/wp-content\/uploads\/2021\/10\/Luganuse_valla_raamatukogu2020.pdf\">2020<\/a><\/p>\n<p>Maidla Haruraamatukogu <a href=\"https:\/\/rk.johvi.ee\/wp-content\/uploads\/2021\/10\/maidla_2018.pdf\">2018<\/a><a href=\"https:\/\/rk.johvi.ee\/images\/maidla_aruanne_2017.pdf\"><br \/>\n<\/a><\/p>\n<p>Narva Keskraamaukogu <a href=\"https:\/\/rk.johvi.ee\/wp-content\/uploads\/2021\/10\/Narva_Keskraamatukogu_aruanne2020.pdf\">2020<\/a><\/p>\n<p>Narva-J\u00f5esuu Linnaraamatukogu <a href=\"https:\/\/rk.johvi.ee\/wp-content\/uploads\/2021\/10\/Narva-Joesuu_aastaaruanne2020.pdf\">2020<\/a><\/p>\n<p>Olgina Raamatukogu <a href=\"https:\/\/rk.johvi.ee\/wp-content\/uploads\/2021\/10\/olgina_2018.pdf\">2018<\/a><\/p>\n<p>P\u00fcssi Haruraamatukogu <a href=\"https:\/\/rk.johvi.ee\/wp-content\/uploads\/2021\/10\/Pussi_2018.pdf\">2018<\/a><\/p>\n<p>Saka Raamatukogu <a href=\"https:\/\/rk.johvi.ee\/wp-content\/uploads\/2021\/10\/saka_aruanne_2017.pdf\">2017<\/a><a href=\"https:\/\/rk.johvi.ee\/images\/saka_aruanne_2017.pdf\"><br \/>\n<\/a><\/p>\n<p>Sillam\u00e4e Linna Keskraamatukogu <a href=\"https:\/\/rk.johvi.ee\/wp-content\/uploads\/2021\/10\/Sillamae_linna_rahvaraamatukogu_aastaaruanne_2020.pdf\">2020<\/a><\/p>\n<p>Sinim\u00e4e Raamatukogu <a href=\"https:\/\/rk.johvi.ee\/wp-content\/uploads\/2021\/10\/sinimae_2018.pdf\">2018<\/a><a href=\"https:\/\/rk.johvi.ee\/images\/sinimae_aruanne_2017.pdf\"><br \/>\n<\/a><\/p>\n<p>Sonda Raamatukogu <a href=\"https:\/\/rk.johvi.ee\/wp-content\/uploads\/2021\/10\/Sonda_aastaaruanne2020.pdf\">2020<\/a><a href=\"https:\/\/rk.johvi.ee\/images\/sonda_aruanne_2017.pdf\"><br \/>\n<\/a><\/p>\n<p>Soonurme Raamatukogu <a href=\"https:\/\/rk.johvi.ee\/wp-content\/uploads\/2021\/10\/soonurme2015.pdf\">2015<\/a><\/p>\n<p>Tammiku Raamatukogu <a href=\"https:\/\/rk.johvi.ee\/wp-content\/uploads\/2021\/10\/tammiku_2018.pdf\">2018<\/a><a href=\"https:\/\/rk.johvi.ee\/images\/tammiku_aruanne_2017.pdf\"><br \/>\n<\/a><\/p>\n<p>Toila Raamatukogu <a href=\"https:\/\/rk.johvi.ee\/wp-content\/uploads\/2021\/10\/Toila_tegevuse_aruanne_2020.pdf\">2020<\/a><\/p>\n<p>Vaivara Raamatukogu <a href=\"https:\/\/rk.johvi.ee\/wp-content\/uploads\/2021\/10\/vaivara_2018.pdf\">2018<\/a><\/p>\n<p>Voka Raamatukogu <a href=\"https:\/\/rk.johvi.ee\/wp-content\/uploads\/2021\/10\/voka_2018.pdf\">2018<\/a><\/p>\n","protected":false},"excerpt":{"rendered":"<p>Ida-Viru maakonna rahvaraamatukogude koondaruannetega saab tutvuda Kultuuriministeeriumi kodulehel Alutaguse valla rahvaraamatukogude aruanne 2020 Alutaguse valla raamatukogude varasemad aruanded:&nbsp; Alaj\u00f5e Raamatukogu 2018 Iisaku Raamatukogu 2018 Kiikla Raamatukogu 2018 Kurem\u00e4e Raamatukogu 2018 Kurtna Raamatukogu 2018 M\u00e4etaguse Raamatukogu 2018 Pagari Raamatukogu 2018 Tudulinna Raamatukogu 2018 Kivi\u00f5li Linnaraamatukogu 2020 Kohtla-J\u00e4rve Keskraamatukogu 2020 Kohtla-N\u00f5mme Rahvaraamatukogu 2018 L\u00fcganuse Valla Raamatukogu 2020 [&hellip;]<\/p>\n","protected":false},"author":2,"featured_media":0,"parent":0,"menu_order":0,"comment_status":"closed","ping_status":"closed","template":"","meta":{"_monsterinsights_skip_tracking":false,"_monsterinsights_sitenote_active":false,"_monsterinsights_sitenote_note":"","_monsterinsights_sitenote_category":0,"ngg_post_thumbnail":0,"footnotes":""},"class_list":["post-804","page","type-page","status-publish","hentry"],"_links":{"self":[{"href":"https:\/\/rk.johvi.ee\/index.php?rest_route=\/wp\/v2\/pages\/804","targetHints":{"allow":["GET"]}}],"collection":[{"href":"https:\/\/rk.johvi.ee\/index.php?rest_route=\/wp\/v2\/pages"}],"about":[{"href":"https:\/\/rk.johvi.ee\/index.php?rest_route=\/wp\/v2\/types\/page"}],"author":[{"embeddable":true,"href":"https:\/\/rk.johvi.ee\/index.php?rest_route=\/wp\/v2\/users\/2"}],"replies":[{"embeddable":true,"href":"https:\/\/rk.johvi.ee\/index.php?rest_route=%2Fwp%2Fv2%2Fcomments&post=804"}],"version-history":[{"count":3,"href":"https:\/\/rk.johvi.ee\/index.php?rest_route=\/wp\/v2\/pages\/804\/revisions"}],"predecessor-version":[{"id":2289,"href":"https:\/\/rk.johvi.ee\/index.php?rest_route=\/wp\/v2\/pages\/804\/revisions\/2289"}],"wp:attachment":[{"href":"https:\/\/rk.johvi.ee\/index.php?rest_route=%2Fwp%2Fv2%2Fmedia&parent=804"}],"curies":[{"name":"wp","href":"https:\/\/api.w.org\/{rel}","templated":true}]}}