{"id":85,"date":"2020-10-15T13:54:25","date_gmt":"2020-10-15T10:54:25","guid":{"rendered":"https:\/\/rk.johvi.ee\/?page_id=85"},"modified":"2025-03-06T17:37:12","modified_gmt":"2025-03-06T15:37:12","slug":"viited","status":"publish","type":"page","link":"https:\/\/rk.johvi.ee\/?page_id=85","title":{"rendered":"Viited"},"content":{"rendered":"<p><strong>Ajalehed<\/strong><\/p>\n<p><a href=\"http:\/\/pr.pohjarannik.ee\/\" target=\"_blank\" rel=\"noopener noreferrer\">P\u00f5hjarannik<\/a><\/p>\n<p><a href=\"https:\/\/virupanorama.ee\/et\/\" target=\"_blank\" rel=\"noopener\">Panorama<\/a><\/p>\n<p><strong>Riik, kohalikud omavalitsused<\/strong><\/p>\n<p><a href=\"http:\/\/www.eesti.ee\/est\" target=\"_blank\" rel=\"noopener noreferrer\">Eesti.ee<\/a> &#8211; riigiportaal, internetikeskkond suhtlemiseks riigiga, usaldusv\u00e4\u00e4rne info ja e-lahendused kodanikele, ettev\u00f5tjatele ning ametnikele<\/p>\n<p><a href=\"http:\/\/www.id.ee\/\" target=\"_blank\" rel=\"noopener noreferrer\">ID-kaart<\/a><\/p>\n<p><a href=\"https:\/\/ivol.kovtp.ee\/\" target=\"_blank\" rel=\"noopener\">Ida-Virumaa Omavalitsuste Liit<\/a><\/p>\n<p><a href=\"http:\/\/www.johvi.ee\/\" target=\"_blank\" rel=\"noopener noreferrer\">J\u00f5hvi Vallavalitsus<\/a><\/p>\n<p><strong>Seadusandlus<\/strong><\/p>\n<p><a href=\"https:\/\/www.riigiteataja.ee\/\" target=\"_blank\" rel=\"noopener noreferrer\">Elektrooniline Riigi Teataja<\/a> (seaduste, m\u00e4\u00e4ruste ning Vabariigi Valitsuse korralduste terviktekstid)<\/p>\n<p><a href=\"http:\/\/ametlikudteadaanded.ee\/\" target=\"_blank\" rel=\"noopener noreferrer\">Ametlikud teadaanded<\/a><\/p>\n<p><strong>Kultuur<\/strong><\/p>\n<p><a href=\"http:\/\/www.teater.ee\/\" target=\"_blank\" rel=\"noopener noreferrer\">Eesti Teatri Agentuur<\/a><\/p>\n<p><a href=\"http:\/\/www.kultuurikava.ee\/\" target=\"_blank\" rel=\"noopener noreferrer\">Kultuurikava<\/a><\/p>\n<p><a href=\"https:\/\/johvi.concert.ee\/\" target=\"_blank\" rel=\"noopener\">J\u00f5hvi Kontserdimaja<\/a><\/p>\n<p><strong>Kirjandus<\/strong><\/p>\n<p><a href=\"http:\/\/www.ekl.ee\/\" target=\"_blank\" rel=\"noopener noreferrer\">Eesti Kirjanike Liit<\/a><\/p>\n<p><a href=\"http:\/\/www.kirjandus.ee\/\" target=\"_blank\" rel=\"noopener noreferrer\">Eesti Kirjanduse Selts<\/a><\/p>\n<p><a href=\"http:\/\/www.estbook.com\/\" target=\"_blank\" rel=\"noopener noreferrer\">Eesti Kirjastuste Liit<\/a><\/p>\n<p><a href=\"https:\/\/www.rara.ee\/pimedate-raamatukogu\/uudised\/\">Eesti Pimedate Raamatukogu<\/a><\/p>\n<p><a href=\"http:\/\/www.folklore.ee\/\" target=\"_blank\" rel=\"noopener noreferrer\">Eesti Rahvaluule<\/a><\/p>\n<p><a href=\"https:\/\/www.folklore.ee\/ebaas\/\" target=\"_blank\" rel=\"noopener\">Eesti Rahvaluule andmebaasid<\/a><\/p>\n<p><a href=\"https:\/\/utlib.ut.ee\/eeva\/\" target=\"_blank\" rel=\"noopener noreferrer\">EEVA<\/a> (geokultuurilistel alustel koostatud tekstikogu, h\u00f5lmab tekste alates 13. sajandist kuni 19. sajandi keskpaigani)<\/p>\n<p><a href=\"http:\/\/www2.kirmus.ee\/grafo\/\" target=\"_blank\" rel=\"noopener noreferrer\">Grafo<\/a> (digikogu, vanimad eestikeelsed raamatud, kalendrid, teatmeteosed lasteraamatud ja v\u00e4liseesti tr\u00fckised)<\/p>\n<p><a href=\"http:\/\/www.kirjandusjakeel.blogspot.com\/\" target=\"_blank\" rel=\"noopener noreferrer\">Kirjanduse ja keele ajaveeb<\/a><\/p>\n<p><a href=\"https:\/\/kivike.kirmus.ee\/index.php?dok_id=1&amp;module=2&amp;op=\" target=\"_blank\" rel=\"noopener noreferrer\">Kivike<\/a>&nbsp;(Eesti haruldaste raamatute ja k\u00e4sikirjade kogu)<\/p>\n<p><a href=\"http:\/\/read.err.ee\/\" target=\"_blank\" rel=\"noopener noreferrer\">Loetud read<\/a>&nbsp;on&nbsp;Eesti Rahvusringh\u00e4\u00e4lingu&nbsp;ja&nbsp;MT\u00dc HeadRead&nbsp;koost\u00f6\u00f6s ERR-i veebi osana valminud veebikeskkond, milles avaldatud videol\u00f5ikudes loevad Eesti kirjanikud ja t\u00f5lkijad ette katkendeid oma teostest<\/p>\n<p><strong>Muusika<\/strong><\/p>\n<p><a href=\"http:\/\/www.luts.ee\/emky\/\" target=\"_blank\" rel=\"noopener noreferrer\">Eesti Muusikakogude \u00dchendus<\/a><\/p>\n<p><a href=\"http:\/\/www.emic.ee\/\" target=\"_blank\" rel=\"noopener noreferrer\">Eesti Muusika Infokeskus<\/a><\/p>\n<p><a href=\"http:\/\/www.eau.org\/\" target=\"_blank\" rel=\"noopener noreferrer\">Eesti Autorite \u00dching<\/a><\/p>\n<p><a href=\"http:\/\/helilooja.ee\/\" target=\"_blank\" rel=\"noopener noreferrer\">Eesti Heliloojate Liit<\/a><\/p>\n<p><strong>Kunst<\/strong><\/p>\n<p><a href=\"http:\/\/kumu.ee\/\" target=\"_blank\" rel=\"noopener noreferrer\">Eesti Kunstimuuseum KUMU<\/a><\/p>\n<p><a href=\"http:\/\/digikogu.ekm.ee\/\" target=\"_blank\" rel=\"noopener noreferrer\">Eesti Kunstimuuseumi digitaalkogu<\/a><\/p>\n<p><strong>S\u00f5nastikud, keelen\u00f5u<\/strong><\/p>\n<p><a href=\"http:\/\/portaal.eki.ee\/sonaraamatud.html\" target=\"_blank\" rel=\"noopener noreferrer\">Eesti Keele Instituudi s\u00f5nastikud<\/a><\/p>\n<p><a href=\"http:\/\/eki.ee\/keeleabi\/\" target=\"_blank\" rel=\"noopener noreferrer\">Keelen\u00f5uanne<\/a> (EKI keeleabi, vastatakse nii meili kui telefoni teel)<\/p>\n<p><strong>Ajalugu, arhiivid, muuseumid<\/strong><\/p>\n<p><a href=\"http:\/\/www.folklore.ee\/berta\/\" target=\"_blank\" rel=\"noopener noreferrer\">BERTA<\/a>&nbsp;\u2013 Eesti Rahvakalendri t\u00e4htp\u00e4evade andmebaas<\/p>\n<p><a href=\"http:\/\/www.muuseum.ee\/\" target=\"_blank\" rel=\"noopener noreferrer\">Eesti Muuseumi\u00fching<\/a><\/p>\n<p><a href=\"http:\/\/www.erm.ee\/\" target=\"_blank\" rel=\"noopener noreferrer\">Eesti Rahva Muuseum<\/a><\/p>\n<p><a href=\"http:\/\/ra.ee\/\" target=\"_blank\" rel=\"noopener noreferrer\">Eesti Rahvusarhiiv<\/a><\/p>\n<p><a href=\"http:\/\/ais.ra.ee\/\" target=\"_blank\" rel=\"noopener noreferrer\">Arhiivi Infos\u00fcsteem AIS<\/a><\/p>\n<p><a href=\"http:\/\/www.ra.ee\/kaardid\/\" target=\"_blank\" rel=\"noopener noreferrer\">Rahvusarhiivi kaartide infos\u00fcsteem<\/a><\/p>\n<p><a href=\"http:\/\/www.ra.ee\/dgs\/explorer.php\" target=\"_blank\" rel=\"noopener noreferrer\">SAAGA<\/a>&nbsp;\u2013 Rahvusarhiivi digiteeritud arhiiviallikad<\/p>\n<p><a href=\"http:\/\/kaevandusmuuseum.ee\/\" target=\"_blank\" rel=\"noopener noreferrer\">Eesti Kaevandusmuuseum<\/a><\/p>\n<p><a href=\"http:\/\/www.pkm.ee\/\" target=\"_blank\" rel=\"noopener noreferrer\">Kohtla-J\u00e4rve P\u00f5levkivimuuseum<\/a><\/p>\n<p><a href=\"http:\/\/johvimuuseum.ee\/\" target=\"_blank\" rel=\"noopener noreferrer\">J\u00f5hvi Muuseum<\/a><\/p>\n<p><a href=\"http:\/\/www.iisakumuuseum.ee\/\" target=\"_blank\" rel=\"noopener noreferrer\">Iisaku Kihelkonna Muuseum<\/a><\/p>\n<p><a href=\"http:\/\/www.bioneer.ee\/\" target=\"_blank\" rel=\"noopener noreferrer\">Bioneer <\/a>&#8211; Eesti esimene rohelise elustiili portaal<\/p>\n<p><a href=\"http:\/\/www.elfond.ee\/\" target=\"_blank\" rel=\"noopener noreferrer\">Eestimaa Looduse Fond<\/a><\/p>\n<p><a href=\"http:\/\/elurikkus.ut.ee\/\" target=\"_blank\" rel=\"noopener noreferrer\">eElurikkus <\/a>&#8211; Eesti looduse andmed \u00fches portaalis<\/p>\n<p><strong>Lastele, noortele<\/strong><\/p>\n<p><a href=\"http:\/\/www.luts.ee\/arkaadia\/?q=avaleht\" target=\"_blank\" rel=\"noopener noreferrer\">Arkaadia<\/a>&nbsp;\u2013 lasteluule andmebaas (koostatud Tartu linnaraamatukogu kogude p\u00f5hjal)<\/p>\n<p><a href=\"http:\/\/www.johvikunstikool.ee\/\" target=\"_blank\" rel=\"noopener noreferrer\">J\u00f5hvi Kunstikool<\/a><\/p>\n<p><a href=\"http:\/\/www.huvikeskus.info\/\" target=\"_blank\" rel=\"noopener noreferrer\">J\u00f5hvi Kultuuri- ja Huvikeskus<\/a><\/p>\n","protected":false},"excerpt":{"rendered":"<p>Ajalehed P\u00f5hjarannik Panorama Riik, kohalikud omavalitsused Eesti.ee &#8211; riigiportaal, internetikeskkond suhtlemiseks riigiga, usaldusv\u00e4\u00e4rne info ja e-lahendused kodanikele, ettev\u00f5tjatele ning ametnikele ID-kaart Ida-Virumaa Omavalitsuste Liit J\u00f5hvi Vallavalitsus Seadusandlus Elektrooniline Riigi Teataja (seaduste, m\u00e4\u00e4ruste ning Vabariigi Valitsuse korralduste terviktekstid) Ametlikud teadaanded Kultuur Eesti Teatri Agentuur Kultuurikava J\u00f5hvi Kontserdimaja Kirjandus Eesti Kirjanike Liit Eesti Kirjanduse Selts Eesti Kirjastuste [&hellip;]<\/p>\n","protected":false},"author":2,"featured_media":0,"parent":0,"menu_order":0,"comment_status":"closed","ping_status":"closed","template":"","meta":{"_monsterinsights_skip_tracking":false,"_monsterinsights_sitenote_active":false,"_monsterinsights_sitenote_note":"","_monsterinsights_sitenote_category":0,"ngg_post_thumbnail":0,"footnotes":""},"class_list":["post-85","page","type-page","status-publish","hentry"],"_links":{"self":[{"href":"https:\/\/rk.johvi.ee\/index.php?rest_route=\/wp\/v2\/pages\/85","targetHints":{"allow":["GET"]}}],"collection":[{"href":"https:\/\/rk.johvi.ee\/index.php?rest_route=\/wp\/v2\/pages"}],"about":[{"href":"https:\/\/rk.johvi.ee\/index.php?rest_route=\/wp\/v2\/types\/page"}],"author":[{"embeddable":true,"href":"https:\/\/rk.johvi.ee\/index.php?rest_route=\/wp\/v2\/users\/2"}],"replies":[{"embeddable":true,"href":"https:\/\/rk.johvi.ee\/index.php?rest_route=%2Fwp%2Fv2%2Fcomments&post=85"}],"version-history":[{"count":33,"href":"https:\/\/rk.johvi.ee\/index.php?rest_route=\/wp\/v2\/pages\/85\/revisions"}],"predecessor-version":[{"id":3747,"href":"https:\/\/rk.johvi.ee\/index.php?rest_route=\/wp\/v2\/pages\/85\/revisions\/3747"}],"wp:attachment":[{"href":"https:\/\/rk.johvi.ee\/index.php?rest_route=%2Fwp%2Fv2%2Fmedia&parent=85"}],"curies":[{"name":"wp","href":"https:\/\/api.w.org\/{rel}","templated":true}]}}