{"id":881,"date":"2021-10-29T10:49:18","date_gmt":"2021-10-29T07:49:18","guid":{"rendered":"https:\/\/rk.johvi.ee\/?page_id=881"},"modified":"2023-05-30T15:56:43","modified_gmt":"2023-05-30T12:56:43","slug":"taiendkoolitus","status":"publish","type":"page","link":"https:\/\/rk.johvi.ee\/?page_id=881","title":{"rendered":"T\u00e4iendkoolitus"},"content":{"rendered":"<p><strong><em>J\u00f5hvi Keskraamatukogu korraldatud koolitused 2022<\/em><\/strong><\/p>\n<table style=\"border-collapse: collapse; width: 91.8953%; height: 289px;\">\n<tbody>\n<tr style=\"height: 26px;\">\n<td style=\"width: 19.2362%; height: 26px; text-align: left;\"><strong>Koolituse aeg<\/strong><\/td>\n<td style=\"width: 30.7638%; height: 26px; text-align: left;\"><strong>Koolituse teema<\/strong><\/td>\n<td style=\"width: 18.7561%; height: 26px; text-align: left;\"><strong>Koolitaja<\/strong><\/td>\n<td style=\"width: 25.454%; height: 26px; text-align: left;\"><strong>Koolituse maht\/<\/strong><br \/>\n<strong>kestus<\/strong><\/td>\n<\/tr>\n<tr style=\"height: 53px;\">\n<td style=\"width: 19.2362%; height: 53px;\">28.01.2022<\/td>\n<td style=\"width: 30.7638%; height: 53px;\">Talveseminar rahvaraamatukogudele<\/td>\n<td style=\"width: 18.7561%; height: 53px;\">J\u00f5hvi KRK<\/td>\n<td style=\"width: 25.454%; height: 53px;\">4 ak t<\/td>\n<\/tr>\n<tr style=\"height: 26px;\">\n<td style=\"width: 19.2362%; height: 26px;\">29.04.2022<\/td>\n<td style=\"width: 30.7638%; height: 26px;\">\u00d5ppep\u00e4ev. R. Veidemanni loeng<\/td>\n<td style=\"width: 18.7561%; height: 26px;\">J\u00f5hvi KRK<\/td>\n<td style=\"width: 25.454%; height: 26px;\">4 ak t<\/td>\n<\/tr>\n<tr style=\"height: 79px;\">\n<td style=\"width: 19.2362%; height: 79px;\">27.05.2022<\/td>\n<td style=\"width: 30.7638%; height: 79px;\">\u00d5ppes\u00f5it Underi ja Tuglase majamuuseumi. Viimsi raamatukogu k\u00fclastamine.<\/td>\n<td style=\"width: 18.7561%; height: 79px;\">J\u00f5hvi KRK&nbsp;<\/td>\n<td style=\"width: 25.454%; height: 79px;\">7 ak t<\/td>\n<\/tr>\n<tr style=\"height: 26px;\">\n<td style=\"width: 19.2362%; height: 26px;\">30.09.2022<\/td>\n<td style=\"width: 30.7638%; height: 26px;\">Raksed kohad lausestuses<\/td>\n<td style=\"width: 18.7561%; height: 26px;\">EKI&nbsp;<\/td>\n<td style=\"width: 25.454%; height: 26px;\">4 ak t<\/td>\n<\/tr>\n<tr style=\"height: 53px;\">\n<td style=\"width: 19.2362%; height: 53px;\">05.10.2022<\/td>\n<td style=\"width: 30.7638%; height: 53px;\">S\u00fcgisseminar rahvaraamatukogudele<\/td>\n<td style=\"width: 18.7561%; height: 53px;\">J\u00f5hvi KRK<\/td>\n<td style=\"width: 25.454%; height: 53px;\">25 ak t<\/td>\n<\/tr>\n<tr style=\"height: 26px;\">\n<td style=\"width: 19.2362%; height: 26px;\">09.11.2022<\/td>\n<td style=\"width: 30.7638%; height: 26px;\">Lastekirjanduse erialap\u00e4ev<\/td>\n<td style=\"width: 18.7561%; height: 26px;\">Eesti Lastekirjanduse Keskus<\/td>\n<td style=\"width: 25.454%; height: 26px;\">20 ak t<\/td>\n<\/tr>\n<tr>\n<td style=\"width: 19.2362%;\">25.11.2022<\/td>\n<td style=\"width: 30.7638%;\">Korrektne ametikeel<\/td>\n<td style=\"width: 18.7561%;\">EKI&nbsp;<\/td>\n<td style=\"width: 25.454%;\">4 ak t<\/td>\n<\/tr>\n<\/tbody>\n<\/table>\n<p>Koolitused <a href=\"http:\/\/rk.johvi.ee\/wp-content\/uploads\/2023\/05\/Raamatukogu-taiendkoolitused-2021.pdf\" target=\"_blank\" rel=\"noopener\">2021<\/a>, <a href=\"https:\/\/rk.johvi.ee\/wp-content\/uploads\/2021\/10\/Taiendkoolitus_2020.pdf\">2020<\/a>,&nbsp;<a href=\"https:\/\/rk.johvi.ee\/wp-content\/uploads\/2021\/10\/taiendkoolitused_2019.pdf\">2019<\/a>,&nbsp;<a href=\"https:\/\/rk.johvi.ee\/wp-content\/uploads\/2021\/10\/Koolitused_2018.pdf\">2018<\/a>,&nbsp;<a href=\"https:\/\/rk.johvi.ee\/wp-content\/uploads\/2021\/10\/2017_koolitused.pdf\">2017<\/a>,&nbsp;<a href=\"https:\/\/rk.johvi.ee\/wp-content\/uploads\/2021\/10\/taiendkoolitus_2016.pdf\">2016<\/a><\/p>\n","protected":false},"excerpt":{"rendered":"<p>J\u00f5hvi Keskraamatukogu korraldatud koolitused 2022 Koolituse aeg Koolituse teema Koolitaja Koolituse maht\/ kestus 28.01.2022 Talveseminar rahvaraamatukogudele J\u00f5hvi KRK 4 ak t 29.04.2022 \u00d5ppep\u00e4ev. R. Veidemanni loeng J\u00f5hvi KRK 4 ak t 27.05.2022 \u00d5ppes\u00f5it Underi ja Tuglase majamuuseumi. Viimsi raamatukogu k\u00fclastamine. J\u00f5hvi KRK&nbsp; 7 ak t 30.09.2022 Raksed kohad lausestuses EKI&nbsp; 4 ak t 05.10.2022 S\u00fcgisseminar [&hellip;]<\/p>\n","protected":false},"author":2,"featured_media":0,"parent":0,"menu_order":0,"comment_status":"closed","ping_status":"closed","template":"","meta":{"_monsterinsights_skip_tracking":false,"_monsterinsights_sitenote_active":false,"_monsterinsights_sitenote_note":"","_monsterinsights_sitenote_category":0,"ngg_post_thumbnail":0,"footnotes":""},"class_list":["post-881","page","type-page","status-publish","hentry"],"_links":{"self":[{"href":"https:\/\/rk.johvi.ee\/index.php?rest_route=\/wp\/v2\/pages\/881","targetHints":{"allow":["GET"]}}],"collection":[{"href":"https:\/\/rk.johvi.ee\/index.php?rest_route=\/wp\/v2\/pages"}],"about":[{"href":"https:\/\/rk.johvi.ee\/index.php?rest_route=\/wp\/v2\/types\/page"}],"author":[{"embeddable":true,"href":"https:\/\/rk.johvi.ee\/index.php?rest_route=\/wp\/v2\/users\/2"}],"replies":[{"embeddable":true,"href":"https:\/\/rk.johvi.ee\/index.php?rest_route=%2Fwp%2Fv2%2Fcomments&post=881"}],"version-history":[{"count":9,"href":"https:\/\/rk.johvi.ee\/index.php?rest_route=\/wp\/v2\/pages\/881\/revisions"}],"predecessor-version":[{"id":2319,"href":"https:\/\/rk.johvi.ee\/index.php?rest_route=\/wp\/v2\/pages\/881\/revisions\/2319"}],"wp:attachment":[{"href":"https:\/\/rk.johvi.ee\/index.php?rest_route=%2Fwp%2Fv2%2Fmedia&parent=881"}],"curies":[{"name":"wp","href":"https:\/\/api.w.org\/{rel}","templated":true}]}}