{"id":91,"date":"2020-10-15T13:59:03","date_gmt":"2020-10-15T10:59:03","guid":{"rendered":"https:\/\/rk.johvi.ee\/?page_id=91"},"modified":"2022-04-18T15:54:53","modified_gmt":"2022-04-18T12:54:53","slug":"91-2","status":"publish","type":"page","link":"https:\/\/rk.johvi.ee\/?page_id=91","title":{"rendered":"Kodulugu"},"content":{"rendered":"<p>Lugemissaalis saab tutvuda koduloofondiga, mis sisaldab kirjandust J\u00f5hvi linna ja Ida-Virumaa kohta (ajalugu, loodus, muusika, haridus, kirjandus jne).<\/p>\n<p><strong>Sinna kuulub:<\/strong><br \/>\n* Kodulooline raamatufond<br \/>\n* Maakondliku ajalehe aastak\u00e4igud (alates 1990-a)<br \/>\n* J\u00f5hvi Vallavalitsuse ja Vallavolikogu protokollid, otsused, m\u00e4\u00e4rused<\/p>\n<p><strong>Materjale Ida-Virumaa kohta erinevates andmebaasides:<\/strong><br \/>\n* Koduloolisi raamatuid leiab raamatukogude andmebaasist&nbsp;<a href=\"http:\/\/www.lugeja.ee\/\" target=\"_blank\" rel=\"noopener noreferrer\">Urram<\/a><br \/>\n*&nbsp;16 Eesti suurema raamatukogu \u00fchiskataloogist&nbsp;<a href=\"http:\/\/www.ester.ee\/\" target=\"_blank\" rel=\"noopener noreferrer\">ESTER<\/a><br \/>\n* Artikleid ajalehtedest, ajakirjadest, kogumikest andmebaasist&nbsp;<a href=\"http:\/\/www.kodulugu.ee\/\" target=\"_blank\" rel=\"noopener noreferrer\">Kodulugu<\/a><br \/>\n* T\u00e4istekstidena artikleid andmebaasis&nbsp;<a href=\"http:\/\/dea.digar.ee\/cgi-bin\/dea\" target=\"_blank\" rel=\"noopener noreferrer\">Digar Eesti Ajalehed<\/a><br \/>\n* Andmebaas&nbsp;<a href=\"http:\/\/dea.nlib.ee\/\" target=\"_blank\" rel=\"noopener noreferrer\">DEA<\/a>, kus saab lugeda Ida-Virumaal ilmunud ajalehti aastaist 1821 &#8211; 1944&nbsp;t\u00e4istekstidena:<br \/>\nAlutaguse Elu : J\u00f5hvi ja Alutaguse h\u00e4\u00e4lekandja (J\u00f5hvi : 1930-1933)<br \/>\nEestlane (Narva : 1906)<br \/>\nIlmarine (Narva : 1911-1912)<br \/>\nKaja kirjandusline lisa (Narva : 1909-1911)<br \/>\nKaja lisaleht (Narva : 1907-1909)<br \/>\nMeie Elu (Narva : 1907-1918)<br \/>\nNarova (Narva : 1922)<br \/>\nNarva Elu (Narva : 1914-1915)<br \/>\nNarva Kiir (Narva : 1913)<br \/>\nNarva Uudised (Narva : 1911)<br \/>\nNarvan Sanomat (Narva : 1919)<br \/>\nNarva Postimees (Narva : 1927-1929)<\/p>\n<p>* Tr\u00fckised, fotomaterjal, digitaalses arhiivis&nbsp;<a href=\"http:\/\/www.digar.ee\/arhiiv\" target=\"_blank\" rel=\"noopener noreferrer\">Digar<\/a><\/p>\n<p>Huvitavat meie maakonna kohta Internetis:<br \/>\n* Ida-Virumaa kirikud&nbsp;<a href=\"http:\/\/kirikud.muinas.ee\/index.php?page=nimekiri\" target=\"_blank\" rel=\"noopener noreferrer\">http:\/\/kirikud.muinas.ee\/<\/a><br \/>\n* Virumaa <a href=\"http:\/\/www.virumaa.ee\/\" target=\"_blank\" rel=\"noopener noreferrer\">http:\/\/www.virumaa.ee\/<\/a><br \/>\n* Turismiportaal&nbsp;<a href=\"http:\/\/idaviru.ee\/\" target=\"_blank\" rel=\"noopener noreferrer\">http:\/\/idaviru.ee\/<\/a><\/p>\n","protected":false},"excerpt":{"rendered":"<p>Lugemissaalis saab tutvuda koduloofondiga, mis sisaldab kirjandust J\u00f5hvi linna ja Ida-Virumaa kohta (ajalugu, loodus, muusika, haridus, kirjandus jne). Sinna kuulub: * Kodulooline raamatufond * Maakondliku ajalehe aastak\u00e4igud (alates 1990-a) * J\u00f5hvi Vallavalitsuse ja Vallavolikogu protokollid, otsused, m\u00e4\u00e4rused Materjale Ida-Virumaa kohta erinevates andmebaasides: * Koduloolisi raamatuid leiab raamatukogude andmebaasist&nbsp;Urram *&nbsp;16 Eesti suurema raamatukogu \u00fchiskataloogist&nbsp;ESTER * Artikleid [&hellip;]<\/p>\n","protected":false},"author":2,"featured_media":0,"parent":0,"menu_order":0,"comment_status":"closed","ping_status":"closed","template":"","meta":{"_monsterinsights_skip_tracking":false,"_monsterinsights_sitenote_active":false,"_monsterinsights_sitenote_note":"","_monsterinsights_sitenote_category":0,"ngg_post_thumbnail":0,"footnotes":""},"class_list":["post-91","page","type-page","status-publish","hentry"],"_links":{"self":[{"href":"https:\/\/rk.johvi.ee\/index.php?rest_route=\/wp\/v2\/pages\/91","targetHints":{"allow":["GET"]}}],"collection":[{"href":"https:\/\/rk.johvi.ee\/index.php?rest_route=\/wp\/v2\/pages"}],"about":[{"href":"https:\/\/rk.johvi.ee\/index.php?rest_route=\/wp\/v2\/types\/page"}],"author":[{"embeddable":true,"href":"https:\/\/rk.johvi.ee\/index.php?rest_route=\/wp\/v2\/users\/2"}],"replies":[{"embeddable":true,"href":"https:\/\/rk.johvi.ee\/index.php?rest_route=%2Fwp%2Fv2%2Fcomments&post=91"}],"version-history":[{"count":6,"href":"https:\/\/rk.johvi.ee\/index.php?rest_route=\/wp\/v2\/pages\/91\/revisions"}],"predecessor-version":[{"id":4697,"href":"https:\/\/rk.johvi.ee\/index.php?rest_route=\/wp\/v2\/pages\/91\/revisions\/4697"}],"wp:attachment":[{"href":"https:\/\/rk.johvi.ee\/index.php?rest_route=%2Fwp%2Fv2%2Fmedia&parent=91"}],"curies":[{"name":"wp","href":"https:\/\/api.w.org\/{rel}","templated":true}]}}